{"id":8398,"date":"2021-03-10T01:22:04","date_gmt":"2021-03-10T00:22:04","guid":{"rendered":"https:\/\/keune.ba\/?page_id=8398"},"modified":"2021-06-30T11:31:11","modified_gmt":"2021-06-30T09:31:11","slug":"kolacici","status":"publish","type":"page","link":"https:\/\/keune.ba\/webshop\/kolacici\/","title":{"rendered":"Kola\u010di\u0107i"},"content":{"rendered":"\t\t<div data-elementor-type=\"wp-page\" data-elementor-id=\"8398\" class=\"elementor elementor-8398\">\n\t\t\t\t\t\t<section class=\"elementor-section elementor-top-section elementor-element elementor-element-6c8ed7a9 elementor-section-boxed elementor-section-height-default elementor-section-height-default wd-section-disabled\" data-id=\"6c8ed7a9\" data-element_type=\"section\" data-e-type=\"section\">\n\t\t\t\t\t\t<div class=\"elementor-container elementor-column-gap-default\">\n\t\t\t\t\t<div class=\"elementor-column elementor-col-100 elementor-top-column elementor-element elementor-element-1b15a72f\" data-id=\"1b15a72f\" data-element_type=\"column\" data-e-type=\"column\">\n\t\t\t<div class=\"elementor-widget-wrap elementor-element-populated\">\n\t\t\t\t\t\t<div class=\"elementor-element elementor-element-2bba9f36 color-scheme-inherit text-left elementor-widget elementor-widget-text-editor\" data-id=\"2bba9f36\" data-element_type=\"widget\" data-e-type=\"widget\" data-widget_type=\"text-editor.default\">\n\t\t\t\t<div class=\"elementor-widget-container\">\n\t\t\t\t\t\t\t\t\t\n<p>Kola\u010di\u0107i su male tekstualne datoteke koje su smje\u0161tene na Va\u0161em kompjuteru od strane web stranica koje posje\u0107ujete. Oni se \u0161iroko koriste kako bi se omogu\u0107ilo \u0161to efikasnije djelovanje web stranica, kao i da bi pru\u017eili web usluge i pogodnosti za korisnike. Druge tehnologije, uklju\u010duju\u0107i podatke koje spremamo na Va\u0161 pretra\u017eiva\u010d ili ure\u0111aj koriste se za sli\u010dne svrhe. Sve te tehnologije ovdje nazivamo \u201ckola\u010di\u0107ima\u201d.<\/p>\n<p>Kola\u010di\u0107i mogu biti trajni ili privremeni. Trajni kola\u010di\u0107 se sastoji od tekstualne datoteke koja mo\u017ee biti pohranjena lokalno na Va\u0161em ure\u0111aju ili poslana od web servera web pretra\u017eiva\u010du, koju \u0107e ure\u0111aj pretra\u017eiva\u010d pohraniti i zapamtiti do trenutka isteka, osim ako nije izbrisana od strane korisnika prije isteka. Privremeni kola\u010di\u0107 isti\u010de nakon svakog Va\u0161eg boravka na web stranici, odnosno nakon zatvaranja pretra\u017eiva\u010da ili ga\u0161enja aplikacije.<\/p>\n<p>Kola\u010di\u0107i ne sadr\u017ee informacije koje Vas li\u010dno identificiraju, ali li\u010dni podaci koje Kontrolor sprema mogu biti vezani za informacije pohranjene i dobivene od privremenih kola\u010di\u0107a (npr. IP adresa, podaci o pretra\u017eivanju, vrsta ure\u0111aja). Nu\u017eni kola\u010di\u0107i \u010dine stranicu upotrebljivom omogu\u0107uju\u0107i osnovne funkcije kao \u0161to su navigacija stranicom i pristup za\u0161ti\u0107enim podru\u010djima. Web-stranica ne mo\u017ee ispravno funkcionirati bez ovih kola\u010di\u0107a, te nastavkom kori\u0161tenja stranice odnosno aplikacije pristajete na njihovo u\u010ditavanje na Va\u0161 ure\u0111aj.<\/p>\n<table>\n<tbody>\n<tr>\n<td width=\"125\">\n<p><strong>NAZIV<\/strong><\/p>\n<\/td>\n<td width=\"122\">\n<p><strong>DAVALAC USLUGA<\/strong><\/p>\n<\/td>\n<td width=\"122\">\n<p><strong>SVRHA<\/strong><\/p>\n<\/td>\n<td width=\"121\">\n<p><strong>ISTI\u010cE<\/strong><\/p>\n<\/td>\n<td width=\"121\">\n<p><strong>VRSTA<\/strong><\/p>\n<\/td>\n<\/tr>\n<tr>\n<td width=\"125\">\n<p><strong>cookieconsent_status<\/strong><\/p>\n<\/td>\n<td width=\"122\">\n<p>keune.ba<\/p>\n<\/td>\n<td width=\"122\">\n<p>Prikuplja podatke o prihva\u0107anju kola\u010di\u0107a za trenutnu domenu.<\/p>\n<\/td>\n<td width=\"121\">\n<p>1 godina<\/p>\n<\/td>\n<td width=\"121\">\n<p>HTTP<\/p>\n<p>\u00a0<\/p>\n<\/td>\n<\/tr>\n<tr>\n<td width=\"125\">\n<p><strong>PHPSESSID<\/strong><\/p>\n<\/td>\n<td width=\"122\">\n<p>keune.ba<\/p>\n<\/td>\n<td width=\"122\">\n<p>Identifikator sesije korisnika. Slu\u017ei za normalno funkcionisanje portala.<\/p>\n<\/td>\n<td width=\"121\">\n<p>1 godina<\/p>\n<\/td>\n<td width=\"121\">\n<p>HTTP<\/p>\n<\/td>\n<\/tr>\n<tr>\n<td width=\"125\">\n<p><strong>PH_HPXY_CHECK<\/strong><\/p>\n<\/td>\n<td width=\"122\">\n<p>keune.ba<\/p>\n<\/td>\n<td width=\"122\">\n<p>Nu\u017ean za korisni\u010dko pretra\u017eivanje. Slu\u017ei za normalno funkcionisanje portala.<\/p>\n<\/td>\n<td width=\"121\">\n<p>1 godina<\/p>\n<\/td>\n<td width=\"121\">\n<p>HTTP<\/p>\n<\/td>\n<\/tr>\n<tr>\n<td width=\"125\">\n<p><strong>exp_csrf_token<\/strong><\/p>\n<\/td>\n<td width=\"122\">\n<p>keune.ba<\/p>\n<\/td>\n<td width=\"122\">\n<p>Koristi se kod slanja formi na stranici, to je jedinstveni i nasumi\u010dni niz brojeva i slova koji \u0161tite na\u0161u web stranicu od ne\u017eeljene po\u0161te.<\/p>\n<\/td>\n<td width=\"121\">\n<p>Sesija<\/p>\n<\/td>\n<td width=\"121\">\n<p>Trajni kola\u010di\u0107<\/p>\n<\/td>\n<\/tr>\n<tr>\n<td width=\"125\">\n<p><strong>exp_cart<\/strong><\/p>\n<\/td>\n<td width=\"122\">\n<p>keune.ba<\/p>\n<\/td>\n<td width=\"122\">\n<p>Ne prikuplja osobne podatke, slu\u017ei samo za identifikacijski broj va\u0161e ko\u0161arice.<\/p>\n<\/td>\n<td width=\"121\">\n<p>24h<\/p>\n<\/td>\n<td width=\"121\">\n<p>HTTP<\/p>\n<\/td>\n<\/tr>\n<tr>\n<td width=\"125\">\n<p><strong>exp_tracker <\/strong><\/p>\n<p><strong>\u00a0<\/strong><\/p>\n<\/td>\n<td width=\"122\">\n<p>keune.ba<\/p>\n<\/td>\n<td width=\"122\">\n<p>Prati zadnje 2 stranice koje ste posjetili tako da vas, ako je potrebno, mo\u017eemo vratiti natrag na odgovaraju\u0107e stranice<\/p>\n<\/td>\n<td width=\"121\">\n<p>Sesija<\/p>\n<\/td>\n<td width=\"121\">\n<p>HTTP<\/p>\n<\/td>\n<\/tr>\n<tr>\n<td width=\"125\">\n<p><strong>exp_last_visit \/ exp_last_activity<\/strong><\/p>\n<\/td>\n<td width=\"122\">\n<p>keune.ba<\/p>\n<\/td>\n<td width=\"122\">\n<p>Pamti zadnji datum i vrijeme va\u0161eg posjeta.<\/p>\n<\/td>\n<td width=\"121\">\n<p>Sesija<\/p>\n<\/td>\n<td width=\"121\">\n<p>HTTP<\/p>\n<\/td>\n<\/tr>\n<tr>\n<td width=\"125\">\n<p><strong>exp_cookies_allowed<\/strong><\/p>\n<\/td>\n<td width=\"122\">\n<p>keune.ba<\/p>\n<\/td>\n<td width=\"122\">\n<p>Pamti da li va\u0161 preglednik podr\u017eava tj. Da li ima uklju\u010denu podr\u0161ku za kola\u010di\u0107e.<\/p>\n<\/td>\n<td width=\"121\">\n<p>1 godina<\/p>\n<p>\u00a0<\/p>\n<\/td>\n<td width=\"121\">\n<p>HTTP<\/p>\n<\/td>\n<\/tr>\n<\/tbody>\n<\/table>\n<p><br \/>Ostale vrste kola\u010di\u0107a, koji su u nastavku teksta detaljno opisani, mo\u017eete u svako doba samostalno isklju\u010diti na na\u010din da a\u017eurirate postavke svog internetskog preglednika. Dodatne informacije oko na\u010dina isklju\u010divanja ni\u017ee navedenih kola\u010di\u0107a, mo\u017eete na\u0107i na sljede\u0107im mjestima:<\/p>\n<ul>\n<li>Uvijek mo\u017eete blokirati upotrebu nekih ili svih kola\u010di\u0107a koje koristimo na na\u0161oj web stranici.<\/li>\n<li>Na sljede\u0107im linkovima mo\u017eete prona\u0107i informacije o tome kako promijeniti postavke za neke od naj\u010de\u0161\u0107e kori\u0161tenih web preglednika: <a href=\"https:\/\/support.mozilla.org\/en-US\/kb\/third-party-cookies-firefox-tracking-protection\" target=\"_blank\" rel=\"noopener\">Mozilla Firefox<\/a>, <a href=\"https:\/\/support.google.com\/chrome\/answer\/95647?hl=hr\" target=\"_blank\" rel=\"noopener\">Google Chrome<\/a>, <a href=\"https:\/\/support.microsoft.com\/en-us\/windows\/delete-and-manage-cookies-168dab11-0753-043d-7c16-ede5947fc64d\" target=\"_blank\" rel=\"noopener\">Microsoft Internet Explorer<\/a>, <a href=\"https:\/\/support.apple.com\/sl-si\/guide\/safari\/sfri11471\/mac\" target=\"_blank\" rel=\"noopener\">Apple Safari<\/a>, <a href=\"https:\/\/help.opera.com\/en\/latest\/web-preferences\/\" target=\"_blank\" rel=\"noopener\">Opera<\/a>.<\/li>\n<\/ul>\n<p>Neki preglednici Vam omogu\u0107uju pretra\u017eivanje u &#8220;anonimnom&#8221; na\u010dinu rada, ograni\u010davaju\u0107i koli\u010dinu podataka postavljenih na va\u0161em kompjuteru i automatsko brisanje trajnih kola\u010di\u0107a postavljenih na va\u0161 ure\u0111aj kada zavr\u0161ite sesiju pregledavanja. Postoje i mnoge aplikacije tre\u0107ih strana koje mo\u017eete dodati u preglednik da biste blokirali ili upravljali kola\u010di\u0107ima.<\/p>\n<p>Mo\u017eete i izbrisati kola\u010di\u0107e koji su prethodno bili postavljeni u Va\u0161 preglednik tako da odaberete opciju za brisanje historije pregledavanja i pritom uklju\u010dite i opciju brisanja kola\u010di\u0107a. Detaljnije informacije o kola\u010di\u0107ima i pode\u0161avanje postavki preglednika mo\u017eete prona\u0107i na stranici <a href=\"https:\/\/www.allaboutcookies.org\/\" target=\"_blank\" rel=\"noopener\">www.allaboutcookies.org<\/a>.<\/p>\n<p><br \/><strong>Ostale vrste kola\u010di\u0107a<\/strong><\/p>\n<p>Statisti\u010dki kola\u010di\u0107i anonimnim prikupljanjem i slanjem podataka poma\u017eu vlasnicima stranice da shvate na koji na\u010din posjetioci komuniciraju sa stranicom.<\/p>\n<p>Statisti\u010dki kola\u010di\u0107i koje Web stranica koristi:<\/p>\n<table>\n<tbody>\n<tr>\n<td width=\"122\">\n<p><strong>NAZIV<\/strong><\/p>\n<\/td>\n<td width=\"123\">\n<p><strong>DAVALAC USLUGA<\/strong><\/p>\n<\/td>\n<td width=\"123\">\n<p><strong>SVRHA<\/strong><\/p>\n<\/td>\n<td width=\"122\">\n<p><strong>ISTI\u010cE<\/strong><\/p>\n<\/td>\n<td width=\"122\">\n<p><strong>VRSTA<\/strong><\/p>\n<\/td>\n<\/tr>\n<tr>\n<td width=\"122\">\n<p><strong>_ga<\/strong><\/p>\n<\/td>\n<td width=\"123\">\n<p>keune.ba<\/p>\n<\/td>\n<td width=\"123\">\n<p>Registrira jedinstveni identifikacijski podatak koji se koristi za generiranje statisti\u010dkih podataka o posjetiteljevom kori\u0161tenju stranice.<\/p>\n<\/td>\n<td width=\"122\">\n<p>2 godine<\/p>\n<\/td>\n<td width=\"122\">\n<p>HTTP<\/p>\n<p>\u00a0<\/p>\n<\/td>\n<\/tr>\n<tr>\n<td width=\"122\">\n<p><strong>_gat<\/strong><\/p>\n<\/td>\n<td width=\"123\">\n<p>keune.ba<\/p>\n<\/td>\n<td width=\"123\">\n<p>Koristi ga Google Analytics kako bi ubrzao procesuiranje prodataka.<\/p>\n<\/td>\n<td width=\"122\">\n<p>Privremeni<\/p>\n<\/td>\n<td width=\"122\">\n<p>HTTP<\/p>\n<\/td>\n<\/tr>\n<tr>\n<td width=\"122\">\n<p><strong>_gid<\/strong><\/p>\n<\/td>\n<td width=\"123\">\n<p>keune.ba<\/p>\n<\/td>\n<td width=\"123\">\n<p>Registrira jedinstveni identifikacijski podatak koji se koristi za generiranje statisti\u010dkih podataka o posjetiteljevom kori\u0161tenju stranice.<\/p>\n<\/td>\n<td width=\"122\">\n<p>Privremeni<\/p>\n<\/td>\n<td width=\"122\">\n<p>HTTP<\/p>\n<p>\u00a0<\/p>\n<\/td>\n<\/tr>\n<\/tbody>\n<\/table>\n<p><br \/>Marketin\u0161ki kola\u010di\u0107i koriste se za pra\u0107enje posjetioca kroz web-stranice. Namjera je prikazivanje oglasa koji su relevantni odre\u0111enom korisniku i poti\u010du ga na sudjelovanje, \u0161to je bitno za izdava\u010de i ogla\u0161iva\u010de tre\u0107ih strana.<\/p>\n<p>Marketin\u0161ki kola\u010di\u0107i koje Web stranica koristi:<\/p>\n<table>\n<tbody>\n<tr>\n<td width=\"122\">\n<p><strong>NAZIV<\/strong><\/p>\n<\/td>\n<td width=\"123\">\n<p><strong>DAVALAC USLUGA<\/strong><\/p>\n<\/td>\n<td width=\"123\">\n<p><strong>SVRHA<\/strong><\/p>\n<\/td>\n<td width=\"122\">\n<p><strong>ISTI\u010cE<\/strong><\/p>\n<\/td>\n<td width=\"122\">\n<p><strong>VRSTA<\/strong><\/p>\n<\/td>\n<\/tr>\n<tr>\n<td width=\"122\">\n<p><strong>fr<\/strong><\/p>\n<\/td>\n<td width=\"123\">\n<p>facebook.com<\/p>\n<\/td>\n<td width=\"123\">\n<p>Pru\u017ea informacije o u\u010dinkovitosti na\u0161ih oglasa na Facebooku. Kod temeljen na pikselima prati aktivnost na na\u0161em web-mjestu, pru\u017eaju\u0107i osnovu za mjerenje posebnih doga\u0111aja. Mjerenje doga\u0111aja omogu\u0107uje nam da promet na web-mjestu predo\u010dimo kao publiku koju mo\u017eemo upotrijebiti u svrhe usmjeravanja<\/p>\n<\/td>\n<td width=\"122\">\n<p>90 dana<\/p>\n<\/td>\n<td width=\"122\">\n<p>Pixel<\/p>\n<p>\u00a0<\/p>\n<\/td>\n<\/tr>\n<tr>\n<td width=\"122\">\n<p><strong>NID<\/strong><\/p>\n<\/td>\n<td width=\"123\">\n<p>google.com<\/p>\n<\/td>\n<td width=\"123\">\n<p>Registrira jedinstveni identifikacijski podatak koji identificira ure\u0111aj koji je ve\u0107 bio prijavljen. Identifikacijski podatak se koristi zbog ciljanih oglasa.<\/p>\n<\/td>\n<td width=\"122\">\n<p>6 mjeseci<\/p>\n<\/td>\n<td width=\"122\">\n<p>HTTP<\/p>\n<p>\u00a0<\/p>\n<\/td>\n<\/tr>\n<\/tbody>\n<\/table>\n<p><br \/>Nerazvrstani kola\u010di\u0107i su kola\u010di\u0107i koji se nalaze u procesu razvrstavanje u kombinaciji s davateljima usluga pojedina\u010dnih kola\u010di\u0107a.<\/p>\n<table>\n<tbody>\n<tr>\n<td width=\"124\">\n<p><strong>NAZIV<\/strong><\/p>\n<\/td>\n<td width=\"124\">\n<p><strong>DAVALAC USLUGA<\/strong><\/p>\n<\/td>\n<td width=\"124\">\n<p><strong>SVRHA<\/strong><\/p>\n<\/td>\n<td width=\"124\">\n<p><strong>ISTI\u010cE<\/strong><\/p>\n<\/td>\n<td width=\"124\">\n<p><strong>VRSTA<\/strong><\/p>\n<\/td>\n<\/tr>\n<tr>\n<td width=\"124\">\n<p><strong>__cfduid<\/strong><\/p>\n<\/td>\n<td width=\"124\">\n<p>.cloudflare.com<\/p>\n<\/td>\n<td width=\"124\">\n<p>Kola\u010di\u0107i povezani sa stranicama koje koriste CloudFlare, koji slu\u017ei za ubrzanje u\u010ditavanja stranice. Prema CloudFlare koriste se za premo\u0161\u0107enje sigurnosnih ograni\u010denja baziranih na IP adresi posjetitelja. Ne sadr\u017ee nikakve identifikacijske informacije korisnika.<\/p>\n<\/td>\n<td width=\"124\">\n<p>1 godina<\/p>\n<\/td>\n<td width=\"124\">\n<p>HTTP<\/p>\n<p>\u00a0<\/p>\n<\/td>\n<\/tr>\n<tr>\n<td width=\"124\">\n<p><strong>SID, SAPISID, APISID, SSID, HSID, NID, PREF, DSID, IDE<\/strong><\/p>\n<\/td>\n<td width=\"124\">\n<p>google.com<\/p>\n<\/td>\n<td width=\"124\">\n<p>Google Maps kola\u010di\u0107i. Pamte Va\u0161e postavke i pristanke unutar Va\u0161eg Google ra\u010duna. Vrijedi samo za korisnike prijavljene u svoj Google ra\u010dun.<\/p>\n<\/td>\n<td width=\"124\">\n<p>1 godina<\/p>\n<\/td>\n<td width=\"124\">\n<p>HTTP<\/p>\n<p>\u00a0<\/p>\n<\/td>\n<\/tr>\n<\/tbody>\n<\/table>\n<p><b>\u00a0<\/b><\/p>\n<p>Sarajevo, 1. 7. 2021<\/p>\n\t\t\t\t\t\t\t\t<\/div>\n\t\t\t\t<\/div>\n\t\t\t\t\t<\/div>\n\t\t<\/div>\n\t\t\t\t\t<\/div>\n\t\t<\/section>\n\t\t\t\t<\/div>\n\t\t","protected":false},"excerpt":{"rendered":"<p>Kola\u010di\u0107i su male tekstualne datoteke koje su smje\u0161tene na Va\u0161em kompjuteru od strane web stranica koje posje\u0107ujete. Oni se \u0161iroko<\/p>\n","protected":false},"author":1,"featured_media":0,"parent":0,"menu_order":0,"comment_status":"closed","ping_status":"closed","template":"","meta":{"_acf_changed":false,"footnotes":""},"class_list":["post-8398","page","type-page","status-publish","hentry"],"acf":[],"_links":{"self":[{"href":"https:\/\/keune.ba\/webshop\/wp-json\/wp\/v2\/pages\/8398","targetHints":{"allow":["GET"]}}],"collection":[{"href":"https:\/\/keune.ba\/webshop\/wp-json\/wp\/v2\/pages"}],"about":[{"href":"https:\/\/keune.ba\/webshop\/wp-json\/wp\/v2\/types\/page"}],"author":[{"embeddable":true,"href":"https:\/\/keune.ba\/webshop\/wp-json\/wp\/v2\/users\/1"}],"replies":[{"embeddable":true,"href":"https:\/\/keune.ba\/webshop\/wp-json\/wp\/v2\/comments?post=8398"}],"version-history":[{"count":15,"href":"https:\/\/keune.ba\/webshop\/wp-json\/wp\/v2\/pages\/8398\/revisions"}],"predecessor-version":[{"id":13112,"href":"https:\/\/keune.ba\/webshop\/wp-json\/wp\/v2\/pages\/8398\/revisions\/13112"}],"wp:attachment":[{"href":"https:\/\/keune.ba\/webshop\/wp-json\/wp\/v2\/media?parent=8398"}],"curies":[{"name":"wp","href":"https:\/\/api.w.org\/{rel}","templated":true}]}}