{"id":8406,"date":"2021-03-10T01:34:43","date_gmt":"2021-03-10T00:34:43","guid":{"rendered":"https:\/\/keune.ba\/?page_id=8406"},"modified":"2021-06-30T11:29:51","modified_gmt":"2021-06-30T09:29:51","slug":"uslovi-koristenja","status":"publish","type":"page","link":"https:\/\/keune.ba\/webshop\/uslovi-koristenja\/","title":{"rendered":"Uslovi kori\u0161tenja"},"content":{"rendered":"\t\t<div data-elementor-type=\"wp-page\" data-elementor-id=\"8406\" class=\"elementor elementor-8406\">\n\t\t\t\t\t\t<section class=\"elementor-section elementor-top-section elementor-element elementor-element-6c8ed7a9 elementor-section-boxed elementor-section-height-default elementor-section-height-default wd-section-disabled\" data-id=\"6c8ed7a9\" data-element_type=\"section\" data-e-type=\"section\">\n\t\t\t\t\t\t<div class=\"elementor-container elementor-column-gap-default\">\n\t\t\t\t\t<div class=\"elementor-column elementor-col-100 elementor-top-column elementor-element elementor-element-1b15a72f\" data-id=\"1b15a72f\" data-element_type=\"column\" data-e-type=\"column\">\n\t\t\t<div class=\"elementor-widget-wrap elementor-element-populated\">\n\t\t\t\t\t\t<div class=\"elementor-element elementor-element-2bba9f36 color-scheme-inherit text-left elementor-widget elementor-widget-text-editor\" data-id=\"2bba9f36\" data-element_type=\"widget\" data-e-type=\"widget\" data-widget_type=\"text-editor.default\">\n\t\t\t\t<div class=\"elementor-widget-container\">\n\t\t\t\t\t\t\t\t\t\n<p>Dobrodo\u0161li na www.keune.ba web stranicu (u daljem tekstu: Web stranica) koju ure\u0111uje KEUNE ADRIJA d.o.o. Sarajevo, sa registrovanim sjedi\u0161tem na adresi Bla\u017eujski drum broj 2, Ilid\u017ea, Sarajevo Dio, Bosna i Hercegovina, MBS: 65-01-0752-13, JIB: 4200992910007 (u daljem tekstu: KEUNE).<\/p>\n<p>Molimo Vas da pa\u017eljivo pro\u010ditate ove Uslove kori\u0161tenja www.keune.ba (u daljem tekstu: Uslovi) prije kori\u0161tenja Web stranice. Nastavkom kori\u0161tenja Web stranice i njenih sadr\u017eaja servisa (uklju\u010duju\u0107i navigaciju preko Web stranice) prihva\u0107ate ove Uslove.<\/p>\n<p>Uslovi kori\u0161tenja predstavljaju ugovor izme\u0111u dru\u0161tva KEUNE i svake osobe koja posje\u0107uje Web stranicu i KEUNE web shop.<\/p>\n<p>Ukoliko ne prihvatate ove Uslove, trebali biste napustiti Web stranicu, te odustati od davanja bilo kakvih podataka putem Web stranice.<\/p>\n<h3 class=\"wp-block-heading\"><b><br \/>1 Sadr\u017eaj web stranice<\/b><\/h3>\n<p>Web stranica sadr\u017ei sadr\u017eaj koji se odnosi na informacije vezane za poslovanje KEUNE-a, pru\u017eanje interaktivne online usluge poput web trgovine radi prodaje KEUNE-ovih proizvoda putem web aplikacije KEUNE web shop, te prijave na KEUNE newsletter.<\/p>\n<p>Za naru\u010divanje i kupovinu KEUNE proizvoda potrebna je registracija putem web aplikacije KEUNE web shop koji se nalazi na Web stranici kao i kreiranje korisni\u010dkog ra\u010duna. Registrovati se mo\u017ee samo osoba starija od 18 godina. Registracija je mogu\u0107a samo ako prethodno prihvatite ove Uslove i Uslove prodaje putem KEUNE web shopa. Prilikom registracije, mo\u017eete dati i posebnu saglasnost KEUNE-u za slanje besplatnih elektronskih obavijesti o promotivnim ponudama, promotivnim doga\u0111anjima i sl., kao i drugih posebnih obavijesti (newsletter).<\/p>\n<p>Bilo koja garancija data na Web stranici odnosi se isklju\u010divo na proizvode i\/ili usluge KEUNE-a.<\/p>\n<p>KEUNE zadr\u017eava pravo u bilo kojem trenutku izmijeniti i ili ukinuti Web stranicu, uklju\u010duju\u0107i, sadr\u017eaj, vrijeme dostupnosti kao i opremu za pristup i kori\u0161tenje Web stranice. KEUNE je ovla\u0161ten u bilo koje vrijeme prestati objavljivati bilo koju vrstu informacija ili ukinuti bilo koji na\u010din prijenosa podataka ili promijeniti brzine prijenosa podataka, kao i bilo koje njihove druge karakteristike.<\/p>\n<h3><b><br \/>2 Na\u010din kori\u0161tenja web stranice i web aplikacije keune web shop<br \/><\/b><\/h3>\n<p>Prihva\u0107anjem ovih Uslova se obvezujete da \u0107ete Web stranicu i web aplikaciju KEUNE web shop koristiti isklju\u010divo i jedino u skladu s ovim Uslovima.<\/p>\n<p>Prihva\u0107anjem ovih Uslova se obvezujete da \u0107ete Web stranicu i web aplikaciju KEUNE web shop koristiti samo u li\u010dne svrhe.<\/p>\n<p>Prihva\u0107anjem ovih Uslova se obvezujete da ne\u0107ete ni direktno niti indirektno (i to neovisno o tehni\u010dkom, tehni\u010dko-tehnolo\u0161kom, elektronskom ili kakvom drugom na\u010dinu ili sredstvu):<\/p>\n<ul>\n<li>mijenjati, brisati ili u\u010diniti neupotrebljivom Web stranicu i web aplikaciju KEUNE web shop ili bilo koji njihov dio (sadr\u017eajni, grafi\u010dki, tehni\u010dki, tehni\u010dko-tehnolo\u0161ki, elektroni\u010dki ili drugi, strukturalni ili ne);<\/li>\n<li>izvoditi bilo kakvu drugu nedopu\u0161tenu radnju u odnosu na Web stranicu i web aplikaciju KEUNE web shop ili njihov dio (sadr\u017eajni, grafi\u010dki, tehni\u010dki, tehni\u010dko-tehnolo\u0161ki, elektroni\u010dki ili drugi, strukturalni ili ne);<\/li>\n<li>onemogu\u0107iti pristup i\/ili kori\u0161tenje Web stranice i web aplikacije KEUNE web shop drugim Korisnicima;<\/li>\n<li>neovla\u0161teno kopirati, umno\u017eavati, distribuirati ili prikazivati Web stranicu ili web aplikaciju KEUNE web shop ili bilo koji njihov dio (sadr\u017eajni, grafi\u010dki, tehni\u010dki, tehni\u010dko-tehnolo\u0161ki, elektroni\u010dki ili drugi, strukturalni ili ne) za svoje ili tu\u0111e potrebe ili za prodaju ili kakvo drugo pravno raspolaganje.<\/li>\n<\/ul>\n<h3><b><br \/>3 Pribavljanje podataka<\/b><\/h3>\n<p>Prihvatanjem ovih Uslova se obvezujete podatke potrebne za kori\u0161tenje web aplikacije KEUNE web shopa unijeti ta\u010dno i u cijelosti.<\/p>\n<p>Prihvatanjem ovih Uslova se obvezujete obavijestiti KEUNE o svim promjenama podataka koje ste naveli prilikom registracije na Web stranici, te KEUNE ne odgovara za bilo kakvu \u0161tetu koja bi mogla nastati uslijed davanja neta\u010dnih podataka kupaca koji se registriraju putem web aplikacije KEUNE web shopa.<\/p>\n<p>Korisnik Web stranice i web aplikacije KEUNE web shopa je odgovoran za ta\u010dnost, potpunost i istinitost svih podataka koje unosi u web aplikaciju KEUNE web shopa. Prilikom registracije na web aplikaciji KEUNE web shopa bit \u0107ete du\u017eni kreirati lozinku koju morate zadr\u017eati samo za sebe i ne dijeliti je sa drugim osobama. Odgovorni ste za sve akcije i narud\u017ebe koje su kreirane putem Va\u0161eg korisni\u010dkog ra\u010duna.<\/p>\n<p>Prihvatanjem ovih Uvjeta se obvezujete bez odlaganja obavijestiti KEUNE putem e-mail adrese<a href=\"mailto:info@keune.ba\"> info@keune.ba<\/a> ukoliko posumnjate da je Va\u0161a lozinka postala poznata drugim osobama, ili da postoji mogu\u0107nost zloupotrebe i\/ili neovla\u0161tenog kori\u0161tenja.<br \/>Ukoliko postoji bilo kakva sumnja da postoji propust u sigurnosti, KEUNE ima pravo tra\u017eiti od Vas da promijenite svoju lozinku kao i\/ili blokirati Va\u0161 korisni\u010dki ra\u010dun.<\/p>\n<h3><b><br \/>4 Pravo intelektualnog vlasni\u0161tva<\/b><\/h3>\n<p>Prihvatanjem ovih Uslova potvr\u0111ujete da ste upoznati da su struktura, izgled, slike i sadr\u017eaj Web stranice, kao i web aplikacije KEUNE web shopa, za\u0161ti\u0107eni autorskim pravom i drugim pravima intelektualnog vlasni\u0161tva.<\/p>\n<p>Sve usluge, sadr\u017eaji, informacije i software koji se primjenjuju, a koji se nalaze na Web stranicama, uklju\u010duju\u0107i, ali bez ograni\u010denja, medijske sadr\u017eaje i prilo\u017eene slike, druge slike, fotografije, znakove, imena, grafike, logotipove, ilustracije, kao i programske proizvode, su intelektualno vlasni\u0161tvo KEUNE-a, ili s KEUNE-om povezanih pravnih subjekata, ili tre\u0107e strane ovla\u0161tene od KEUNE-a ili koja je KEUNE ovlastila za kori\u0161tenje istog. U skladu sa navedenim, sve usluge, sadr\u017eaji, informacije i software, koji se primjenjuju, a koji se nalaze na Web stranici, za\u0161ti\u0107eni su autorskim ili drugim pravom. Izri\u010dito je zabranjeno umno\u017eavanje, kopiranje, distribuiranje (uklju\u010duju\u0107i putem e-maila, faxa ili drugog ure\u0111aja), objavljivanje, mijenjanje, preno\u0161enje ili kori\u0161tenje na drugim web stranicama ili drugim kompjuterskim mre\u017eama ikakvih usluga, sadr\u017eaja, informacija ili software-a<\/p>\n<h3><b><br \/>5 Poveznice i prijava putem drugih web stranica<\/b><\/h3>\n<p>KEUNE nije odgovoran za sadr\u017eaj bilo koje vanjske stranice koju ure\u0111uje ili odr\u017eava tre\u0107a strana, a na koju upu\u0107uje poveznica na Web stranici.<\/p>\n<p>Ukoliko pristupate takvoj vanjskoj stranici i\/ili dru\u0161tvenoj mre\u017ei, upoznajte se prethodno s uslovima kori\u0161tenja takve stranice i\/ili dru\u0161tvene mre\u017ee i pravilima privatnosti takve stranice i\/ili dru\u0161tvene mre\u017ee. Svatko mo\u017ee izraditi poveznicu koja Vas upu\u0107uje na Web stranicu, pod uslovom da se poveznicom ne tvrdi, preporu\u010duje ili pru\u017ea dojam da KEUNE ili grupa ili pojedinac povezan s KEUNE-om financira ili podr\u017eava stranicu koja upu\u0107uje na Web stranicu. Niste ovla\u0161teni koristiti logotip, \u017eig ili bilo koji drugi predmet intelektualnog vlasni\u0161tva za\u0161ti\u0107en autorskim pravom koji se nalazi na Web stranici bez izri\u010ditog pisanog pristanka nosioca odnosno vlasnika predmetnog \u017eiga ili prava. Niste ovla\u0161teni koristiti bilo koji dio sadr\u017eaja ili kakav drugi predmet intelektualnog vlasni\u0161tva koja se nalazi na Web stranici niti ih uklju\u010diti u drugu web stranicu bez prethodnog pisanog pristanka KEUNE-a.<\/p>\n<h3><b><br \/>6 Ni\u0161tave odredbe<\/b><\/h3>\n<p>U slu\u010daju ni\u0161tavosti pojedine odredbe ovih Uslova, takva ni\u0161tavost ne\u0107e utjecati na pravosna\u017enost bilo koje druge odredbe ovih Uslova, te \u0107e preostali dijelovi ovih Uslova ostati na snazi.<\/p>\n<h3><b><br \/>7 Rje\u0161avanje sporova<\/b><\/h3>\n<p>Za sva pitanja vezana za kori\u0161tenje Web stranice, a koja nisu regulisana odredbama ovih Uslova primjenjuju se odredbe Zakona o obligacionim odnosima. Sve eventualne sporove, strane \u0107e najprije poku\u0161ati rije\u0161iti sporazumno. Svi eventualni sporovi ili zahtjevi koji mogu proiza\u0107i kao posljedica kori\u0161tenja Web stranice, a u vezi s ovim Uslovima, u nadle\u017enosti su stvarno nadle\u017enog suda u Sarajevu uz primjenu mjerodavnog materijalnog prava Bosne i Hercegovine.<\/p>\n<h3><b><br \/>8 Primjena i naknadne izmjene ovih uslova<br \/><\/b><\/h3>\n<p>Ovi Uslovi se primjenjuju od 2021godine.<\/p>\n<p>KEUNE je ovla\u0161ten u bilo koje doba samostalno izmijeniti ili dopuniti ove Uslove u kom slu\u010daju \u0107e izmijenjene ili dopunjene uslove objaviti na Web stranici, dok \u0107e registrovane korisnike obavijestiti o svakoj promjeni ovih Uslova dodatno i putem e-mail adrese koju su unijeli prilikom registracije i kreiranja korisni\u010dkog ra\u010duna.<\/p>\n<p>Nakon izmjena i\/ili dopuna Uslova, svako kori\u0161tenje KEUNE usluga i Web stranice \u0107e se smatrati prihvatanjem takvih izmjena i\/ili dopuna.<\/p>\n<p>Za sve informacije vezane za va\u017ee\u0107u verziju ovih Uslova kontaktirajte nas putem e-mail adrese: <a href=\"mailto:info@keune.ba\">info@keune.ba<\/a><\/p>\n<p><br \/>Sarajevo, 1. 7. 2021<\/p>\n\t\t\t\t\t\t\t\t<\/div>\n\t\t\t\t<\/div>\n\t\t\t\t\t<\/div>\n\t\t<\/div>\n\t\t\t\t\t<\/div>\n\t\t<\/section>\n\t\t\t\t<\/div>\n\t\t","protected":false},"excerpt":{"rendered":"<p>Dobrodo\u0161li na www.keune.ba web stranicu (u daljem tekstu: Web stranica) koju ure\u0111uje KEUNE ADRIJA d.o.o. Sarajevo, sa registrovanim sjedi\u0161tem na<\/p>\n","protected":false},"author":1,"featured_media":0,"parent":0,"menu_order":0,"comment_status":"closed","ping_status":"closed","template":"","meta":{"_acf_changed":false,"footnotes":""},"class_list":["post-8406","page","type-page","status-publish","hentry"],"acf":[],"_links":{"self":[{"href":"https:\/\/keune.ba\/webshop\/wp-json\/wp\/v2\/pages\/8406","targetHints":{"allow":["GET"]}}],"collection":[{"href":"https:\/\/keune.ba\/webshop\/wp-json\/wp\/v2\/pages"}],"about":[{"href":"https:\/\/keune.ba\/webshop\/wp-json\/wp\/v2\/types\/page"}],"author":[{"embeddable":true,"href":"https:\/\/keune.ba\/webshop\/wp-json\/wp\/v2\/users\/1"}],"replies":[{"embeddable":true,"href":"https:\/\/keune.ba\/webshop\/wp-json\/wp\/v2\/comments?post=8406"}],"version-history":[{"count":22,"href":"https:\/\/keune.ba\/webshop\/wp-json\/wp\/v2\/pages\/8406\/revisions"}],"predecessor-version":[{"id":13106,"href":"https:\/\/keune.ba\/webshop\/wp-json\/wp\/v2\/pages\/8406\/revisions\/13106"}],"wp:attachment":[{"href":"https:\/\/keune.ba\/webshop\/wp-json\/wp\/v2\/media?parent=8406"}],"curies":[{"name":"wp","href":"https:\/\/api.w.org\/{rel}","templated":true}]}}