{"id":11902,"date":"2021-05-31T19:15:32","date_gmt":"2021-05-31T17:15:32","guid":{"rendered":"https:\/\/keune.ba\/1922-essential-conditioner\/"},"modified":"2026-04-16T15:22:17","modified_gmt":"2026-04-16T13:22:17","slug":"1922-essential-conditioner","status":"publish","type":"product","link":"https:\/\/keune.ba\/webshop\/1922-essential-conditioner\/","title":{"rendered":"1922 Essential Conditioner"},"content":{"rendered":"<p>Regenerator za svakodnevnu upotrebu, za sve tipove kose i brade, s hranjivim tvarima od kojih kosa ostaje \u010dvrsta i ne zapetljava se.<\/p>\n<p>Odr\u017eavajte kosu i bradu u izvrsnoj formi, biraju\u0107i svoj najdra\u017ei 1922 by J.M. Keune \u0161ampon, uz sve te stvar\u010dice koje njeguju i ja\u010daju kosu. To je tek po\u010detak formiranja kose u savr\u0161en oblik.<\/p>\n<p>Na\u0161 Essential Conditioner ima ono \u0161to je potrebno da bi kosa bila pod kontrolom i spremna za suo\u010davanje s novim danom.<\/p>\n<p>Sada je vrijeme za nadopunu ishrane regeneriraju\u0107im ekstraktom kanabisa sative (konoplje), uz davanje kosi jo\u0161 jedne doze kreatina za u\u010dvr\u0161\u0107ivanje. I ne zaboravite njegu brade &#8211; jer kosa lica tako\u0111er zaslu\u017euje malo dodatne njege.<\/p>\n<p>Nakon \u010di\u0161\u0107enja, umasirajte u kosu (i bradu) i ostavite da djeluje najmanje 1 minutu. Dobro isperite<\/p>\n","protected":false},"excerpt":{"rendered":"<p>Svakodnevna njega za sve tipove kose i brade, s nutrijentima koje kosa treba da ostane \u010dvrsta i da se ne petlja.<\/p>\n<p>Za kosu i bradu.<\/p>\n","protected":false},"featured_media":11802,"template":"","meta":{"_acf_changed":false},"product_brand":[],"product_cat":[701,755,694,699,660],"product_tag":[],"class_list":{"0":"post-11902","1":"product","2":"type-product","3":"status-publish","4":"has-post-thumbnail","6":"product_cat-1922-by-j-m-keune","7":"product_cat-essential","8":"product_cat-regenerator-za-muskarce","9":"product_cat-robna-marka","10":"product_cat-za-muskarce","12":"first","13":"outofstock","14":"taxable","15":"shipping-taxable","16":"purchasable","17":"product-type-simple"},"acf":[],"_links":{"self":[{"href":"https:\/\/keune.ba\/webshop\/wp-json\/wp\/v2\/product\/11902","targetHints":{"allow":["GET"]}}],"collection":[{"href":"https:\/\/keune.ba\/webshop\/wp-json\/wp\/v2\/product"}],"about":[{"href":"https:\/\/keune.ba\/webshop\/wp-json\/wp\/v2\/types\/product"}],"version-history":[{"count":2,"href":"https:\/\/keune.ba\/webshop\/wp-json\/wp\/v2\/product\/11902\/revisions"}],"predecessor-version":[{"id":12854,"href":"https:\/\/keune.ba\/webshop\/wp-json\/wp\/v2\/product\/11902\/revisions\/12854"}],"wp:featuredmedia":[{"embeddable":true,"href":"https:\/\/keune.ba\/webshop\/wp-json\/wp\/v2\/media\/11802"}],"wp:attachment":[{"href":"https:\/\/keune.ba\/webshop\/wp-json\/wp\/v2\/media?parent=11902"}],"wp:term":[{"taxonomy":"product_brand","embeddable":true,"href":"https:\/\/keune.ba\/webshop\/wp-json\/wp\/v2\/product_brand?post=11902"},{"taxonomy":"product_cat","embeddable":true,"href":"https:\/\/keune.ba\/webshop\/wp-json\/wp\/v2\/product_cat?post=11902"},{"taxonomy":"product_tag","embeddable":true,"href":"https:\/\/keune.ba\/webshop\/wp-json\/wp\/v2\/product_tag?post=11902"}],"curies":[{"name":"wp","href":"https:\/\/api.w.org\/{rel}","templated":true}]}}