{"id":11904,"date":"2021-05-31T19:15:32","date_gmt":"2021-05-31T17:15:32","guid":{"rendered":"https:\/\/keune.ba\/1922-essential-shampoo\/"},"modified":"2026-04-28T23:21:42","modified_gmt":"2026-04-28T21:21:42","slug":"1922-essential-shampoo","status":"publish","type":"product","link":"https:\/\/keune.ba\/webshop\/1922-essential-shampoo\/","title":{"rendered":"1922 Essential Shampoo"},"content":{"rendered":"<p>Ovaj blagi \u0161ampon oboga\u0107en je hranjivim sastojcima za sve potrebe kose i vlasi\u0161ta.<\/p>\n<p>Formulirano za suhu, o\u0161te\u0107enu kosu i suho vlasi\u0161te.<\/p>\n<p>Oblikovanje mu\u0161ke frizure ovisi o zdravlju kose &#8211; a ne zaboravimo i vlasi\u0161te, odakle potje\u010de sva ta fantasti\u010dna kosa.<\/p>\n<p>Essential Shampoo je proizvod \u2018sve u jednom\u2019. \u0160ampon, kupka za bradu i tijelo.<\/p>\n<p>Da bismo oja\u010dali, zgusnuli i nahranili kosu hranjivim tvarima koje su joj potrebne za rast, pomije\u0161ali smo keratin, ekstrakt sjemenki konoplje i bambus.<\/p>\n<p>To je savr\u0161en \u0161ampon za suhu kosu i vlasi\u0161te, za svakodnevnu upotrebu.<\/p>\n<p>Malu koli\u010dinu umasirajte u mokru kosu &#8211; a mo\u017eete slobodno koristiti i za bradu i tijelo, dobro je za sve. Isperite. Ponovite postupak ako je potrebno<\/p>\n","protected":false},"excerpt":{"rendered":"<p>Kada ka\u017eemo esencijalni, doista tako i mislimo.<\/p>\n<p>Ovaj \u0161ampon je toliko blag da ga mo\u017eete koristiti svaki dan, za \u010di\u0161\u0107enje i hidrataciju kose, brade i tijela.<\/p>\n<p>Oboga\u0107en je kreatinom, konopljom i ekstraktom bambusa.<\/p>\n<p>Za kosu i bradu.<\/p>\n","protected":false},"featured_media":11792,"template":"","meta":{"_acf_changed":false},"product_brand":[],"product_cat":[701,755,699,696,660],"product_tag":[],"class_list":{"0":"post-11904","1":"product","2":"type-product","3":"status-publish","4":"has-post-thumbnail","6":"product_cat-1922-by-j-m-keune","7":"product_cat-essential","8":"product_cat-robna-marka","9":"product_cat-sampon-za-muskarce","10":"product_cat-za-muskarce","12":"first","13":"instock","14":"taxable","15":"shipping-taxable","16":"purchasable","17":"product-type-simple"},"acf":[],"_links":{"self":[{"href":"https:\/\/keune.ba\/webshop\/wp-json\/wp\/v2\/product\/11904","targetHints":{"allow":["GET"]}}],"collection":[{"href":"https:\/\/keune.ba\/webshop\/wp-json\/wp\/v2\/product"}],"about":[{"href":"https:\/\/keune.ba\/webshop\/wp-json\/wp\/v2\/types\/product"}],"version-history":[{"count":3,"href":"https:\/\/keune.ba\/webshop\/wp-json\/wp\/v2\/product\/11904\/revisions"}],"predecessor-version":[{"id":12836,"href":"https:\/\/keune.ba\/webshop\/wp-json\/wp\/v2\/product\/11904\/revisions\/12836"}],"wp:featuredmedia":[{"embeddable":true,"href":"https:\/\/keune.ba\/webshop\/wp-json\/wp\/v2\/media\/11792"}],"wp:attachment":[{"href":"https:\/\/keune.ba\/webshop\/wp-json\/wp\/v2\/media?parent=11904"}],"wp:term":[{"taxonomy":"product_brand","embeddable":true,"href":"https:\/\/keune.ba\/webshop\/wp-json\/wp\/v2\/product_brand?post=11904"},{"taxonomy":"product_cat","embeddable":true,"href":"https:\/\/keune.ba\/webshop\/wp-json\/wp\/v2\/product_cat?post=11904"},{"taxonomy":"product_tag","embeddable":true,"href":"https:\/\/keune.ba\/webshop\/wp-json\/wp\/v2\/product_tag?post=11904"}],"curies":[{"name":"wp","href":"https:\/\/api.w.org\/{rel}","templated":true}]}}