{"id":11910,"date":"2021-05-31T19:15:32","date_gmt":"2021-05-31T17:15:32","guid":{"rendered":"https:\/\/keune.ba\/1922-beard-oil\/"},"modified":"2026-05-04T23:22:01","modified_gmt":"2026-05-04T21:22:01","slug":"1922-beard-oil","status":"publish","type":"product","link":"https:\/\/keune.ba\/webshop\/1922-beard-oil\/","title":{"rendered":"1922 Beard Oil"},"content":{"rendered":"<p>Dio svakodnevne rutine njege brade, na\u0161e Beard Oil ulje hrani, hidratizira i njeguje ko\u017eu i bradu te brada postaje mek\u0161a i jednostavnija za oblikovanje.<\/p>\n<p>Svakodnevna njega za bradu. Od svog osnivanja 1922. godine vidjeli smo puno razli\u010ditih stilova brade &#8211; i upotrijebili smo sva svoja znanja o kosi kako bi kreirali proizvod za bradu.<\/p>\n<p>Kako bi brade bile mekane i ko\u017ea lica zdrava, potrebna vam je dobra dnevna rutina njege koja uklju\u010duje nekoliko kapi Beard Oil iz 1922 by J.M. Keune linije proizvoda.<\/p>\n<p>Dodali smo lagano ulje avokada i slatkog badema, koje se brzo upija. Ulje kanabisa sativa (konoplje) hrani bradu te daje sve \u0161to joj je potrebno da ostane \u010dvrsta.<\/p>\n<p>Masirajte u bradu kako biste je hidratizirali, nahranili i potakli njen rast, te sprije\u010dili ispucale vrhove i olak\u0161ali oblikovanje. I brada \u0107e vam lijepo mirisati cijeli dan.<\/p>\n<p>Protrljajte 1-2 kapi me\u0111u dlanovima, zatim umasirajte kroz bradu za hidrataciju i sjaj.<\/p>\n","protected":false},"excerpt":{"rendered":"<p>Bogata mje\u0161avina ulja za savr\u0161eno obrijanu bradu. Sadr\u017ei ulje slatkog badema koje omek\u0161ava, hidratizira i dodaje prirodni sjaj. Sadr\u017ei ulje sjemenki marelice, ulje avokada i konoplju.<\/p>\n","protected":false},"featured_media":11811,"template":"","meta":{"_acf_changed":false},"product_brand":[],"product_cat":[701,755,699,698,660],"product_tag":[],"class_list":{"0":"post-11910","1":"product","2":"type-product","3":"status-publish","4":"has-post-thumbnail","6":"product_cat-1922-by-j-m-keune","7":"product_cat-essential","8":"product_cat-robna-marka","9":"product_cat-ulje-za-bradu","10":"product_cat-za-muskarce","12":"first","13":"instock","14":"taxable","15":"shipping-taxable","16":"purchasable","17":"product-type-simple"},"acf":[],"_links":{"self":[{"href":"https:\/\/keune.ba\/webshop\/wp-json\/wp\/v2\/product\/11910","targetHints":{"allow":["GET"]}}],"collection":[{"href":"https:\/\/keune.ba\/webshop\/wp-json\/wp\/v2\/product"}],"about":[{"href":"https:\/\/keune.ba\/webshop\/wp-json\/wp\/v2\/types\/product"}],"version-history":[{"count":3,"href":"https:\/\/keune.ba\/webshop\/wp-json\/wp\/v2\/product\/11910\/revisions"}],"predecessor-version":[{"id":12869,"href":"https:\/\/keune.ba\/webshop\/wp-json\/wp\/v2\/product\/11910\/revisions\/12869"}],"wp:featuredmedia":[{"embeddable":true,"href":"https:\/\/keune.ba\/webshop\/wp-json\/wp\/v2\/media\/11811"}],"wp:attachment":[{"href":"https:\/\/keune.ba\/webshop\/wp-json\/wp\/v2\/media?parent=11910"}],"wp:term":[{"taxonomy":"product_brand","embeddable":true,"href":"https:\/\/keune.ba\/webshop\/wp-json\/wp\/v2\/product_brand?post=11910"},{"taxonomy":"product_cat","embeddable":true,"href":"https:\/\/keune.ba\/webshop\/wp-json\/wp\/v2\/product_cat?post=11910"},{"taxonomy":"product_tag","embeddable":true,"href":"https:\/\/keune.ba\/webshop\/wp-json\/wp\/v2\/product_tag?post=11910"}],"curies":[{"name":"wp","href":"https:\/\/api.w.org\/{rel}","templated":true}]}}