{"id":11912,"date":"2021-05-31T19:29:01","date_gmt":"2021-05-31T17:29:01","guid":{"rendered":"https:\/\/keune.ba\/1922-classic-gel\/"},"modified":"2026-04-29T17:22:02","modified_gmt":"2026-04-29T15:22:02","slug":"1922-classic-gel","status":"publish","type":"product","link":"https:\/\/keune.ba\/webshop\/1922-classic-gel\/","title":{"rendered":"1922 Classic Gel"},"content":{"rendered":"<p>Da\u0161ak na\u0161eg Classic gela pru\u017ea vam sna\u017eno u\u010dvr\u0161\u0107enje i sjaj, a kosu \u010duva zdravom s proteinima i omega masnim kiselinama iz ekstrakta sjemenki kanabis sativa (konoplje) i kreatinom za ja\u010danje kose.<\/p>\n<p>Jako u\u010dvr\u0161\u0107enje i izuzetan sjaj.<\/p>\n<p>Za\u010de\u0161ljano u stranu, ukro\u0107ena naelektrizirana kosa-ili frizura zagla\u0111ena prema natrag ili podignuta.<\/p>\n<p>Na\u0161 Classic Gel mo\u017eete koristiti samostalno ili za zavr\u0161ni rezultat u kombinaciji s na\u0161om pastom, glinom ili pomadom.<\/p>\n<p>Formulirano s kreatinom za odr\u017eavanje kose jakom, s ekstraktom sjemenki kanabis sativa (konoplje) za dodatne proteine i omega kiseline koje kosa voli.<\/p>\n<p>Za kratku do srednje dugu kosu.<\/p>\n<p>Pomo\u0107u prstiju obradite malu koli\u010dinu kroz vla\u017enu ili suhu kosu &#8211; a onda stilizirajte kako \u017eelite.<\/p>\n","protected":false},"excerpt":{"rendered":"<p>Styling gel s ekstra jakim u\u010dvr\u0161\u0107enjem i sjajem.<\/p>\n<p>Zadr\u017eava svaki oblik frizure. Sadr\u017ei kreatin i konoplju.<\/p>\n","protected":false},"featured_media":11805,"template":"","meta":{"_acf_changed":false},"product_brand":[],"product_cat":[701,690,699,759,660],"product_tag":[762,760],"class_list":{"0":"post-11912","1":"product","2":"type-product","3":"status-publish","4":"has-post-thumbnail","6":"product_cat-1922-by-j-m-keune","7":"product_cat-gel-za-kosu","8":"product_cat-robna-marka","9":"product_cat-styling-1922-by-j-m-keune","10":"product_cat-za-muskarce","11":"product_tag-sjajna-kosa","12":"product_tag-ucvrscivanje","14":"first","15":"instock","16":"taxable","17":"shipping-taxable","18":"purchasable","19":"product-type-simple"},"acf":[],"_links":{"self":[{"href":"https:\/\/keune.ba\/webshop\/wp-json\/wp\/v2\/product\/11912","targetHints":{"allow":["GET"]}}],"collection":[{"href":"https:\/\/keune.ba\/webshop\/wp-json\/wp\/v2\/product"}],"about":[{"href":"https:\/\/keune.ba\/webshop\/wp-json\/wp\/v2\/types\/product"}],"version-history":[{"count":4,"href":"https:\/\/keune.ba\/webshop\/wp-json\/wp\/v2\/product\/11912\/revisions"}],"predecessor-version":[{"id":15232,"href":"https:\/\/keune.ba\/webshop\/wp-json\/wp\/v2\/product\/11912\/revisions\/15232"}],"wp:featuredmedia":[{"embeddable":true,"href":"https:\/\/keune.ba\/webshop\/wp-json\/wp\/v2\/media\/11805"}],"wp:attachment":[{"href":"https:\/\/keune.ba\/webshop\/wp-json\/wp\/v2\/media?parent=11912"}],"wp:term":[{"taxonomy":"product_brand","embeddable":true,"href":"https:\/\/keune.ba\/webshop\/wp-json\/wp\/v2\/product_brand?post=11912"},{"taxonomy":"product_cat","embeddable":true,"href":"https:\/\/keune.ba\/webshop\/wp-json\/wp\/v2\/product_cat?post=11912"},{"taxonomy":"product_tag","embeddable":true,"href":"https:\/\/keune.ba\/webshop\/wp-json\/wp\/v2\/product_tag?post=11912"}],"curies":[{"name":"wp","href":"https:\/\/api.w.org\/{rel}","templated":true}]}}