{"id":11914,"date":"2021-05-31T19:29:01","date_gmt":"2021-05-31T17:29:01","guid":{"rendered":"https:\/\/keune.ba\/1922-deep-cleansing-shampoo\/"},"modified":"2026-04-22T17:21:48","modified_gmt":"2026-04-22T15:21:48","slug":"1922-deep-cleansing-shampoo","status":"publish","type":"product","link":"https:\/\/keune.ba\/webshop\/1922-deep-cleansing-shampoo\/","title":{"rendered":"1922 Deep-Cleansing Shampoo"},"content":{"rendered":"<p>Operite ne\u010disto\u0107e, vi\u0161ak ulja i proizvode koji se talo\u017ee na kosi nje\u017enim, ali u\u010dinkovitim Deep-cleansing \u0161amponom za zdravo vlasi\u0161te i gustu, sretniju kosu.<\/p>\n<p>Zapo\u010dnite dan sa svje\u017eom kosom na glavi. Sjajna \u010dista kosa je kosa temeljito o\u010di\u0161\u0107ena od proizvoda koji se talo\u017ee na njoj i sve ne\u010disto\u0107e s kojima se susre\u0107emo u svakodnevom \u017eivotu.<\/p>\n<p>Tu na red dolazi na\u0161 Deep-cleansing \u0161ampon.<\/p>\n<p>Sigurno \u010disti kosu, istovremeno je hidratiziraju\u0107i i u\u010dvr\u0161\u0107uju\u0107i.<\/p>\n<p>Za manje lomljenja kose (\u0161to se na\u017ealost po\u010dinje doga\u0111ati nakon \u0161to u\u0111emo u dvadesete godine), uklju\u010dili smo kreatin.<\/p>\n<p>Zatim kosu nahranimo njenim omiljenim hranjivim sastojcima-ekstraktima sjemenki knoplje.<\/p>\n<p>Ekstrakt bambusa podebljava kosu.<\/p>\n<p>Izvrstan za sve tipove kose, ali posebno preporu\u010dujemo ovaj \u0161ampon za masnu kosu i vlasi\u0161te.<\/p>\n<p>Umasirajte u mokru kosu i vlasi\u0161te. Isperite, zatim ponovite postupak ako je potrebno.<\/p>\n","protected":false},"excerpt":{"rendered":"<p>Za taj \u0161kripavo \u010dist osje\u0107aj oprane kose.<\/p>\n<p>Ovaj \u0161ampon dubinski \u010disti i odstranjuje ostatke proizvoda koji se talo\u017ee na kosi.<\/p>\n<p>Sadr\u017ei kreatin, konoplju i ekstrakt bambusa. Nakon pranja \u0161amponom nanesite regenerator po va\u0161em izboru.<\/p>\n<p>Za kosu i bradu.<\/p>\n","protected":false},"featured_media":11794,"template":"","meta":{"_acf_changed":false},"product_brand":[],"product_cat":[701,753,699,696,660],"product_tag":[778],"class_list":{"0":"post-11914","1":"product","2":"type-product","3":"status-publish","4":"has-post-thumbnail","6":"product_cat-1922-by-j-m-keune","7":"product_cat-deep-cleansing","8":"product_cat-robna-marka","9":"product_cat-sampon-za-muskarce","10":"product_cat-za-muskarce","11":"product_tag-protiv-masne-kose","13":"first","14":"instock","15":"taxable","16":"shipping-taxable","17":"purchasable","18":"product-type-simple"},"acf":[],"_links":{"self":[{"href":"https:\/\/keune.ba\/webshop\/wp-json\/wp\/v2\/product\/11914","targetHints":{"allow":["GET"]}}],"collection":[{"href":"https:\/\/keune.ba\/webshop\/wp-json\/wp\/v2\/product"}],"about":[{"href":"https:\/\/keune.ba\/webshop\/wp-json\/wp\/v2\/types\/product"}],"version-history":[{"count":3,"href":"https:\/\/keune.ba\/webshop\/wp-json\/wp\/v2\/product\/11914\/revisions"}],"predecessor-version":[{"id":12838,"href":"https:\/\/keune.ba\/webshop\/wp-json\/wp\/v2\/product\/11914\/revisions\/12838"}],"wp:featuredmedia":[{"embeddable":true,"href":"https:\/\/keune.ba\/webshop\/wp-json\/wp\/v2\/media\/11794"}],"wp:attachment":[{"href":"https:\/\/keune.ba\/webshop\/wp-json\/wp\/v2\/media?parent=11914"}],"wp:term":[{"taxonomy":"product_brand","embeddable":true,"href":"https:\/\/keune.ba\/webshop\/wp-json\/wp\/v2\/product_brand?post=11914"},{"taxonomy":"product_cat","embeddable":true,"href":"https:\/\/keune.ba\/webshop\/wp-json\/wp\/v2\/product_cat?post=11914"},{"taxonomy":"product_tag","embeddable":true,"href":"https:\/\/keune.ba\/webshop\/wp-json\/wp\/v2\/product_tag?post=11914"}],"curies":[{"name":"wp","href":"https:\/\/api.w.org\/{rel}","templated":true}]}}