{"id":11922,"date":"2021-05-31T19:29:01","date_gmt":"2021-05-31T17:29:01","guid":{"rendered":"https:\/\/keune.ba\/1922-fortifying-shampoo\/"},"modified":"2026-05-06T09:21:36","modified_gmt":"2026-05-06T07:21:36","slug":"1922-fortifying-shampoo","status":"publish","type":"product","link":"https:\/\/keune.ba\/webshop\/1922-fortifying-shampoo\/","title":{"rendered":"1922 Fortifying Shampoo"},"content":{"rendered":"<p>Vrijeme je da se potpuno eliminira perut-krenuv\u0161i od korijena.<\/p>\n<p>Purifying Shampoo tako\u0111er umiruje vlasi\u0161te i kosu \u010dini \u010dvrstom i otpornom. Uklanja one dosadne ljuskice od peruti. To ba\u0161 i nije ljudima najomiljenija tema-a nije se s njom uvijek ni lako nositi.<\/p>\n<p>Zato smo razvili na\u0161 djelotvorni Purifying Shampoo, sa zinc pyrithione, za borbu protiv gljivice koja uzrokuje perut.<\/p>\n<p>Uz borbu s peruti, 1922 by J.M. Keune linija proizvoda tako\u0111er brine i o zdravlju kose.<\/p>\n<p>Ekstrakt sjemenki konoplje hrani kosu hranjivim sastojcima koji su joj potrebni kako bi rasla zdrava i ostala svilenkasta \u2013 a keratin poma\u017ee kosi d aostane \u010dvrsta smanjuju\u0107i lomljivost. Pa mo\u017eete nemarno prije\u0107i prstima kroz va\u0161u zdravu, bujnu kosu dok nosite taj moderan crni pullover od ka\u0161mira.<\/p>\n<p>Umasirajte u mokru kosu i vlasi\u0161te. Isperite. Nanesite ponovno i ostavite da djeluje 2 minute. Temeljito isperite. Koristite dvaput tjedno ili po preporuci.<\/p>\n","protected":false},"excerpt":{"rendered":"<p>Osna\u017euju\u0107i \u0161ampon koji vlas \u010dini debljom, a kosu punijom.<\/p>\n<p>Kreatin, vitamin H, crveni ginseng i provitamin B5 dodaju kosi volumen i \u010dvrsto\u0107u.<\/p>\n","protected":false},"featured_media":11798,"template":"","meta":{"_acf_changed":false},"product_brand":[],"product_cat":[701,756,699,696,660],"product_tag":[782],"class_list":{"0":"post-11922","1":"product","2":"type-product","3":"status-publish","4":"has-post-thumbnail","6":"product_cat-1922-by-j-m-keune","7":"product_cat-fortifying","8":"product_cat-robna-marka","9":"product_cat-sampon-za-muskarce","10":"product_cat-za-muskarce","11":"product_tag-cvrsta-kosa","13":"first","14":"instock","15":"taxable","16":"shipping-taxable","17":"purchasable","18":"product-type-simple"},"acf":[],"_links":{"self":[{"href":"https:\/\/keune.ba\/webshop\/wp-json\/wp\/v2\/product\/11922","targetHints":{"allow":["GET"]}}],"collection":[{"href":"https:\/\/keune.ba\/webshop\/wp-json\/wp\/v2\/product"}],"about":[{"href":"https:\/\/keune.ba\/webshop\/wp-json\/wp\/v2\/types\/product"}],"version-history":[{"count":4,"href":"https:\/\/keune.ba\/webshop\/wp-json\/wp\/v2\/product\/11922\/revisions"}],"predecessor-version":[{"id":12846,"href":"https:\/\/keune.ba\/webshop\/wp-json\/wp\/v2\/product\/11922\/revisions\/12846"}],"wp:featuredmedia":[{"embeddable":true,"href":"https:\/\/keune.ba\/webshop\/wp-json\/wp\/v2\/media\/11798"}],"wp:attachment":[{"href":"https:\/\/keune.ba\/webshop\/wp-json\/wp\/v2\/media?parent=11922"}],"wp:term":[{"taxonomy":"product_brand","embeddable":true,"href":"https:\/\/keune.ba\/webshop\/wp-json\/wp\/v2\/product_brand?post=11922"},{"taxonomy":"product_cat","embeddable":true,"href":"https:\/\/keune.ba\/webshop\/wp-json\/wp\/v2\/product_cat?post=11922"},{"taxonomy":"product_tag","embeddable":true,"href":"https:\/\/keune.ba\/webshop\/wp-json\/wp\/v2\/product_tag?post=11922"}],"curies":[{"name":"wp","href":"https:\/\/api.w.org\/{rel}","templated":true}]}}