{"id":11930,"date":"2021-05-31T19:29:01","date_gmt":"2021-05-31T17:29:01","guid":{"rendered":"https:\/\/keune.ba\/1922-refreshing-conditioner\/"},"modified":"2026-04-28T03:21:47","modified_gmt":"2026-04-28T01:21:47","slug":"1922-refreshing-conditioner","status":"publish","type":"product","link":"https:\/\/keune.ba\/webshop\/1922-refreshing-conditioner\/","title":{"rendered":"1922 Refreshing Conditioner"},"content":{"rendered":"<p>Savr\u0161en, osvje\u017eavaju\u0107i regenerator za nastavak njege, za dodatan osje\u0107aj svje\u017eine i hla\u0111enja.<\/p>\n<p>Daje osje\u0107aj trnaca u vlasi\u0161tu, ra\u0161\u010de\u0161ljava i hidratizira.<\/p>\n<p>Sadr\u017ei kreatin, konoplju, mentol i pepermint.<\/p>\n","protected":false},"excerpt":{"rendered":"<p>Savr\u0161en, osvje\u017eavaju\u0107i regenerator za nastavak njege, za dodatan osje\u0107aj svje\u017eine i hla\u0111enja.<\/p>\n<p>Daje osje\u0107aj trnaca u vlasi\u0161tu, ra\u0161\u010de\u0161ljava i hidratizira.<\/p>\n<p>Sadr\u017ei kreatin, konoplju, mentol i pepermint.<\/p>\n","protected":false},"featured_media":11803,"template":"","meta":{"_acf_changed":false},"product_brand":[],"product_cat":[701,758,694,699,660],"product_tag":[],"class_list":{"0":"post-11930","1":"product","2":"type-product","3":"status-publish","4":"has-post-thumbnail","6":"product_cat-1922-by-j-m-keune","7":"product_cat-refreshing","8":"product_cat-regenerator-za-muskarce","9":"product_cat-robna-marka","10":"product_cat-za-muskarce","12":"first","13":"outofstock","14":"taxable","15":"shipping-taxable","16":"purchasable","17":"product-type-simple"},"acf":[],"_links":{"self":[{"href":"https:\/\/keune.ba\/webshop\/wp-json\/wp\/v2\/product\/11930","targetHints":{"allow":["GET"]}}],"collection":[{"href":"https:\/\/keune.ba\/webshop\/wp-json\/wp\/v2\/product"}],"about":[{"href":"https:\/\/keune.ba\/webshop\/wp-json\/wp\/v2\/types\/product"}],"version-history":[{"count":2,"href":"https:\/\/keune.ba\/webshop\/wp-json\/wp\/v2\/product\/11930\/revisions"}],"predecessor-version":[{"id":12852,"href":"https:\/\/keune.ba\/webshop\/wp-json\/wp\/v2\/product\/11930\/revisions\/12852"}],"wp:featuredmedia":[{"embeddable":true,"href":"https:\/\/keune.ba\/webshop\/wp-json\/wp\/v2\/media\/11803"}],"wp:attachment":[{"href":"https:\/\/keune.ba\/webshop\/wp-json\/wp\/v2\/media?parent=11930"}],"wp:term":[{"taxonomy":"product_brand","embeddable":true,"href":"https:\/\/keune.ba\/webshop\/wp-json\/wp\/v2\/product_brand?post=11930"},{"taxonomy":"product_cat","embeddable":true,"href":"https:\/\/keune.ba\/webshop\/wp-json\/wp\/v2\/product_cat?post=11930"},{"taxonomy":"product_tag","embeddable":true,"href":"https:\/\/keune.ba\/webshop\/wp-json\/wp\/v2\/product_tag?post=11930"}],"curies":[{"name":"wp","href":"https:\/\/api.w.org\/{rel}","templated":true}]}}