{"id":11932,"date":"2021-05-31T19:29:01","date_gmt":"2021-05-31T17:29:01","guid":{"rendered":"https:\/\/keune.ba\/1922-fortifying-lotion\/"},"modified":"2026-05-02T17:21:55","modified_gmt":"2026-05-02T15:21:55","slug":"1922-fortifying-lotion","status":"publish","type":"product","link":"https:\/\/keune.ba\/webshop\/1922-fortifying-lotion\/","title":{"rendered":"1922 Fortifying Lotion"},"content":{"rendered":"<p>Ovaj jedinstveno formulirani losion u\u010dvr\u0161\u0107uje kosu i produ\u017euje njen \u017eivotni ciklus rasta te stimulira rast kose do 25 % unutar samo 4 dana*.<\/p>\n<p>Crveni ginseng poja\u010dava cirkulaciju i rast kose.<\/p>\n<p>Vitamin H pobolj\u0161ava funkciju keratina, \u0161to rezultira \u010dvr\u0161\u0107om kosom i smanjivanjem ispalih vlasi.<\/p>\n","protected":false},"excerpt":{"rendered":"<p>Ovaj jedinstveno formulirani losion u\u010dvr\u0161\u0107uje kosu i produ\u017euje njen \u017eivotni ciklus rasta te stimulira rast kose do 25 % unutar samo 4 dana*.<\/p>\n<p>Crveni ginseng poja\u010dava cirkulaciju i rast kose.<\/p>\n<p>Vitamin H pobolj\u0161ava funkciju keratina, \u0161to rezultira \u010dvr\u0161\u0107om kosom i smanjivanjem ispalih vlasi.<\/p>\n","protected":false},"featured_media":11804,"template":"","meta":{"_acf_changed":false},"product_brand":[],"product_cat":[701,756,693,699,660],"product_tag":[782],"class_list":{"0":"post-11932","1":"product","2":"type-product","3":"status-publish","4":"has-post-thumbnail","6":"product_cat-1922-by-j-m-keune","7":"product_cat-fortifying","8":"product_cat-losion-za-muskarce","9":"product_cat-robna-marka","10":"product_cat-za-muskarce","11":"product_tag-cvrsta-kosa","13":"first","14":"outofstock","15":"taxable","16":"shipping-taxable","17":"purchasable","18":"product-type-simple"},"acf":[],"_links":{"self":[{"href":"https:\/\/keune.ba\/webshop\/wp-json\/wp\/v2\/product\/11932","targetHints":{"allow":["GET"]}}],"collection":[{"href":"https:\/\/keune.ba\/webshop\/wp-json\/wp\/v2\/product"}],"about":[{"href":"https:\/\/keune.ba\/webshop\/wp-json\/wp\/v2\/types\/product"}],"version-history":[{"count":2,"href":"https:\/\/keune.ba\/webshop\/wp-json\/wp\/v2\/product\/11932\/revisions"}],"predecessor-version":[{"id":12855,"href":"https:\/\/keune.ba\/webshop\/wp-json\/wp\/v2\/product\/11932\/revisions\/12855"}],"wp:featuredmedia":[{"embeddable":true,"href":"https:\/\/keune.ba\/webshop\/wp-json\/wp\/v2\/media\/11804"}],"wp:attachment":[{"href":"https:\/\/keune.ba\/webshop\/wp-json\/wp\/v2\/media?parent=11932"}],"wp:term":[{"taxonomy":"product_brand","embeddable":true,"href":"https:\/\/keune.ba\/webshop\/wp-json\/wp\/v2\/product_brand?post=11932"},{"taxonomy":"product_cat","embeddable":true,"href":"https:\/\/keune.ba\/webshop\/wp-json\/wp\/v2\/product_cat?post=11932"},{"taxonomy":"product_tag","embeddable":true,"href":"https:\/\/keune.ba\/webshop\/wp-json\/wp\/v2\/product_tag?post=11932"}],"curies":[{"name":"wp","href":"https:\/\/api.w.org\/{rel}","templated":true}]}}