{"id":11934,"date":"2021-05-31T19:29:01","date_gmt":"2021-05-31T17:29:01","guid":{"rendered":"https:\/\/keune.ba\/1922-premier-paste\/"},"modified":"2026-05-06T09:21:39","modified_gmt":"2026-05-06T07:21:39","slug":"1922-premier-paste","status":"publish","type":"product","link":"https:\/\/keune.ba\/webshop\/1922-premier-paste\/","title":{"rendered":"1922 Premier Paste"},"content":{"rendered":"<p>Pasta za oblikovanje s ekstra jakim u\u010dvr\u0161\u0107enjem i mat zavr\u0161nim rezultatom.<\/p>\n<p>Za izradu razbaru\u0161enih frizura za koje ne treba puno vremena.<\/p>\n<p>Sadr\u017ei kreatin i konoplju.<\/p>\n","protected":false},"excerpt":{"rendered":"<p>Pasta za oblikovanje s ekstra jakim u\u010dvr\u0161\u0107enjem i mat zavr\u0161nim rezultatom. Za izradu razbaru\u0161enih frizura za koje ne treba puno vremena.<\/p>\n<p>Sadr\u017ei kreatin i konoplju.<\/p>\n","protected":false},"featured_media":18164,"template":"","meta":{"_acf_changed":false},"product_brand":[],"product_cat":[701,699,695,759,660],"product_tag":[783,760],"class_list":{"0":"post-11934","1":"product","2":"type-product","3":"status-publish","4":"has-post-thumbnail","6":"product_cat-1922-by-j-m-keune","7":"product_cat-robna-marka","8":"product_cat-styling-za-muskarce","9":"product_cat-styling-1922-by-j-m-keune","10":"product_cat-za-muskarce","11":"product_tag-mat-definicija","12":"product_tag-ucvrscivanje","14":"first","15":"instock","16":"taxable","17":"shipping-taxable","18":"purchasable","19":"product-type-simple"},"acf":[],"_links":{"self":[{"href":"https:\/\/keune.ba\/webshop\/wp-json\/wp\/v2\/product\/11934","targetHints":{"allow":["GET"]}}],"collection":[{"href":"https:\/\/keune.ba\/webshop\/wp-json\/wp\/v2\/product"}],"about":[{"href":"https:\/\/keune.ba\/webshop\/wp-json\/wp\/v2\/types\/product"}],"version-history":[{"count":5,"href":"https:\/\/keune.ba\/webshop\/wp-json\/wp\/v2\/product\/11934\/revisions"}],"predecessor-version":[{"id":18166,"href":"https:\/\/keune.ba\/webshop\/wp-json\/wp\/v2\/product\/11934\/revisions\/18166"}],"wp:featuredmedia":[{"embeddable":true,"href":"https:\/\/keune.ba\/webshop\/wp-json\/wp\/v2\/media\/18164"}],"wp:attachment":[{"href":"https:\/\/keune.ba\/webshop\/wp-json\/wp\/v2\/media?parent=11934"}],"wp:term":[{"taxonomy":"product_brand","embeddable":true,"href":"https:\/\/keune.ba\/webshop\/wp-json\/wp\/v2\/product_brand?post=11934"},{"taxonomy":"product_cat","embeddable":true,"href":"https:\/\/keune.ba\/webshop\/wp-json\/wp\/v2\/product_cat?post=11934"},{"taxonomy":"product_tag","embeddable":true,"href":"https:\/\/keune.ba\/webshop\/wp-json\/wp\/v2\/product_tag?post=11934"}],"curies":[{"name":"wp","href":"https:\/\/api.w.org\/{rel}","templated":true}]}}