{"id":11942,"date":"2021-05-31T19:29:01","date_gmt":"2021-05-31T17:29:01","guid":{"rendered":"https:\/\/keune.ba\/1922-superior-shaving-cream\/"},"modified":"2026-05-06T13:21:35","modified_gmt":"2026-05-06T11:21:35","slug":"1922-superior-shaving-cream","status":"publish","type":"product","link":"https:\/\/keune.ba\/webshop\/1922-superior-shaving-cream\/","title":{"rendered":"1922 Superior Shaving Cream"},"content":{"rendered":"<p>Bisabolol poma\u017ee u smirivanju ozljeda prilikom rukovanja britvom, a glicerin hidratizira \u010dak i najsu\u0161u i najosjetljiviju ko\u017eu.<\/p>\n<p>Sadr\u017ei konoplju.<\/p>\n","protected":false},"excerpt":{"rendered":"<p>Bisabolol poma\u017ee u smirivanju ozljeda prilikom rukovanja britvom, a glicerin hidratizira \u010dak i najsu\u0161u i najosjetljiviju ko\u017eu. Sadr\u017ei konoplju.<\/p>\n","protected":false},"featured_media":11810,"template":"","meta":{"_acf_changed":false},"product_brand":[],"product_cat":[701,755,692,699,660],"product_tag":[],"class_list":{"0":"post-11942","1":"product","2":"type-product","3":"status-publish","4":"has-post-thumbnail","6":"product_cat-1922-by-j-m-keune","7":"product_cat-essential","8":"product_cat-krema-za-brijanje","9":"product_cat-robna-marka","10":"product_cat-za-muskarce","12":"first","13":"instock","14":"taxable","15":"shipping-taxable","16":"purchasable","17":"product-type-simple"},"acf":[],"_links":{"self":[{"href":"https:\/\/keune.ba\/webshop\/wp-json\/wp\/v2\/product\/11942","targetHints":{"allow":["GET"]}}],"collection":[{"href":"https:\/\/keune.ba\/webshop\/wp-json\/wp\/v2\/product"}],"about":[{"href":"https:\/\/keune.ba\/webshop\/wp-json\/wp\/v2\/types\/product"}],"version-history":[{"count":2,"href":"https:\/\/keune.ba\/webshop\/wp-json\/wp\/v2\/product\/11942\/revisions"}],"predecessor-version":[{"id":12866,"href":"https:\/\/keune.ba\/webshop\/wp-json\/wp\/v2\/product\/11942\/revisions\/12866"}],"wp:featuredmedia":[{"embeddable":true,"href":"https:\/\/keune.ba\/webshop\/wp-json\/wp\/v2\/media\/11810"}],"wp:attachment":[{"href":"https:\/\/keune.ba\/webshop\/wp-json\/wp\/v2\/media?parent=11942"}],"wp:term":[{"taxonomy":"product_brand","embeddable":true,"href":"https:\/\/keune.ba\/webshop\/wp-json\/wp\/v2\/product_brand?post=11942"},{"taxonomy":"product_cat","embeddable":true,"href":"https:\/\/keune.ba\/webshop\/wp-json\/wp\/v2\/product_cat?post=11942"},{"taxonomy":"product_tag","embeddable":true,"href":"https:\/\/keune.ba\/webshop\/wp-json\/wp\/v2\/product_tag?post=11942"}],"curies":[{"name":"wp","href":"https:\/\/api.w.org\/{rel}","templated":true}]}}