{"id":11944,"date":"2021-05-31T19:29:01","date_gmt":"2021-05-31T17:29:01","guid":{"rendered":"https:\/\/keune.ba\/1922-matte-measure\/"},"modified":"2026-05-05T03:21:49","modified_gmt":"2026-05-05T01:21:49","slug":"1922-matte-measure","status":"publish","type":"product","link":"https:\/\/keune.ba\/webshop\/1922-matte-measure\/","title":{"rendered":"1922 Matte Measure"},"content":{"rendered":"<p>Kreirajte nekonvencionalnu frizuru sa 1922 by J.M. Keune Matte Measure.<\/p>\n<p>Matte Measure ima nevjerojatno, ali fleksibilno u\u010dvr\u0161\u0107enje s mat zavr\u0161nim rezultatom.<\/p>\n<p>Matte Measure protrljajte me\u0111u dlanovima dok nije gotovo nestala, a zatim nanesite na kosu i kreirajte odvajanje i laganu teksturu.<\/p>\n<p>Za dodavanje teksture nanosite malo po malo.<\/p>\n","protected":false},"excerpt":{"rendered":"<p>Potrebno vam je samo malo mat mjere za postizanje zadivljuju\u0107eg, ali razigranog izgleda s mat fini\u0161om.<\/p>\n<p>Ovaj je proizvod sjajan za izgradnju teksture laganog mat izgleda.<\/p>\n","protected":false},"featured_media":18159,"template":"","meta":{"_acf_changed":false},"product_brand":[],"product_cat":[701,699,759,695,660],"product_tag":[783],"class_list":{"0":"post-11944","1":"product","2":"type-product","3":"status-publish","4":"has-post-thumbnail","6":"product_cat-1922-by-j-m-keune","7":"product_cat-robna-marka","8":"product_cat-styling-1922-by-j-m-keune","9":"product_cat-styling-za-muskarce","10":"product_cat-za-muskarce","11":"product_tag-mat-definicija","13":"first","14":"instock","15":"taxable","16":"shipping-taxable","17":"purchasable","18":"product-type-simple"},"acf":[],"_links":{"self":[{"href":"https:\/\/keune.ba\/webshop\/wp-json\/wp\/v2\/product\/11944","targetHints":{"allow":["GET"]}}],"collection":[{"href":"https:\/\/keune.ba\/webshop\/wp-json\/wp\/v2\/product"}],"about":[{"href":"https:\/\/keune.ba\/webshop\/wp-json\/wp\/v2\/types\/product"}],"version-history":[{"count":4,"href":"https:\/\/keune.ba\/webshop\/wp-json\/wp\/v2\/product\/11944\/revisions"}],"predecessor-version":[{"id":18160,"href":"https:\/\/keune.ba\/webshop\/wp-json\/wp\/v2\/product\/11944\/revisions\/18160"}],"wp:featuredmedia":[{"embeddable":true,"href":"https:\/\/keune.ba\/webshop\/wp-json\/wp\/v2\/media\/18159"}],"wp:attachment":[{"href":"https:\/\/keune.ba\/webshop\/wp-json\/wp\/v2\/media?parent=11944"}],"wp:term":[{"taxonomy":"product_brand","embeddable":true,"href":"https:\/\/keune.ba\/webshop\/wp-json\/wp\/v2\/product_brand?post=11944"},{"taxonomy":"product_cat","embeddable":true,"href":"https:\/\/keune.ba\/webshop\/wp-json\/wp\/v2\/product_cat?post=11944"},{"taxonomy":"product_tag","embeddable":true,"href":"https:\/\/keune.ba\/webshop\/wp-json\/wp\/v2\/product_tag?post=11944"}],"curies":[{"name":"wp","href":"https:\/\/api.w.org\/{rel}","templated":true}]}}