{"id":11946,"date":"2021-05-31T19:29:01","date_gmt":"2021-05-31T17:29:01","guid":{"rendered":"https:\/\/keune.ba\/1922-tough-texture\/"},"modified":"2026-04-29T19:21:42","modified_gmt":"2026-04-29T17:21:42","slug":"1922-tough-texture","status":"publish","type":"product","link":"https:\/\/keune.ba\/webshop\/1922-tough-texture\/","title":{"rendered":"1922 Tough Texture"},"content":{"rendered":"<p>Tough Texture mo\u017ee se koristiti na kosi i kada je mokra. I nakon \u0161to je imala vremena da se osu\u0161i, nanesite jo\u0161 slojeva za kreiranje vi\u0161e teksture.<\/p>\n<p>Napravljena od kreatina da pomogne o\u010duvati kosu \u010dvr\u0161\u0107om.<\/p>\n","protected":false},"excerpt":{"rendered":"<p>Tough Texture je izvrstan proizvod za finu kosu jer gradi teksturu i izra\u0111en je s Creatinom kako bi kosa ostala jaka!<\/p>\n","protected":false},"featured_media":11822,"template":"","meta":{"_acf_changed":false},"product_brand":[],"product_cat":[701,699,759,695,660],"product_tag":[782],"class_list":{"0":"post-11946","1":"product","2":"type-product","3":"status-publish","4":"has-post-thumbnail","6":"product_cat-1922-by-j-m-keune","7":"product_cat-robna-marka","8":"product_cat-styling-1922-by-j-m-keune","9":"product_cat-styling-za-muskarce","10":"product_cat-za-muskarce","11":"product_tag-cvrsta-kosa","13":"first","14":"instock","15":"taxable","16":"shipping-taxable","17":"purchasable","18":"product-type-simple"},"acf":[],"_links":{"self":[{"href":"https:\/\/keune.ba\/webshop\/wp-json\/wp\/v2\/product\/11946","targetHints":{"allow":["GET"]}}],"collection":[{"href":"https:\/\/keune.ba\/webshop\/wp-json\/wp\/v2\/product"}],"about":[{"href":"https:\/\/keune.ba\/webshop\/wp-json\/wp\/v2\/types\/product"}],"version-history":[{"count":2,"href":"https:\/\/keune.ba\/webshop\/wp-json\/wp\/v2\/product\/11946\/revisions"}],"predecessor-version":[{"id":12887,"href":"https:\/\/keune.ba\/webshop\/wp-json\/wp\/v2\/product\/11946\/revisions\/12887"}],"wp:featuredmedia":[{"embeddable":true,"href":"https:\/\/keune.ba\/webshop\/wp-json\/wp\/v2\/media\/11822"}],"wp:attachment":[{"href":"https:\/\/keune.ba\/webshop\/wp-json\/wp\/v2\/media?parent=11946"}],"wp:term":[{"taxonomy":"product_brand","embeddable":true,"href":"https:\/\/keune.ba\/webshop\/wp-json\/wp\/v2\/product_brand?post=11946"},{"taxonomy":"product_cat","embeddable":true,"href":"https:\/\/keune.ba\/webshop\/wp-json\/wp\/v2\/product_cat?post=11946"},{"taxonomy":"product_tag","embeddable":true,"href":"https:\/\/keune.ba\/webshop\/wp-json\/wp\/v2\/product_tag?post=11946"}],"curies":[{"name":"wp","href":"https:\/\/api.w.org\/{rel}","templated":true}]}}