{"id":11948,"date":"2021-05-31T19:29:01","date_gmt":"2021-05-31T17:29:01","guid":{"rendered":"https:\/\/keune.ba\/1922-tinted-dust-6-g\/"},"modified":"2026-04-23T13:21:48","modified_gmt":"2026-04-23T11:21:48","slug":"1922-tinted-dust-6-g","status":"publish","type":"product","link":"https:\/\/keune.ba\/webshop\/1922-tinted-dust-6-g\/","title":{"rendered":"1922 Tinted Dust 6 G"},"content":{"rendered":"<p>Kreirajte rasko\u0161nu surfersku frizuru s volumenom i laganom, labavom teksturom kori\u0161tenjem Tinted Dust pudera za volumen.<\/p>\n<p>Tinted Dust ima lagano sme\u0111u boju, tako da kosa izgleda punija.<\/p>\n<p>Precizna pumpica dozvoljava vam nano\u0161enje pudera direktno u korijen tako da kosa izgleda punija i gu\u0161\u0107a tamo gdje je potrebno.<\/p>\n","protected":false},"excerpt":{"rendered":"<p>Puder u boji za volumen.<\/p>\n","protected":false},"featured_media":11821,"template":"","meta":{"_acf_changed":false},"product_brand":[],"product_cat":[701,699,759,695,660],"product_tag":[774],"class_list":{"0":"post-11948","1":"product","2":"type-product","3":"status-publish","4":"has-post-thumbnail","6":"product_cat-1922-by-j-m-keune","7":"product_cat-robna-marka","8":"product_cat-styling-1922-by-j-m-keune","9":"product_cat-styling-za-muskarce","10":"product_cat-za-muskarce","11":"product_tag-volumen","13":"first","14":"outofstock","15":"taxable","16":"shipping-taxable","17":"purchasable","18":"product-type-simple"},"acf":[],"_links":{"self":[{"href":"https:\/\/keune.ba\/webshop\/wp-json\/wp\/v2\/product\/11948","targetHints":{"allow":["GET"]}}],"collection":[{"href":"https:\/\/keune.ba\/webshop\/wp-json\/wp\/v2\/product"}],"about":[{"href":"https:\/\/keune.ba\/webshop\/wp-json\/wp\/v2\/types\/product"}],"version-history":[{"count":3,"href":"https:\/\/keune.ba\/webshop\/wp-json\/wp\/v2\/product\/11948\/revisions"}],"predecessor-version":[{"id":12886,"href":"https:\/\/keune.ba\/webshop\/wp-json\/wp\/v2\/product\/11948\/revisions\/12886"}],"wp:featuredmedia":[{"embeddable":true,"href":"https:\/\/keune.ba\/webshop\/wp-json\/wp\/v2\/media\/11821"}],"wp:attachment":[{"href":"https:\/\/keune.ba\/webshop\/wp-json\/wp\/v2\/media?parent=11948"}],"wp:term":[{"taxonomy":"product_brand","embeddable":true,"href":"https:\/\/keune.ba\/webshop\/wp-json\/wp\/v2\/product_brand?post=11948"},{"taxonomy":"product_cat","embeddable":true,"href":"https:\/\/keune.ba\/webshop\/wp-json\/wp\/v2\/product_cat?post=11948"},{"taxonomy":"product_tag","embeddable":true,"href":"https:\/\/keune.ba\/webshop\/wp-json\/wp\/v2\/product_tag?post=11948"}],"curies":[{"name":"wp","href":"https:\/\/api.w.org\/{rel}","templated":true}]}}