{"id":11950,"date":"2021-05-31T19:29:01","date_gmt":"2021-05-31T17:29:01","guid":{"rendered":"https:\/\/keune.ba\/1922-eau-de-toilette-100-ml\/"},"modified":"2026-05-04T13:21:47","modified_gmt":"2026-05-04T11:21:47","slug":"1922-eau-de-toilette-100-ml","status":"publish","type":"product","link":"https:\/\/keune.ba\/webshop\/1922-eau-de-toilette-100-ml\/","title":{"rendered":"1922 Eau De Toilette 100 ml"},"content":{"rendered":"<p>Keune Haircosmetics uvodi svoj prvi miris s potpisom, 1922 by J.M. Keune Eau de Toilette. Toaletna voda nadopunjuje jedinstveni miris proizvoda iz mu\u0161ke linije za njegu kose i brade, 1922 by J.M. Keune.<\/p>\n<p>Kreirao ju je sin osniva\u010da tvrtke Keune Haircosmetics, George Keune Senior. Osvje\u017eavaju\u0107i, topli i senzualni miris toaletne vode 1922 by J.M. Keune zapo\u010dinje laganim, zemljanim top notama eukaliptusa, kardamoma, mrkve i smokve. Kako se zagrijava na mu\u0161koj ko\u017ei, bogata srednja nota mirisa drveta dolazi do izra\u017eaja, uklju\u010duju\u0107i sandalovinu, iris, cedrovinu i kumarin. Osnovne note poput mo\u0161usa, suhog drveta, papirusa i ko\u017ee upotpunjuju te klasi\u010dne mirise.<\/p>\n<p>S 1922 by J.M. Keune Eau de Toilette, mu\u0161karci mogu zaokru\u017eiti svoju brija\u010dku rutinu s pravom toaletnom vodom \u2013 nagla\u0161avaju\u0107i miris proizvoda za njegu kose i brade iz linije 1922 by J.M. Keune i styling proizvoda koje ve\u0107 upotrebljavaju.<\/p>\n<p>Toaletna voda je dostupna u pakiranju bo\u010dice od 100 ml i mo\u017ee se prona\u0107i u salonima i brija\u010dnicama.<\/p>\n","protected":false},"excerpt":{"rendered":"<p>Toaletna voda s potpisom.<\/p>\n","protected":false},"featured_media":11820,"template":"","meta":{"_acf_changed":false},"product_brand":[],"product_cat":[701,754,699,697,660],"product_tag":[788],"class_list":{"0":"post-11950","1":"product","2":"type-product","3":"status-publish","4":"has-post-thumbnail","6":"product_cat-1922-by-j-m-keune","7":"product_cat-eau-de-toilette","8":"product_cat-robna-marka","9":"product_cat-toaletna-voda","10":"product_cat-za-muskarce","11":"product_tag-miris","13":"first","14":"instock","15":"taxable","16":"shipping-taxable","17":"purchasable","18":"product-type-simple"},"acf":[],"_links":{"self":[{"href":"https:\/\/keune.ba\/webshop\/wp-json\/wp\/v2\/product\/11950","targetHints":{"allow":["GET"]}}],"collection":[{"href":"https:\/\/keune.ba\/webshop\/wp-json\/wp\/v2\/product"}],"about":[{"href":"https:\/\/keune.ba\/webshop\/wp-json\/wp\/v2\/types\/product"}],"version-history":[{"count":2,"href":"https:\/\/keune.ba\/webshop\/wp-json\/wp\/v2\/product\/11950\/revisions"}],"predecessor-version":[{"id":12884,"href":"https:\/\/keune.ba\/webshop\/wp-json\/wp\/v2\/product\/11950\/revisions\/12884"}],"wp:featuredmedia":[{"embeddable":true,"href":"https:\/\/keune.ba\/webshop\/wp-json\/wp\/v2\/media\/11820"}],"wp:attachment":[{"href":"https:\/\/keune.ba\/webshop\/wp-json\/wp\/v2\/media?parent=11950"}],"wp:term":[{"taxonomy":"product_brand","embeddable":true,"href":"https:\/\/keune.ba\/webshop\/wp-json\/wp\/v2\/product_brand?post=11950"},{"taxonomy":"product_cat","embeddable":true,"href":"https:\/\/keune.ba\/webshop\/wp-json\/wp\/v2\/product_cat?post=11950"},{"taxonomy":"product_tag","embeddable":true,"href":"https:\/\/keune.ba\/webshop\/wp-json\/wp\/v2\/product_tag?post=11950"}],"curies":[{"name":"wp","href":"https:\/\/api.w.org\/{rel}","templated":true}]}}