{"id":11958,"date":"2021-05-31T19:29:05","date_gmt":"2021-05-31T17:29:05","guid":{"rendered":"https:\/\/keune.ba\/1922-color-5-light-brown\/"},"modified":"2026-04-28T23:21:48","modified_gmt":"2026-04-28T21:21:48","slug":"1922-color-5-light-brown","status":"publish","type":"product","link":"https:\/\/keune.ba\/webshop\/1922-color-5-light-brown\/","title":{"rendered":"1922 Color 5 Light Brown"},"content":{"rendered":"<p>Promjena stila ili pojava sijedih vlasi potpuno su valjani razlozi za\u0161to bojati kosu. Ali \u017eelite li zaista svu tu strku i zbrku? \u010cini nam se da ne. Zbog toga je 1922 by J.M. Keune kreirao asortiman boja jednostavne aplikacije koja traje samo 5 minuta.<\/p>\n<p>Na\u0161e prirodne nijanse su bez amonijaka i vrlo blage, mogu se koristiti i za osvje\u017eavanje boje brkova i brade.<\/p>\n<p>S rezultatima koji \u0107e vam se svidjeti-malo truda oko odr\u017eavanja, prirodno, s dugotrajnim u\u010dinkom.<\/p>\n","protected":false},"excerpt":{"rendered":"<p>Suptilan na\u010din bojenja i prekrivanja.<\/p>\n","protected":false},"featured_media":11815,"template":"","meta":{"_acf_changed":false},"product_brand":[],"product_cat":[701,752,691,699,660],"product_tag":[785],"class_list":{"0":"post-11958","1":"product","2":"type-product","3":"status-publish","4":"has-post-thumbnail","6":"product_cat-1922-by-j-m-keune","7":"product_cat-color","8":"product_cat-koloracija","9":"product_cat-robna-marka","10":"product_cat-za-muskarce","11":"product_tag-obojena-kosa","13":"first","14":"instock","15":"taxable","16":"shipping-taxable","17":"purchasable","18":"product-type-simple"},"acf":[],"_links":{"self":[{"href":"https:\/\/keune.ba\/webshop\/wp-json\/wp\/v2\/product\/11958","targetHints":{"allow":["GET"]}}],"collection":[{"href":"https:\/\/keune.ba\/webshop\/wp-json\/wp\/v2\/product"}],"about":[{"href":"https:\/\/keune.ba\/webshop\/wp-json\/wp\/v2\/types\/product"}],"version-history":[{"count":3,"href":"https:\/\/keune.ba\/webshop\/wp-json\/wp\/v2\/product\/11958\/revisions"}],"predecessor-version":[{"id":12878,"href":"https:\/\/keune.ba\/webshop\/wp-json\/wp\/v2\/product\/11958\/revisions\/12878"}],"wp:featuredmedia":[{"embeddable":true,"href":"https:\/\/keune.ba\/webshop\/wp-json\/wp\/v2\/media\/11815"}],"wp:attachment":[{"href":"https:\/\/keune.ba\/webshop\/wp-json\/wp\/v2\/media?parent=11958"}],"wp:term":[{"taxonomy":"product_brand","embeddable":true,"href":"https:\/\/keune.ba\/webshop\/wp-json\/wp\/v2\/product_brand?post=11958"},{"taxonomy":"product_cat","embeddable":true,"href":"https:\/\/keune.ba\/webshop\/wp-json\/wp\/v2\/product_cat?post=11958"},{"taxonomy":"product_tag","embeddable":true,"href":"https:\/\/keune.ba\/webshop\/wp-json\/wp\/v2\/product_tag?post=11958"}],"curies":[{"name":"wp","href":"https:\/\/api.w.org\/{rel}","templated":true}]}}