{"id":16419,"date":"2024-04-29T10:22:24","date_gmt":"2024-04-29T08:22:24","guid":{"rendered":"https:\/\/keune.ba\/webshop\/?post_type=product&#038;p=16419"},"modified":"2025-12-18T16:02:50","modified_gmt":"2025-12-18T15:02:50","slug":"so-pure-parfem-za-kosu","status":"publish","type":"product","link":"https:\/\/keune.ba\/webshop\/so-pure-parfem-za-kosu\/","title":{"rendered":"SO PURE &#8211; Parfem za kosu"},"content":{"rendered":"<p>NA\u0160 PREPOZNATLJIVI MIRIS SO PURE<\/p>\n<p>Sada kao miris za kosu<\/p>\n<p>OSVJE\u017dAVAJU\u0106E GORNJE NOTE<\/p>\n<ul>\n<li>Smokvin list. Bergamot, Ogrozd<\/li>\n<\/ul>\n<p>SR\u010cANE NOTE<\/p>\n<ul>\n<li>Jasmin, Zeleni \u010daj<\/li>\n<\/ul>\n<p>BAZNI TONOVI<\/p>\n<ul>\n<li>Meka glina, Amber, Udoban ka\u0161mir<\/li>\n<\/ul>\n","protected":false},"excerpt":{"rendered":"<p>U\u0111ite u svijet prirodnog luksuza s Keune So Pure parfemom za kosu. Uronite u umiruju\u0107u mje\u0161avinu li\u0161\u0107a smokve, svje\u017eeg bergamota, jasmina i toplog ambera za spa iskustvo u udobnosti va\u0161eg doma.<\/p>\n","protected":false},"featured_media":16420,"template":"","meta":{"_acf_changed":false},"product_brand":[],"product_cat":[706],"product_tag":[849],"class_list":{"0":"post-16419","1":"product","2":"type-product","3":"status-publish","4":"has-post-thumbnail","6":"product_cat-so-pure","7":"product_tag-so-pure","9":"first","10":"instock","11":"taxable","12":"shipping-taxable","13":"purchasable","14":"product-type-simple"},"acf":[],"_links":{"self":[{"href":"https:\/\/keune.ba\/webshop\/wp-json\/wp\/v2\/product\/16419","targetHints":{"allow":["GET"]}}],"collection":[{"href":"https:\/\/keune.ba\/webshop\/wp-json\/wp\/v2\/product"}],"about":[{"href":"https:\/\/keune.ba\/webshop\/wp-json\/wp\/v2\/types\/product"}],"version-history":[{"count":1,"href":"https:\/\/keune.ba\/webshop\/wp-json\/wp\/v2\/product\/16419\/revisions"}],"predecessor-version":[{"id":16424,"href":"https:\/\/keune.ba\/webshop\/wp-json\/wp\/v2\/product\/16419\/revisions\/16424"}],"wp:featuredmedia":[{"embeddable":true,"href":"https:\/\/keune.ba\/webshop\/wp-json\/wp\/v2\/media\/16420"}],"wp:attachment":[{"href":"https:\/\/keune.ba\/webshop\/wp-json\/wp\/v2\/media?parent=16419"}],"wp:term":[{"taxonomy":"product_brand","embeddable":true,"href":"https:\/\/keune.ba\/webshop\/wp-json\/wp\/v2\/product_brand?post=16419"},{"taxonomy":"product_cat","embeddable":true,"href":"https:\/\/keune.ba\/webshop\/wp-json\/wp\/v2\/product_cat?post=16419"},{"taxonomy":"product_tag","embeddable":true,"href":"https:\/\/keune.ba\/webshop\/wp-json\/wp\/v2\/product_tag?post=16419"}],"curies":[{"name":"wp","href":"https:\/\/api.w.org\/{rel}","templated":true}]}}