{"id":16807,"date":"2024-09-05T12:40:42","date_gmt":"2024-09-05T10:40:42","guid":{"rendered":"https:\/\/keune.ba\/webshop\/?post_type=product&#038;p=16807"},"modified":"2025-12-18T16:02:55","modified_gmt":"2025-12-18T15:02:55","slug":"style-ultimate-blowout-200-ml","status":"publish","type":"product","link":"https:\/\/keune.ba\/webshop\/style-ultimate-blowout-200-ml\/","title":{"rendered":"Style Ultimate Blowout 200 ml"},"content":{"rendered":"<p><strong>Do\u017eivite Ultimate Blowout!<\/strong> Losion za za\u0161titu od topline s fleksibilnim, srednjim u\u010dvr\u0161\u0107enjem.<\/p>\n<p>Dodajte elegantan volumen i blistav sjaj ostavljaju\u0107i kosu poslu\u0161nom. Oja\u010dajte kosu uz integriranu Bond Fuser tehnologiju u proizvodu. Za\u0161tita od topline do 230\u00b0C\/446\u00b0F.<\/p>\n<p><strong>Kako koristiti?<br \/>\n<\/strong>Nanesite malu koli\u010dinu na vla\u017enu kosu od korijena do vrhova zatim osu\u0161ite fenom. Dodajte ve\u0107u koli\u010dinu za gu\u0161\u0107u ili du\u017eu kosu.<\/p>\n","protected":false},"excerpt":{"rendered":"<p>Ostavlja va\u0161u kosu volumiziranom, elasti\u010dnom i punom prirodnog sjaja.<\/p>\n<ul>\n<li>Gradi volumen<\/li>\n<li>Dodaje prirodan sjaj<\/li>\n<li>Ne ostavlja film na kosi<\/li>\n<li>Za\u0161tita od topline do 230\u00b0C\/ 446\u00b0F<\/li>\n<li>Integrirana Bond Fuser tehnologija, jedinstven kompleks koji \u0161titi postoje\u0107e disulfidne veze i stvara nove za za\u0161titu cjelovitosti kose<\/li>\n<\/ul>\n","protected":false},"featured_media":16798,"template":"","meta":{"_acf_changed":false},"product_brand":[],"product_cat":[699,679,681,850,702,658],"product_tag":[],"class_list":{"0":"post-16807","1":"product","2":"type-product","3":"status-publish","4":"has-post-thumbnail","6":"product_cat-robna-marka","7":"product_cat-krema-styling","8":"product_cat-losion-styling","9":"product_cat-prep-and-prime","10":"product_cat-style","11":"product_cat-styling","13":"first","14":"instock","15":"taxable","16":"shipping-taxable","17":"purchasable","18":"product-type-simple"},"acf":[],"_links":{"self":[{"href":"https:\/\/keune.ba\/webshop\/wp-json\/wp\/v2\/product\/16807","targetHints":{"allow":["GET"]}}],"collection":[{"href":"https:\/\/keune.ba\/webshop\/wp-json\/wp\/v2\/product"}],"about":[{"href":"https:\/\/keune.ba\/webshop\/wp-json\/wp\/v2\/types\/product"}],"version-history":[{"count":4,"href":"https:\/\/keune.ba\/webshop\/wp-json\/wp\/v2\/product\/16807\/revisions"}],"predecessor-version":[{"id":16812,"href":"https:\/\/keune.ba\/webshop\/wp-json\/wp\/v2\/product\/16807\/revisions\/16812"}],"wp:featuredmedia":[{"embeddable":true,"href":"https:\/\/keune.ba\/webshop\/wp-json\/wp\/v2\/media\/16798"}],"wp:attachment":[{"href":"https:\/\/keune.ba\/webshop\/wp-json\/wp\/v2\/media?parent=16807"}],"wp:term":[{"taxonomy":"product_brand","embeddable":true,"href":"https:\/\/keune.ba\/webshop\/wp-json\/wp\/v2\/product_brand?post=16807"},{"taxonomy":"product_cat","embeddable":true,"href":"https:\/\/keune.ba\/webshop\/wp-json\/wp\/v2\/product_cat?post=16807"},{"taxonomy":"product_tag","embeddable":true,"href":"https:\/\/keune.ba\/webshop\/wp-json\/wp\/v2\/product_tag?post=16807"}],"curies":[{"name":"wp","href":"https:\/\/api.w.org\/{rel}","templated":true}]}}