{"id":16813,"date":"2024-09-05T12:47:53","date_gmt":"2024-09-05T10:47:53","guid":{"rendered":"https:\/\/keune.ba\/webshop\/?post_type=product&#038;p=16813"},"modified":"2025-12-18T16:02:54","modified_gmt":"2025-12-18T15:02:54","slug":"style-rush-hour-200-ml","status":"publish","type":"product","link":"https:\/\/keune.ba\/webshop\/style-rush-hour-200-ml\/","title":{"rendered":"Style Rush Hour 200 ml"},"content":{"rendered":"<p>Ubrzajte svoje feniranje uz Rush Hour! Skra\u0107uje vrijeme su\u0161enja, ne ote\u017eava kosu i ja\u010da ju s integriranom Bond Fuser tehnologijom. Za\u0161tita od topline do 230\u00b0C\/446\u00b0F.<\/p>\n<p><strong>Kako koristiti?<\/strong><br \/>\nPrije upotrebe protresti. Nanesite kroz vla\u017enu kosu od korijena do vrhova, zatim osu\u0161ite fenom. Dodajte ve\u0107u koli\u010dinu za gu\u0161\u0107u i du\u017eu kosu.<\/p>\n","protected":false},"excerpt":{"rendered":"<p>Ubrzava vrijeme su\u0161enja i pru\u017ea za\u0161titu od topline.<\/p>\n<ul>\n<li>Ubrzava vrijeme feniranja<\/li>\n<li>Daje lagano u\u010dvr\u0161\u0107enje i sjaj<\/li>\n<li>Za\u0161tita od topline do 230\u00b0C\/ 446\u00b0F<\/li>\n<li>Integrirana Bond Fuser tehnologija, jedinstven kompleks koji \u0161titi postoje\u0107e disulfidne veze i stvara nove veze za za\u0161titu integriteta kose<\/li>\n<\/ul>\n","protected":false},"featured_media":16799,"template":"","meta":{"_acf_changed":false},"product_brand":[],"product_cat":[699,850,686,702,658,858],"product_tag":[],"class_list":{"0":"post-16813","1":"product","2":"type-product","3":"status-publish","4":"has-post-thumbnail","6":"product_cat-robna-marka","7":"product_cat-prep-and-prime","8":"product_cat-sprej-styling","9":"product_cat-style","10":"product_cat-styling","11":"product_cat-summer-favorites","13":"first","14":"instock","15":"taxable","16":"shipping-taxable","17":"purchasable","18":"product-type-simple"},"acf":[],"_links":{"self":[{"href":"https:\/\/keune.ba\/webshop\/wp-json\/wp\/v2\/product\/16813","targetHints":{"allow":["GET"]}}],"collection":[{"href":"https:\/\/keune.ba\/webshop\/wp-json\/wp\/v2\/product"}],"about":[{"href":"https:\/\/keune.ba\/webshop\/wp-json\/wp\/v2\/types\/product"}],"version-history":[{"count":2,"href":"https:\/\/keune.ba\/webshop\/wp-json\/wp\/v2\/product\/16813\/revisions"}],"predecessor-version":[{"id":16815,"href":"https:\/\/keune.ba\/webshop\/wp-json\/wp\/v2\/product\/16813\/revisions\/16815"}],"wp:featuredmedia":[{"embeddable":true,"href":"https:\/\/keune.ba\/webshop\/wp-json\/wp\/v2\/media\/16799"}],"wp:attachment":[{"href":"https:\/\/keune.ba\/webshop\/wp-json\/wp\/v2\/media?parent=16813"}],"wp:term":[{"taxonomy":"product_brand","embeddable":true,"href":"https:\/\/keune.ba\/webshop\/wp-json\/wp\/v2\/product_brand?post=16813"},{"taxonomy":"product_cat","embeddable":true,"href":"https:\/\/keune.ba\/webshop\/wp-json\/wp\/v2\/product_cat?post=16813"},{"taxonomy":"product_tag","embeddable":true,"href":"https:\/\/keune.ba\/webshop\/wp-json\/wp\/v2\/product_tag?post=16813"}],"curies":[{"name":"wp","href":"https:\/\/api.w.org\/{rel}","templated":true}]}}