{"id":16818,"date":"2024-09-05T12:51:04","date_gmt":"2024-09-05T10:51:04","guid":{"rendered":"https:\/\/keune.ba\/webshop\/?post_type=product&#038;p=16818"},"modified":"2025-12-18T16:02:58","modified_gmt":"2025-12-18T15:02:58","slug":"style-tame-game-200-ml","status":"publish","type":"product","link":"https:\/\/keune.ba\/webshop\/style-tame-game-200-ml\/","title":{"rendered":"Style Tame Game 200 ml"},"content":{"rendered":"<p>Savr\u0161ena priprema za va\u0161u kosu. Bilo da voli\u0161 svoje kovr\u010de ili tra\u017ei\u0161 elegantni izgled, ova luksuzna krema odmah omek\u0161ava, hidratizira i ukro\u0107uje va\u0161u kosu. Toplinska za\u0161tita do 230\u00b0C\/446\u00b0F.<\/p>\n<p><strong>Kako koristiti?<\/strong><br \/>\nNanesite Tame Game na mokru kosu.<\/p>\n<ul>\n<li>Za kovr\u010davu kosu: Nanesite na vla\u017enu do mokru kosu, pramen po pramen.Osu\u0161ite s difuzorom ili ostavite da se osu\u0161i na zraku.<\/li>\n<li>Za ravnu kosu: Nanesite na vla\u017enu kosu, osu\u0161iteravno, zatim nastavite peglom za za ultimativni elegantan izgled.<\/li>\n<\/ul>\n","protected":false},"excerpt":{"rendered":"<p>Ova luksuzna krema omek\u0161ava, rehidrira i \u010dini kosu podatnom uz za\u0161titu od topline.<\/p>\n<ul>\n<li>Poma\u017ee zagladiti i kontrolirati frizzy efekt<\/li>\n<li>Formuliran s pantenolom za njegu va\u0161e kose<\/li>\n<li>Oboga\u0107en vitaminom E, antioksidansom,i ricinusovo uljem koje \u0161titi kosu od vanjskih utjecaja.<\/li>\n<li>Sa za\u0161titom od topline do 230\u00b0C\/446\u00b0F<\/li>\n<\/ul>\n","protected":false},"featured_media":16801,"template":"","meta":{"_acf_changed":false},"product_brand":[],"product_cat":[699,679,850,702,658],"product_tag":[],"class_list":{"0":"post-16818","1":"product","2":"type-product","3":"status-publish","4":"has-post-thumbnail","6":"product_cat-robna-marka","7":"product_cat-krema-styling","8":"product_cat-prep-and-prime","9":"product_cat-style","10":"product_cat-styling","12":"first","13":"instock","14":"taxable","15":"shipping-taxable","16":"purchasable","17":"product-type-simple"},"acf":[],"_links":{"self":[{"href":"https:\/\/keune.ba\/webshop\/wp-json\/wp\/v2\/product\/16818","targetHints":{"allow":["GET"]}}],"collection":[{"href":"https:\/\/keune.ba\/webshop\/wp-json\/wp\/v2\/product"}],"about":[{"href":"https:\/\/keune.ba\/webshop\/wp-json\/wp\/v2\/types\/product"}],"version-history":[{"count":2,"href":"https:\/\/keune.ba\/webshop\/wp-json\/wp\/v2\/product\/16818\/revisions"}],"predecessor-version":[{"id":16820,"href":"https:\/\/keune.ba\/webshop\/wp-json\/wp\/v2\/product\/16818\/revisions\/16820"}],"wp:featuredmedia":[{"embeddable":true,"href":"https:\/\/keune.ba\/webshop\/wp-json\/wp\/v2\/media\/16801"}],"wp:attachment":[{"href":"https:\/\/keune.ba\/webshop\/wp-json\/wp\/v2\/media?parent=16818"}],"wp:term":[{"taxonomy":"product_brand","embeddable":true,"href":"https:\/\/keune.ba\/webshop\/wp-json\/wp\/v2\/product_brand?post=16818"},{"taxonomy":"product_cat","embeddable":true,"href":"https:\/\/keune.ba\/webshop\/wp-json\/wp\/v2\/product_cat?post=16818"},{"taxonomy":"product_tag","embeddable":true,"href":"https:\/\/keune.ba\/webshop\/wp-json\/wp\/v2\/product_tag?post=16818"}],"curies":[{"name":"wp","href":"https:\/\/api.w.org\/{rel}","templated":true}]}}