{"id":16827,"date":"2024-09-05T12:53:58","date_gmt":"2024-09-05T10:53:58","guid":{"rendered":"https:\/\/keune.ba\/webshop\/?post_type=product&#038;p=16827"},"modified":"2025-12-18T16:02:54","modified_gmt":"2025-12-18T15:02:54","slug":"style-power-paste-150-ml-2","status":"publish","type":"product","link":"https:\/\/keune.ba\/webshop\/style-power-paste-150-ml-2\/","title":{"rendered":"Style Power Paste 150 ml"},"content":{"rendered":"<p>Izvukli smo maksimum! Sve \u0161to trebate je malo paste za teksturiranje za herojsko u\u010dvr\u0161\u0107ivanje.<\/p>\n<p>Koristite za stvaranje super mat teksture. Vodootporna je sa super mat zavr\u0161nim rezultatom i djeluje na svim tipovima kose.<\/p>\n<p><strong>Kako koristiti?<\/strong><br \/>\nUtrljajte malu koli\u010dinu u dlanove,zatim pro\u0111ite kroz vla\u017enu ili suhu kosu.<\/p>\n","protected":false},"excerpt":{"rendered":"<p>Super mat zavr\u0161ni rezultati, super jako u\u010dvr\u0161\u0107ivanje koje traje do 48 sati.*<\/p>\n<ul>\n<li>Izuzetno jaka postojanost od 48 sati*<\/li>\n<li>Super mat zavr\u0161ni rezultat<\/li>\n<li>Otporna na vodu<\/li>\n<\/ul>\n<p><em><br \/>\n*instrumentalni test<\/em><\/p>\n","protected":false},"featured_media":16804,"template":"","meta":{"_acf_changed":false},"product_brand":[],"product_cat":[699,682,851,702,658],"product_tag":[],"class_list":{"0":"post-16827","1":"product","2":"type-product","3":"status-publish","4":"has-post-thumbnail","6":"product_cat-robna-marka","7":"product_cat-pasta","8":"product_cat-shape-and-texture","9":"product_cat-style","10":"product_cat-styling","12":"first","13":"instock","14":"taxable","15":"shipping-taxable","16":"purchasable","17":"product-type-simple"},"acf":[],"_links":{"self":[{"href":"https:\/\/keune.ba\/webshop\/wp-json\/wp\/v2\/product\/16827","targetHints":{"allow":["GET"]}}],"collection":[{"href":"https:\/\/keune.ba\/webshop\/wp-json\/wp\/v2\/product"}],"about":[{"href":"https:\/\/keune.ba\/webshop\/wp-json\/wp\/v2\/types\/product"}],"version-history":[{"count":2,"href":"https:\/\/keune.ba\/webshop\/wp-json\/wp\/v2\/product\/16827\/revisions"}],"predecessor-version":[{"id":16829,"href":"https:\/\/keune.ba\/webshop\/wp-json\/wp\/v2\/product\/16827\/revisions\/16829"}],"wp:featuredmedia":[{"embeddable":true,"href":"https:\/\/keune.ba\/webshop\/wp-json\/wp\/v2\/media\/16804"}],"wp:attachment":[{"href":"https:\/\/keune.ba\/webshop\/wp-json\/wp\/v2\/media?parent=16827"}],"wp:term":[{"taxonomy":"product_brand","embeddable":true,"href":"https:\/\/keune.ba\/webshop\/wp-json\/wp\/v2\/product_brand?post=16827"},{"taxonomy":"product_cat","embeddable":true,"href":"https:\/\/keune.ba\/webshop\/wp-json\/wp\/v2\/product_cat?post=16827"},{"taxonomy":"product_tag","embeddable":true,"href":"https:\/\/keune.ba\/webshop\/wp-json\/wp\/v2\/product_tag?post=16827"}],"curies":[{"name":"wp","href":"https:\/\/api.w.org\/{rel}","templated":true}]}}