{"id":16830,"date":"2024-09-05T12:55:06","date_gmt":"2024-09-05T10:55:06","guid":{"rendered":"https:\/\/keune.ba\/webshop\/?post_type=product&#038;p=16830"},"modified":"2025-12-18T16:02:58","modified_gmt":"2025-12-18T15:02:58","slug":"style-the-rock-200-ml","status":"publish","type":"product","link":"https:\/\/keune.ba\/webshop\/style-the-rock-200-ml\/","title":{"rendered":"Style The Rock 200 ml"},"content":{"rendered":"<p>Do\u017eivite vrhunac stiliziranja kose s na\u0161im kao kamen \u010dvrstim gelom za oblikovanje, nudi vrhunsku \u010dvrsto\u0107u i blistavi sjaj.<\/p>\n<p>Ostvarite sve \u017eeljene mokre, hrskave stylinge na kosi. Odlu\u010dite se za elegantni zavr\u0161etak nano\u0161enjem na mokru kosu.<\/p>\n<p><strong>Kako koristiti?<\/strong><\/p>\n<ul>\n<li>Nanesite na vla\u017enu ili suhu kosu.<\/li>\n<li>Su\u0161iti fenom za definiciju prirodnog izgleda.<\/li>\n<\/ul>\n","protected":false},"excerpt":{"rendered":"<p>Super sna\u017eno u\u010dvr\u0161\u0107ivanje s visokim sjajem.<\/p>\n<ul>\n<li>Dodaje intenzivan sjaj<\/li>\n<li>Sna\u017eno u\u010dvr\u0161\u0107ivanje, cijeli dan<\/li>\n<li>Pru\u017ea \u010dvrsti, hrskavi efekt na kosi<\/li>\n<li>Brzo vrijeme su\u0161enja<\/li>\n<\/ul>\n","protected":false},"featured_media":16805,"template":"","meta":{"_acf_changed":false},"product_brand":[],"product_cat":[699,854,677,702,658],"product_tag":[],"class_list":{"0":"post-16830","1":"product","2":"type-product","3":"status-publish","4":"has-post-thumbnail","6":"product_cat-robna-marka","7":"product_cat-fix-and-finish","8":"product_cat-gel-styling","9":"product_cat-style","10":"product_cat-styling","12":"first","13":"instock","14":"taxable","15":"shipping-taxable","16":"purchasable","17":"product-type-simple"},"acf":[],"_links":{"self":[{"href":"https:\/\/keune.ba\/webshop\/wp-json\/wp\/v2\/product\/16830","targetHints":{"allow":["GET"]}}],"collection":[{"href":"https:\/\/keune.ba\/webshop\/wp-json\/wp\/v2\/product"}],"about":[{"href":"https:\/\/keune.ba\/webshop\/wp-json\/wp\/v2\/types\/product"}],"version-history":[{"count":2,"href":"https:\/\/keune.ba\/webshop\/wp-json\/wp\/v2\/product\/16830\/revisions"}],"predecessor-version":[{"id":16832,"href":"https:\/\/keune.ba\/webshop\/wp-json\/wp\/v2\/product\/16830\/revisions\/16832"}],"wp:featuredmedia":[{"embeddable":true,"href":"https:\/\/keune.ba\/webshop\/wp-json\/wp\/v2\/media\/16805"}],"wp:attachment":[{"href":"https:\/\/keune.ba\/webshop\/wp-json\/wp\/v2\/media?parent=16830"}],"wp:term":[{"taxonomy":"product_brand","embeddable":true,"href":"https:\/\/keune.ba\/webshop\/wp-json\/wp\/v2\/product_brand?post=16830"},{"taxonomy":"product_cat","embeddable":true,"href":"https:\/\/keune.ba\/webshop\/wp-json\/wp\/v2\/product_cat?post=16830"},{"taxonomy":"product_tag","embeddable":true,"href":"https:\/\/keune.ba\/webshop\/wp-json\/wp\/v2\/product_tag?post=16830"}],"curies":[{"name":"wp","href":"https:\/\/api.w.org\/{rel}","templated":true}]}}