{"id":16833,"date":"2024-09-05T12:56:05","date_gmt":"2024-09-05T10:56:05","guid":{"rendered":"https:\/\/keune.ba\/webshop\/?post_type=product&#038;p=16833"},"modified":"2025-12-18T16:02:56","modified_gmt":"2025-12-18T15:02:56","slug":"style-head-lock-200-ml","status":"publish","type":"product","link":"https:\/\/keune.ba\/webshop\/style-head-lock-200-ml\/","title":{"rendered":"Style Head Lock 200 ml"},"content":{"rendered":"<p>Bezvremenski klasik u na\u0161em asortimanu. Prvi konceptualiziran i pedantno izra\u0111en jo\u0161 1977. godine, ovaj je gel izdr\u017eao test vremena i predstavlja sve \u0161to klijenti \u017eele od gela strukturu, sjaj \u2014 i nevjerojatnu \u010dvrsto\u0107u.<\/p>\n<p>Koristite ga za oblikovanje kose na razne na\u010dine, a mo\u017eete ga koristiti i kao gel za feniranje jer nudi za\u0161titu od topline do 230\u00b0C\/ 446\u00b0F.<\/p>\n<p><strong>Kako koristiti?<\/strong><br \/>\nNanesite na vla\u017enu ili suhu kosu. Su\u0161iti fenomza definiciju prirodnog izgleda.<\/p>\n","protected":false},"excerpt":{"rendered":"<p>Definira kosu hiper-blistavim sjajem.<\/p>\n<ul>\n<li>Srednje \u010dvrsto\u0107e<\/li>\n<li>Dodaje intenzivan sjaj<\/li>\n<li>Izuzetno svestran<\/li>\n<li>Za\u0161tita od topline do 230 \u00b0C\/446\u00b0F<\/li>\n<\/ul>\n","protected":false},"featured_media":16806,"template":"","meta":{"_acf_changed":false},"product_brand":[],"product_cat":[699,677,851,702,658,858],"product_tag":[],"class_list":{"0":"post-16833","1":"product","2":"type-product","3":"status-publish","4":"has-post-thumbnail","6":"product_cat-robna-marka","7":"product_cat-gel-styling","8":"product_cat-shape-and-texture","9":"product_cat-style","10":"product_cat-styling","11":"product_cat-summer-favorites","13":"first","14":"instock","15":"taxable","16":"shipping-taxable","17":"purchasable","18":"product-type-simple"},"acf":[],"_links":{"self":[{"href":"https:\/\/keune.ba\/webshop\/wp-json\/wp\/v2\/product\/16833","targetHints":{"allow":["GET"]}}],"collection":[{"href":"https:\/\/keune.ba\/webshop\/wp-json\/wp\/v2\/product"}],"about":[{"href":"https:\/\/keune.ba\/webshop\/wp-json\/wp\/v2\/types\/product"}],"version-history":[{"count":2,"href":"https:\/\/keune.ba\/webshop\/wp-json\/wp\/v2\/product\/16833\/revisions"}],"predecessor-version":[{"id":16835,"href":"https:\/\/keune.ba\/webshop\/wp-json\/wp\/v2\/product\/16833\/revisions\/16835"}],"wp:featuredmedia":[{"embeddable":true,"href":"https:\/\/keune.ba\/webshop\/wp-json\/wp\/v2\/media\/16806"}],"wp:attachment":[{"href":"https:\/\/keune.ba\/webshop\/wp-json\/wp\/v2\/media?parent=16833"}],"wp:term":[{"taxonomy":"product_brand","embeddable":true,"href":"https:\/\/keune.ba\/webshop\/wp-json\/wp\/v2\/product_brand?post=16833"},{"taxonomy":"product_cat","embeddable":true,"href":"https:\/\/keune.ba\/webshop\/wp-json\/wp\/v2\/product_cat?post=16833"},{"taxonomy":"product_tag","embeddable":true,"href":"https:\/\/keune.ba\/webshop\/wp-json\/wp\/v2\/product_tag?post=16833"}],"curies":[{"name":"wp","href":"https:\/\/api.w.org\/{rel}","templated":true}]}}