{"id":16836,"date":"2024-09-05T12:57:06","date_gmt":"2024-09-05T10:57:06","guid":{"rendered":"https:\/\/keune.ba\/webshop\/?post_type=product&#038;p=16836"},"modified":"2025-12-18T16:02:58","modified_gmt":"2025-12-18T15:02:58","slug":"style-claytime-100-ml","status":"publish","type":"product","link":"https:\/\/keune.ba\/webshop\/style-claytime-100-ml\/","title":{"rendered":"Style Claytime 100 ml"},"content":{"rendered":"<p>Stvorite grube, razigrane teksture s Claytime-om, na\u0161om mat glinom koja se mo\u017ee preoblikovati &#8211; Claytime je formuliran s Dry Cleansing kompleksom za suho \u010di\u0161\u0107enje koji upija vi\u0161ak masno\u0107e s tjemena.<\/p>\n<p>Kukuruzni \u0161krob osigurava fleksibilno u\u010dvr\u0161\u0107enje.<\/p>\n<p><strong>Kako koristiti?<\/strong><br \/>\nUtrljajte malu koli\u010dinu u dlanove, zatim pro\u0111ite kroz suhu kosu<\/p>\n","protected":false},"excerpt":{"rendered":"<p>Glina pru\u017ea sna\u017eno u\u010dvr\u0161\u0107ivanje uz mat zavr\u0161ni rezultat omogu\u0107uju\u0107i vam stiliziranje i oblikovanje kose po \u017eelji.<\/p>\n<ul>\n<li>Stvara grube, razigrane teksture<\/li>\n<li>Kukuruzni \u0161krob pru\u017ea fleksibilno u\u010dvr\u0161\u0107enje<\/li>\n<li>Dry Cleansing kompleks upija vi\u0161ak ulje<\/li>\n<li>Za \u010disto vlasi\u0161te<\/li>\n<\/ul>\n","protected":false},"featured_media":16776,"template":"","meta":{"_acf_changed":false},"product_brand":[],"product_cat":[699,854,678,702,658],"product_tag":[],"class_list":{"0":"post-16836","1":"product","2":"type-product","3":"status-publish","4":"has-post-thumbnail","6":"product_cat-robna-marka","7":"product_cat-fix-and-finish","8":"product_cat-glina","9":"product_cat-style","10":"product_cat-styling","12":"first","13":"instock","14":"taxable","15":"shipping-taxable","16":"purchasable","17":"product-type-simple"},"acf":[],"_links":{"self":[{"href":"https:\/\/keune.ba\/webshop\/wp-json\/wp\/v2\/product\/16836","targetHints":{"allow":["GET"]}}],"collection":[{"href":"https:\/\/keune.ba\/webshop\/wp-json\/wp\/v2\/product"}],"about":[{"href":"https:\/\/keune.ba\/webshop\/wp-json\/wp\/v2\/types\/product"}],"version-history":[{"count":2,"href":"https:\/\/keune.ba\/webshop\/wp-json\/wp\/v2\/product\/16836\/revisions"}],"predecessor-version":[{"id":16838,"href":"https:\/\/keune.ba\/webshop\/wp-json\/wp\/v2\/product\/16836\/revisions\/16838"}],"wp:featuredmedia":[{"embeddable":true,"href":"https:\/\/keune.ba\/webshop\/wp-json\/wp\/v2\/media\/16776"}],"wp:attachment":[{"href":"https:\/\/keune.ba\/webshop\/wp-json\/wp\/v2\/media?parent=16836"}],"wp:term":[{"taxonomy":"product_brand","embeddable":true,"href":"https:\/\/keune.ba\/webshop\/wp-json\/wp\/v2\/product_brand?post=16836"},{"taxonomy":"product_cat","embeddable":true,"href":"https:\/\/keune.ba\/webshop\/wp-json\/wp\/v2\/product_cat?post=16836"},{"taxonomy":"product_tag","embeddable":true,"href":"https:\/\/keune.ba\/webshop\/wp-json\/wp\/v2\/product_tag?post=16836"}],"curies":[{"name":"wp","href":"https:\/\/api.w.org\/{rel}","templated":true}]}}