{"id":16842,"date":"2024-09-05T12:59:24","date_gmt":"2024-09-05T10:59:24","guid":{"rendered":"https:\/\/keune.ba\/webshop\/?post_type=product&#038;p=16842"},"modified":"2025-12-18T16:02:58","modified_gmt":"2025-12-18T15:02:58","slug":"style-good-fibes-100-ml","status":"publish","type":"product","link":"https:\/\/keune.ba\/webshop\/style-good-fibes-100-ml\/","title":{"rendered":"Style Good Fibes 100 ml"},"content":{"rendered":"<p>Prigrlite stiliziranje kose s Good Fibes, fleksibilnu vlaknastu pastu, namijenjenu za oblikovanju kose s lako\u0107om.<\/p>\n<p>Formulirana za svestranost, ova inovativna pasta pru\u017ea prirodno, lepr\u0161avo u\u010dvr\u0161\u0107enje, koje vam omogu\u0107uje stvaranje razli\u010ditih izgleda bez uko\u010denog izgleda kose.<\/p>\n<p>Bilo da izra\u0111ujete ra\u0161\u010dupanu teksturu ili definirate precizne stilove, Good Fibes nudi fleksibilnost koja vam je potrebna za beskrajne mogu\u0107nosti stiliziranja.<\/p>\n<p><strong>Kako koristiti?<\/strong><br \/>\nUtrljajte malu koli\u010dinu u dlanove, zatim nanesite kroz vla\u017enu ili suhu kosu.<\/p>\n","protected":false},"excerpt":{"rendered":"<p>Kosa s u\u010dvr\u0161\u0107enjem prirodnog izgleda, za razigrani styling kroz \u010ditav dan.<\/p>\n<ul>\n<li>Prirodno u\u010dvr\u0161\u0107enje s puno pokreta u kosi<\/li>\n<li>Sadr\u017ei pantenol za dodatnu njegu<\/li>\n<li>Sadr\u017ei vlakna za fleksibilno u\u010dvr\u0161\u0107enje<\/li>\n<\/ul>\n","protected":false},"featured_media":16778,"template":"","meta":{"_acf_changed":false},"product_brand":[],"product_cat":[699,682,702,658,852],"product_tag":[],"class_list":{"0":"post-16842","1":"product","2":"type-product","3":"status-publish","4":"has-post-thumbnail","6":"product_cat-robna-marka","7":"product_cat-pasta","8":"product_cat-style","9":"product_cat-styling","10":"product_cat-volume-and-grip","12":"first","13":"instock","14":"taxable","15":"shipping-taxable","16":"purchasable","17":"product-type-simple"},"acf":[],"_links":{"self":[{"href":"https:\/\/keune.ba\/webshop\/wp-json\/wp\/v2\/product\/16842","targetHints":{"allow":["GET"]}}],"collection":[{"href":"https:\/\/keune.ba\/webshop\/wp-json\/wp\/v2\/product"}],"about":[{"href":"https:\/\/keune.ba\/webshop\/wp-json\/wp\/v2\/types\/product"}],"version-history":[{"count":2,"href":"https:\/\/keune.ba\/webshop\/wp-json\/wp\/v2\/product\/16842\/revisions"}],"predecessor-version":[{"id":16844,"href":"https:\/\/keune.ba\/webshop\/wp-json\/wp\/v2\/product\/16842\/revisions\/16844"}],"wp:featuredmedia":[{"embeddable":true,"href":"https:\/\/keune.ba\/webshop\/wp-json\/wp\/v2\/media\/16778"}],"wp:attachment":[{"href":"https:\/\/keune.ba\/webshop\/wp-json\/wp\/v2\/media?parent=16842"}],"wp:term":[{"taxonomy":"product_brand","embeddable":true,"href":"https:\/\/keune.ba\/webshop\/wp-json\/wp\/v2\/product_brand?post=16842"},{"taxonomy":"product_cat","embeddable":true,"href":"https:\/\/keune.ba\/webshop\/wp-json\/wp\/v2\/product_cat?post=16842"},{"taxonomy":"product_tag","embeddable":true,"href":"https:\/\/keune.ba\/webshop\/wp-json\/wp\/v2\/product_tag?post=16842"}],"curies":[{"name":"wp","href":"https:\/\/api.w.org\/{rel}","templated":true}]}}