{"id":16848,"date":"2024-09-05T13:01:39","date_gmt":"2024-09-05T11:01:39","guid":{"rendered":"https:\/\/keune.ba\/webshop\/?post_type=product&#038;p=16848"},"modified":"2025-12-18T16:02:58","modified_gmt":"2025-12-18T15:02:58","slug":"style-shine-therapy-200-ml","status":"publish","type":"product","link":"https:\/\/keune.ba\/webshop\/style-shine-therapy-200-ml\/","title":{"rendered":"Style Shine Therapy 200 ml"},"content":{"rendered":"<p>Otklju\u010dajte sjaj svoje frizure uz na\u0161u terapiju sjaja, formula bez te\u017eine koja poja\u010dava sjaj do 80%*.<\/p>\n<p><strong>Kako koristiti?<\/strong><br \/>\nJednostavno nanesite na suhu kosu s udaljenosti od 30 cm (12\u201d) kao zavr\u0161ni detalj.<\/p>\n","protected":false},"excerpt":{"rendered":"<p>Pru\u017ea ultra-sjajni zavr\u0161etak.<\/p>\n<ul>\n<li>Pove\u0107ava sjaj do 80%*<\/li>\n<li>Formula bez te\u017eine, nemasna, neljepljiva<\/li>\n<li>Zavr\u0161ni dodir za svaki styling<\/li>\n<\/ul>\n","protected":false},"featured_media":16780,"template":"","meta":{"_acf_changed":false},"product_brand":[],"product_cat":[699,853,686,702,658],"product_tag":[],"class_list":{"0":"post-16848","1":"product","2":"type-product","3":"status-publish","4":"has-post-thumbnail","6":"product_cat-robna-marka","7":"product_cat-smooth-and-shine","8":"product_cat-sprej-styling","9":"product_cat-style","10":"product_cat-styling","12":"first","13":"instock","14":"taxable","15":"shipping-taxable","16":"purchasable","17":"product-type-simple"},"acf":[],"_links":{"self":[{"href":"https:\/\/keune.ba\/webshop\/wp-json\/wp\/v2\/product\/16848","targetHints":{"allow":["GET"]}}],"collection":[{"href":"https:\/\/keune.ba\/webshop\/wp-json\/wp\/v2\/product"}],"about":[{"href":"https:\/\/keune.ba\/webshop\/wp-json\/wp\/v2\/types\/product"}],"version-history":[{"count":2,"href":"https:\/\/keune.ba\/webshop\/wp-json\/wp\/v2\/product\/16848\/revisions"}],"predecessor-version":[{"id":16850,"href":"https:\/\/keune.ba\/webshop\/wp-json\/wp\/v2\/product\/16848\/revisions\/16850"}],"wp:featuredmedia":[{"embeddable":true,"href":"https:\/\/keune.ba\/webshop\/wp-json\/wp\/v2\/media\/16780"}],"wp:attachment":[{"href":"https:\/\/keune.ba\/webshop\/wp-json\/wp\/v2\/media?parent=16848"}],"wp:term":[{"taxonomy":"product_brand","embeddable":true,"href":"https:\/\/keune.ba\/webshop\/wp-json\/wp\/v2\/product_brand?post=16848"},{"taxonomy":"product_cat","embeddable":true,"href":"https:\/\/keune.ba\/webshop\/wp-json\/wp\/v2\/product_cat?post=16848"},{"taxonomy":"product_tag","embeddable":true,"href":"https:\/\/keune.ba\/webshop\/wp-json\/wp\/v2\/product_tag?post=16848"}],"curies":[{"name":"wp","href":"https:\/\/api.w.org\/{rel}","templated":true}]}}