{"id":16857,"date":"2024-09-05T13:04:33","date_gmt":"2024-09-05T11:04:33","guid":{"rendered":"https:\/\/keune.ba\/webshop\/?post_type=product&#038;p=16857"},"modified":"2025-12-18T16:02:55","modified_gmt":"2025-12-18T15:02:55","slug":"style-clean-slate-200-ml","status":"publish","type":"product","link":"https:\/\/keune.ba\/webshop\/style-clean-slate-200-ml\/","title":{"rendered":"Style Clean Slate 200 ml"},"content":{"rendered":"<p>Za osje\u0107aj svje\u017eine tu\u0161iranja. Produ\u017eite svoju frizuru ovim \u0161amponom za suho pranje.<\/p>\n<p>Upija masno\u0107u i ne\u010disto\u0107u zahvaljuju\u0107i Dry cleansing kompleksu. Nakon upotrebe, kosa je \u010di\u0161\u0107a i punija.<\/p>\n<p><strong>Kako koristiti?<\/strong><\/p>\n<ul>\n<li>Dobro protresite, zatim poprskajte na korijen suhe kose na udaljenosti od 16 cm (6\u201d) i utrljajte.<\/li>\n<li>Usredoto\u010dite se na masna podru\u010dja, ostavite da odstoji nekoliko minuta i onda pro\u010de\u0161ljaj.<\/li>\n<li>Oblikujte kosu po \u017eelji.<\/li>\n<\/ul>\n","protected":false},"excerpt":{"rendered":"<ul>\n<li>Dry Cleansing kompleks<\/li>\n<li>Svje\u017eija i punija kosa<\/li>\n<li>Dodaje puno\u0107u<\/li>\n<\/ul>\n","protected":false},"featured_media":16783,"template":"","meta":{"_acf_changed":false},"product_brand":[],"product_cat":[699,854,687,686,702,658],"product_tag":[],"class_list":{"0":"post-16857","1":"product","2":"type-product","3":"status-publish","4":"has-post-thumbnail","6":"product_cat-robna-marka","7":"product_cat-fix-and-finish","8":"product_cat-sampon-styling","9":"product_cat-sprej-styling","10":"product_cat-style","11":"product_cat-styling","13":"first","14":"instock","15":"taxable","16":"shipping-taxable","17":"purchasable","18":"product-type-simple"},"acf":[],"_links":{"self":[{"href":"https:\/\/keune.ba\/webshop\/wp-json\/wp\/v2\/product\/16857","targetHints":{"allow":["GET"]}}],"collection":[{"href":"https:\/\/keune.ba\/webshop\/wp-json\/wp\/v2\/product"}],"about":[{"href":"https:\/\/keune.ba\/webshop\/wp-json\/wp\/v2\/types\/product"}],"version-history":[{"count":2,"href":"https:\/\/keune.ba\/webshop\/wp-json\/wp\/v2\/product\/16857\/revisions"}],"predecessor-version":[{"id":16859,"href":"https:\/\/keune.ba\/webshop\/wp-json\/wp\/v2\/product\/16857\/revisions\/16859"}],"wp:featuredmedia":[{"embeddable":true,"href":"https:\/\/keune.ba\/webshop\/wp-json\/wp\/v2\/media\/16783"}],"wp:attachment":[{"href":"https:\/\/keune.ba\/webshop\/wp-json\/wp\/v2\/media?parent=16857"}],"wp:term":[{"taxonomy":"product_brand","embeddable":true,"href":"https:\/\/keune.ba\/webshop\/wp-json\/wp\/v2\/product_brand?post=16857"},{"taxonomy":"product_cat","embeddable":true,"href":"https:\/\/keune.ba\/webshop\/wp-json\/wp\/v2\/product_cat?post=16857"},{"taxonomy":"product_tag","embeddable":true,"href":"https:\/\/keune.ba\/webshop\/wp-json\/wp\/v2\/product_tag?post=16857"}],"curies":[{"name":"wp","href":"https:\/\/api.w.org\/{rel}","templated":true}]}}