{"id":16869,"date":"2024-09-05T13:08:51","date_gmt":"2024-09-05T11:08:51","guid":{"rendered":"https:\/\/keune.ba\/webshop\/?post_type=product&#038;p=16869"},"modified":"2025-12-18T16:02:55","modified_gmt":"2025-12-18T15:02:55","slug":"style-cashmere-cloud-200-ml","status":"publish","type":"product","link":"https:\/\/keune.ba\/webshop\/style-cashmere-cloud-200-ml\/","title":{"rendered":"Style Cashmere Cloud 200 ml"},"content":{"rendered":"<p><strong>Tko \u017eeli hrskavi osje\u0107aj na kosi kada ju dotaknete?<\/strong><\/p>\n<p>Uz Cashmere Cloud mo\u017eete jednostavno dodati puno\u0107u, dok \u0107e kosa biti meka i njegovana. Infuzijom pantenola, biljnim proteinima i vitaminom E, ne samo da dodaje volumen, tako\u0111er hrani i \u0161titi va\u0161u kosu i vlasi\u0161te. S toplinskom za\u0161titom do 230\u00b0C\/446\u00b0F.<\/p>\n<p><strong>Kako koristiti?<\/strong><\/p>\n<ul>\n<li>Dobro protresti prije upotrebe, dozirati Cashmere Cloud na dlan i protrljati izme\u0111u dlanova da bi se pjena ravnomjerno rasporedila na vla\u017enu kosu.<\/li>\n<li>Stilizirajte po \u017eelji.<\/li>\n<\/ul>\n","protected":false},"excerpt":{"rendered":"<ul>\n<li>Voluminozna kosa, meka na dodir.<\/li>\n<li>Stvorite sna\u017ean volumen, kosu koja je meka na dodir<\/li>\n<li>Sadr\u017ei pantenol za njegu kose<\/li>\n<li>Oboga\u0107en biljnim proteinima za ja\u010danje kose<\/li>\n<li>Sadr\u017ei vitamin E, prirodni antioksidans.<\/li>\n<li>Poma\u017ee za za\u0161titu kose od vanjskih utjecaja<\/li>\n<li>Za\u0161tita od topline do 230\u00b0C\/446\u00b0F<\/li>\n<\/ul>\n","protected":false},"featured_media":16787,"template":"","meta":{"_acf_changed":false},"product_brand":[],"product_cat":[699,683,702,658,852],"product_tag":[],"class_list":{"0":"post-16869","1":"product","2":"type-product","3":"status-publish","4":"has-post-thumbnail","6":"product_cat-robna-marka","7":"product_cat-pjena-styling","8":"product_cat-style","9":"product_cat-styling","10":"product_cat-volume-and-grip","12":"first","13":"instock","14":"taxable","15":"shipping-taxable","16":"purchasable","17":"product-type-simple"},"acf":[],"_links":{"self":[{"href":"https:\/\/keune.ba\/webshop\/wp-json\/wp\/v2\/product\/16869","targetHints":{"allow":["GET"]}}],"collection":[{"href":"https:\/\/keune.ba\/webshop\/wp-json\/wp\/v2\/product"}],"about":[{"href":"https:\/\/keune.ba\/webshop\/wp-json\/wp\/v2\/types\/product"}],"version-history":[{"count":3,"href":"https:\/\/keune.ba\/webshop\/wp-json\/wp\/v2\/product\/16869\/revisions"}],"predecessor-version":[{"id":17181,"href":"https:\/\/keune.ba\/webshop\/wp-json\/wp\/v2\/product\/16869\/revisions\/17181"}],"wp:featuredmedia":[{"embeddable":true,"href":"https:\/\/keune.ba\/webshop\/wp-json\/wp\/v2\/media\/16787"}],"wp:attachment":[{"href":"https:\/\/keune.ba\/webshop\/wp-json\/wp\/v2\/media?parent=16869"}],"wp:term":[{"taxonomy":"product_brand","embeddable":true,"href":"https:\/\/keune.ba\/webshop\/wp-json\/wp\/v2\/product_brand?post=16869"},{"taxonomy":"product_cat","embeddable":true,"href":"https:\/\/keune.ba\/webshop\/wp-json\/wp\/v2\/product_cat?post=16869"},{"taxonomy":"product_tag","embeddable":true,"href":"https:\/\/keune.ba\/webshop\/wp-json\/wp\/v2\/product_tag?post=16869"}],"curies":[{"name":"wp","href":"https:\/\/api.w.org\/{rel}","templated":true}]}}