{"id":16872,"date":"2024-09-05T13:09:59","date_gmt":"2024-09-05T11:09:59","guid":{"rendered":"https:\/\/keune.ba\/webshop\/?post_type=product&#038;p=16872"},"modified":"2025-12-18T16:02:55","modified_gmt":"2025-12-18T15:02:55","slug":"style-stardust-8-g","status":"publish","type":"product","link":"https:\/\/keune.ba\/webshop\/style-stardust-8-g\/","title":{"rendered":"Style Stardust 8 g"},"content":{"rendered":"<p>Predstavljamo Stardust, va\u0161e tajno oru\u017eje za stvaranje kose u beste\u017einskom stanju, za teksturu i volumen.<\/p>\n<p>Ovaj inovativni puder dizajniran je za preciznu aplikaciju, koja vam omogu\u0107uje ciljanje odre\u0111enih podru\u010dja za trenutni volumen i teksturu kose.<\/p>\n<p><strong>Kako koristiti?<\/strong><br \/>\nKoristiti na suhoj kosi. Poprskajte na korijen i umasirajte ga vr\u0161cima prstiju.<\/p>\n","protected":false},"excerpt":{"rendered":"<ul>\n<li>Voluminozna, teksturirana kosa.<\/li>\n<li>Stvara volumen<\/li>\n<li>Mat zavr\u0161ni rezultat<\/li>\n<li>Za preciznu primjenu<\/li>\n<\/ul>\n","protected":false},"featured_media":16788,"template":"","meta":{"_acf_changed":false},"product_brand":[],"product_cat":[699,684,702,658,852],"product_tag":[],"class_list":{"0":"post-16872","1":"product","2":"type-product","3":"status-publish","4":"has-post-thumbnail","6":"product_cat-robna-marka","7":"product_cat-puder","8":"product_cat-style","9":"product_cat-styling","10":"product_cat-volume-and-grip","12":"first","13":"instock","14":"taxable","15":"shipping-taxable","16":"purchasable","17":"product-type-simple"},"acf":[],"_links":{"self":[{"href":"https:\/\/keune.ba\/webshop\/wp-json\/wp\/v2\/product\/16872","targetHints":{"allow":["GET"]}}],"collection":[{"href":"https:\/\/keune.ba\/webshop\/wp-json\/wp\/v2\/product"}],"about":[{"href":"https:\/\/keune.ba\/webshop\/wp-json\/wp\/v2\/types\/product"}],"version-history":[{"count":3,"href":"https:\/\/keune.ba\/webshop\/wp-json\/wp\/v2\/product\/16872\/revisions"}],"predecessor-version":[{"id":16881,"href":"https:\/\/keune.ba\/webshop\/wp-json\/wp\/v2\/product\/16872\/revisions\/16881"}],"wp:featuredmedia":[{"embeddable":true,"href":"https:\/\/keune.ba\/webshop\/wp-json\/wp\/v2\/media\/16788"}],"wp:attachment":[{"href":"https:\/\/keune.ba\/webshop\/wp-json\/wp\/v2\/media?parent=16872"}],"wp:term":[{"taxonomy":"product_brand","embeddable":true,"href":"https:\/\/keune.ba\/webshop\/wp-json\/wp\/v2\/product_brand?post=16872"},{"taxonomy":"product_cat","embeddable":true,"href":"https:\/\/keune.ba\/webshop\/wp-json\/wp\/v2\/product_cat?post=16872"},{"taxonomy":"product_tag","embeddable":true,"href":"https:\/\/keune.ba\/webshop\/wp-json\/wp\/v2\/product_tag?post=16872"}],"curies":[{"name":"wp","href":"https:\/\/api.w.org\/{rel}","templated":true}]}}