{"id":16875,"date":"2024-09-05T13:10:57","date_gmt":"2024-09-05T11:10:57","guid":{"rendered":"https:\/\/keune.ba\/webshop\/?post_type=product&#038;p=16875"},"modified":"2025-12-18T16:02:55","modified_gmt":"2025-12-18T15:02:55","slug":"style-velvet-cloud-200-ml","status":"publish","type":"product","link":"https:\/\/keune.ba\/webshop\/style-velvet-cloud-200-ml\/","title":{"rendered":"Style Velvet Cloud 200 ml"},"content":{"rendered":"<p>Iskusite Velvet Cloud, na\u0161u sna\u017enu pjenu za volumen.<\/p>\n<p>Pro\u017eetu pantenolom, biljnim bjelan\u010devinama i vitaminom E, njeguje i \u0161titi va\u0161u kosu i vlasi\u0161te dok pove\u0107ava volumen. S toplinom za\u0161tita do 230\u00b0C \/446\u00b0F<\/p>\n<p><strong>Kako koristiti?<\/strong><\/p>\n<ul>\n<li>Dobro protresite prije upotrebe, dozirajte Velvet Cloud u dlan i trljajte ruke jednu o drugu kako bi pjenu ravnomjerno rasporedili po vla\u017enoj kosi.<\/li>\n<li>Stilizirajte po \u017eelji. Koristite su\u0161ilo za kosu za poja\u010davanje volumena<\/li>\n<\/ul>\n","protected":false},"excerpt":{"rendered":"<ul>\n<li>Kosa velikog volumena i zavodljive puno\u0107e.<\/li>\n<li>Daje dramati\u010dni volumen<\/li>\n<li>Sadr\u017ei pantenol za njegu kose<\/li>\n<li>Oboga\u0107en biljnim proteinima za ja\u010danje kose<\/li>\n<li>Sadr\u017ei vitamin E, prirodni antioksidans.<\/li>\n<li>Poma\u017ee za\u0161tititi kosu od vanjskih utjecaja<\/li>\n<li>Za\u0161tita od topline do 230\u00b0C\/446\u00b0F<\/li>\n<\/ul>\n","protected":false},"featured_media":16789,"template":"","meta":{"_acf_changed":false},"product_brand":[],"product_cat":[699,683,702,658,852],"product_tag":[],"class_list":{"0":"post-16875","1":"product","2":"type-product","3":"status-publish","4":"has-post-thumbnail","6":"product_cat-robna-marka","7":"product_cat-pjena-styling","8":"product_cat-style","9":"product_cat-styling","10":"product_cat-volume-and-grip","12":"first","13":"instock","14":"taxable","15":"shipping-taxable","16":"purchasable","17":"product-type-simple"},"acf":[],"_links":{"self":[{"href":"https:\/\/keune.ba\/webshop\/wp-json\/wp\/v2\/product\/16875","targetHints":{"allow":["GET"]}}],"collection":[{"href":"https:\/\/keune.ba\/webshop\/wp-json\/wp\/v2\/product"}],"about":[{"href":"https:\/\/keune.ba\/webshop\/wp-json\/wp\/v2\/types\/product"}],"version-history":[{"count":2,"href":"https:\/\/keune.ba\/webshop\/wp-json\/wp\/v2\/product\/16875\/revisions"}],"predecessor-version":[{"id":16877,"href":"https:\/\/keune.ba\/webshop\/wp-json\/wp\/v2\/product\/16875\/revisions\/16877"}],"wp:featuredmedia":[{"embeddable":true,"href":"https:\/\/keune.ba\/webshop\/wp-json\/wp\/v2\/media\/16789"}],"wp:attachment":[{"href":"https:\/\/keune.ba\/webshop\/wp-json\/wp\/v2\/media?parent=16875"}],"wp:term":[{"taxonomy":"product_brand","embeddable":true,"href":"https:\/\/keune.ba\/webshop\/wp-json\/wp\/v2\/product_brand?post=16875"},{"taxonomy":"product_cat","embeddable":true,"href":"https:\/\/keune.ba\/webshop\/wp-json\/wp\/v2\/product_cat?post=16875"},{"taxonomy":"product_tag","embeddable":true,"href":"https:\/\/keune.ba\/webshop\/wp-json\/wp\/v2\/product_tag?post=16875"}],"curies":[{"name":"wp","href":"https:\/\/api.w.org\/{rel}","templated":true}]}}