{"id":16878,"date":"2024-09-05T13:11:56","date_gmt":"2024-09-05T11:11:56","guid":{"rendered":"https:\/\/keune.ba\/webshop\/?post_type=product&#038;p=16878"},"modified":"2025-12-18T16:02:54","modified_gmt":"2025-12-18T15:02:54","slug":"style-ocean-waves-200-ml","status":"publish","type":"product","link":"https:\/\/keune.ba\/webshop\/style-ocean-waves-200-ml\/","title":{"rendered":"Style Ocean Waves 200 ml"},"content":{"rendered":"<p><strong>Frizura kao s pla\u017ee nikad ne izlazi iz mode.<\/strong><\/p>\n<p>Pobolj\u0161ano uz Bond Fuser tehnologiju za obnavljanje kose i toplinska za\u0161tita do 230\u00b0C\/446\u00b0F, to je najva\u017eniji \u010duvar zdravlja va\u0161e kose. Oblikujte kosu fenom i \u010detkom kako biste naglasili teksturu i oslobodite svoju unutarnju sirenu!<\/p>\n<p><strong>Kako koristiti?<\/strong><br \/>\nNanesite na vla\u017enu ili suhu kosu, a zatim je jako raspuhajte. Proizvod nanosite u slojevima te prilagodite volumen i ja\u010dinu u\u010dvr\u0161\u0107enja koji \u017eelite<\/p>\n","protected":false},"excerpt":{"rendered":"<ul>\n<li>Teksturirana, voluminozna kosa kao s pla\u017ee.<\/li>\n<li>Daje u\u010dvr\u0161\u0107enje i teksturu zahvaljuju\u0107i morskoj soli<\/li>\n<li>Gradi volumen uz mat zavr\u0161ni rezultat<\/li>\n<li>Za\u0161tita od topline do 230 \u00b0C\/ 446 \u00b0F<\/li>\n<li>Integrirana Bond Fuser tehnologija, jedinstveni kompleks koji \u0161titi postoje\u0107e disulfidne veze i stvara nove veze za za\u0161titu integriteta kose<\/li>\n<\/ul>\n","protected":false},"featured_media":16790,"template":"","meta":{"_acf_changed":false},"product_brand":[],"product_cat":[699,686,702,658,858,852],"product_tag":[],"class_list":{"0":"post-16878","1":"product","2":"type-product","3":"status-publish","4":"has-post-thumbnail","6":"product_cat-robna-marka","7":"product_cat-sprej-styling","8":"product_cat-style","9":"product_cat-styling","10":"product_cat-summer-favorites","11":"product_cat-volume-and-grip","13":"first","14":"instock","15":"taxable","16":"shipping-taxable","17":"purchasable","18":"product-type-simple"},"acf":[],"_links":{"self":[{"href":"https:\/\/keune.ba\/webshop\/wp-json\/wp\/v2\/product\/16878","targetHints":{"allow":["GET"]}}],"collection":[{"href":"https:\/\/keune.ba\/webshop\/wp-json\/wp\/v2\/product"}],"about":[{"href":"https:\/\/keune.ba\/webshop\/wp-json\/wp\/v2\/types\/product"}],"version-history":[{"count":2,"href":"https:\/\/keune.ba\/webshop\/wp-json\/wp\/v2\/product\/16878\/revisions"}],"predecessor-version":[{"id":16880,"href":"https:\/\/keune.ba\/webshop\/wp-json\/wp\/v2\/product\/16878\/revisions\/16880"}],"wp:featuredmedia":[{"embeddable":true,"href":"https:\/\/keune.ba\/webshop\/wp-json\/wp\/v2\/media\/16790"}],"wp:attachment":[{"href":"https:\/\/keune.ba\/webshop\/wp-json\/wp\/v2\/media?parent=16878"}],"wp:term":[{"taxonomy":"product_brand","embeddable":true,"href":"https:\/\/keune.ba\/webshop\/wp-json\/wp\/v2\/product_brand?post=16878"},{"taxonomy":"product_cat","embeddable":true,"href":"https:\/\/keune.ba\/webshop\/wp-json\/wp\/v2\/product_cat?post=16878"},{"taxonomy":"product_tag","embeddable":true,"href":"https:\/\/keune.ba\/webshop\/wp-json\/wp\/v2\/product_tag?post=16878"}],"curies":[{"name":"wp","href":"https:\/\/api.w.org\/{rel}","templated":true}]}}