{"id":16882,"date":"2024-09-05T13:13:20","date_gmt":"2024-09-05T11:13:20","guid":{"rendered":"https:\/\/keune.ba\/webshop\/?post_type=product&#038;p=16882"},"modified":"2025-12-18T16:02:55","modified_gmt":"2025-12-18T15:02:55","slug":"style-freestyler-300-ml","status":"publish","type":"product","link":"https:\/\/keune.ba\/webshop\/style-freestyler-300-ml\/","title":{"rendered":"Style Freestyler 300 ml"},"content":{"rendered":"<p><strong>Do\u017eivite slobodu Free Stylera, na\u0161 lak za kosu od 360\u00b0.<\/strong><\/p>\n<p>Nudi srednje \u010dvrsto u\u010dvr\u0161\u0107ivanje koje se mo\u017ee izgraditi i traje do 24 sata.* Njegova inovativna funkcija prskanja od 360\u00b0 osigurava nano\u0161enje u svaki kut kose.<\/p>\n<p><strong>Kako koristiti?<\/strong><br \/>\nNanesite na suhu kosu na udaljenosti od 30 cm (12\u201d). Mo\u017eete prilagoditi u\u010dvr\u0161\u0107enje dodavaju\u0107i vi\u0161e slojeva.<\/p>\n","protected":false},"excerpt":{"rendered":"<ul>\n<li>Sna\u017eno u\u010dvr\u0161\u0107uje, lijepo oblikovna kosa.<\/li>\n<li>Funkcija raspr\u0161ivanja od 360\u00b0, omogu\u0107uje lak\u0161i rad, primjena iz bilo kojeg kuta<\/li>\n<li>Srednje u\u010dvr\u0161\u0107enje<\/li>\n<li>Dodaje prirodan sjaj<\/li>\n<li>Dugotrajno u\u010dvr\u0161\u0107enje od 24 sata*<\/li>\n<li>24-satna za\u0161tita od vlage*<\/li>\n<li>Lako se i\u0161\u0107e\u0161ljava<\/li>\n<\/ul>\n","protected":false},"featured_media":16791,"template":"","meta":{"_acf_changed":false},"product_brand":[],"product_cat":[699,854,680,702,658],"product_tag":[],"class_list":{"0":"post-16882","1":"product","2":"type-product","3":"status-publish","4":"has-post-thumbnail","6":"product_cat-robna-marka","7":"product_cat-fix-and-finish","8":"product_cat-lak","9":"product_cat-style","10":"product_cat-styling","12":"first","13":"instock","14":"taxable","15":"shipping-taxable","16":"purchasable","17":"product-type-simple"},"acf":[],"_links":{"self":[{"href":"https:\/\/keune.ba\/webshop\/wp-json\/wp\/v2\/product\/16882","targetHints":{"allow":["GET"]}}],"collection":[{"href":"https:\/\/keune.ba\/webshop\/wp-json\/wp\/v2\/product"}],"about":[{"href":"https:\/\/keune.ba\/webshop\/wp-json\/wp\/v2\/types\/product"}],"version-history":[{"count":4,"href":"https:\/\/keune.ba\/webshop\/wp-json\/wp\/v2\/product\/16882\/revisions"}],"predecessor-version":[{"id":16904,"href":"https:\/\/keune.ba\/webshop\/wp-json\/wp\/v2\/product\/16882\/revisions\/16904"}],"wp:featuredmedia":[{"embeddable":true,"href":"https:\/\/keune.ba\/webshop\/wp-json\/wp\/v2\/media\/16791"}],"wp:attachment":[{"href":"https:\/\/keune.ba\/webshop\/wp-json\/wp\/v2\/media?parent=16882"}],"wp:term":[{"taxonomy":"product_brand","embeddable":true,"href":"https:\/\/keune.ba\/webshop\/wp-json\/wp\/v2\/product_brand?post=16882"},{"taxonomy":"product_cat","embeddable":true,"href":"https:\/\/keune.ba\/webshop\/wp-json\/wp\/v2\/product_cat?post=16882"},{"taxonomy":"product_tag","embeddable":true,"href":"https:\/\/keune.ba\/webshop\/wp-json\/wp\/v2\/product_tag?post=16882"}],"curies":[{"name":"wp","href":"https:\/\/api.w.org\/{rel}","templated":true}]}}