{"id":16885,"date":"2024-09-05T13:14:09","date_gmt":"2024-09-05T11:14:09","guid":{"rendered":"https:\/\/keune.ba\/webshop\/?post_type=product&#038;p=16885"},"modified":"2025-12-18T16:02:55","modified_gmt":"2025-12-18T15:02:55","slug":"style-fixer-300-ml","status":"publish","type":"product","link":"https:\/\/keune.ba\/webshop\/style-fixer-300-ml\/","title":{"rendered":"Style Fixer 300 ml"},"content":{"rendered":"<p>Ponekad morate biti vrlo ozbiljni u vezi s u\u010dvr\u0161\u0107enjem.<\/p>\n<p>Za besprijekorne frizure koje apsolutno zahtijevaju da budu zaklju\u010dane na mjestu, odlu\u010dite se za Fixer, lak za kosu s maksimalnim u\u010dvr\u0161\u0107enjem. Tako\u0111er dodaje prirodan sjaj i regenerira kosu te je vlaga prakti\u010dki nemo\u0107na cijeli dan i cijelu no\u0107.<\/p>\n<p><strong>Kako koristiti?<\/strong><br \/>\nNanesite na suhu kosu na udaljenosti od 30 cm (12\u201d). Mo\u017eete prilagoditi u\u010dvr\u0161\u0107enje dodavaju\u0107i vi\u0161e slojeva.<\/p>\n","protected":false},"excerpt":{"rendered":"<ul>\n<li>Pru\u017ea besprijekornu frizuru koja ostaje na mjestu bez obzira na sve!<\/li>\n<li>Super sna\u017eno, dugotrajno u\u010dvr\u0161\u0107enje do 48 sati*<\/li>\n<li>Dodaje prirodan sjaj<\/li>\n<li>48-satna za\u0161tita od vlage<\/li>\n<\/ul>\n","protected":false},"featured_media":16792,"template":"","meta":{"_acf_changed":false},"product_brand":[],"product_cat":[699,854,680,702,658],"product_tag":[],"class_list":{"0":"post-16885","1":"product","2":"type-product","3":"status-publish","4":"has-post-thumbnail","6":"product_cat-robna-marka","7":"product_cat-fix-and-finish","8":"product_cat-lak","9":"product_cat-style","10":"product_cat-styling","12":"first","13":"instock","14":"taxable","15":"shipping-taxable","16":"purchasable","17":"product-type-simple"},"acf":[],"_links":{"self":[{"href":"https:\/\/keune.ba\/webshop\/wp-json\/wp\/v2\/product\/16885","targetHints":{"allow":["GET"]}}],"collection":[{"href":"https:\/\/keune.ba\/webshop\/wp-json\/wp\/v2\/product"}],"about":[{"href":"https:\/\/keune.ba\/webshop\/wp-json\/wp\/v2\/types\/product"}],"version-history":[{"count":3,"href":"https:\/\/keune.ba\/webshop\/wp-json\/wp\/v2\/product\/16885\/revisions"}],"predecessor-version":[{"id":16888,"href":"https:\/\/keune.ba\/webshop\/wp-json\/wp\/v2\/product\/16885\/revisions\/16888"}],"wp:featuredmedia":[{"embeddable":true,"href":"https:\/\/keune.ba\/webshop\/wp-json\/wp\/v2\/media\/16792"}],"wp:attachment":[{"href":"https:\/\/keune.ba\/webshop\/wp-json\/wp\/v2\/media?parent=16885"}],"wp:term":[{"taxonomy":"product_brand","embeddable":true,"href":"https:\/\/keune.ba\/webshop\/wp-json\/wp\/v2\/product_brand?post=16885"},{"taxonomy":"product_cat","embeddable":true,"href":"https:\/\/keune.ba\/webshop\/wp-json\/wp\/v2\/product_cat?post=16885"},{"taxonomy":"product_tag","embeddable":true,"href":"https:\/\/keune.ba\/webshop\/wp-json\/wp\/v2\/product_tag?post=16885"}],"curies":[{"name":"wp","href":"https:\/\/api.w.org\/{rel}","templated":true}]}}