{"id":16896,"date":"2024-09-05T13:18:19","date_gmt":"2024-09-05T11:18:19","guid":{"rendered":"https:\/\/keune.ba\/webshop\/?post_type=product&#038;p=16896"},"modified":"2025-12-18T16:02:56","modified_gmt":"2025-12-18T15:02:56","slug":"style-high-rise-300-ml","status":"publish","type":"product","link":"https:\/\/keune.ba\/webshop\/style-high-rise-300-ml\/","title":{"rendered":"Style High Rise 300 ml"},"content":{"rendered":"<p>Predstavljamo na\u0161 High Rise, va\u0161e idealno rje\u0161enje za postizanje volumen i podizanje kose iz korijena.<\/p>\n<p>Formulirano s inovativnim sastojcima za volumen, ovaj lagani sprej dodaje puno\u0107u va\u0161oj kosi, stvaraju\u0107i voluminozan i lepr\u0161av izgled koji traje cijeli dan.<\/p>\n<p><strong>Kako koristiti?<\/strong><\/p>\n<ul>\n<li>Prije upotrebe dobro protresite High Rise. Nanesite na vla\u017enu kosu. Za ciljani volumen, usredoto\u010dite se na prskanje korijena.<\/li>\n<li>Su\u0161ilom za kosu oblikujte kosu po \u017eelji. Fenirajte kosu velikom okruglom \u010detkom.<\/li>\n<\/ul>\n","protected":false},"excerpt":{"rendered":"<p>Volumen i podizanje kose od korijena, za blistavu du\u017einu kose.<\/p>\n<ul>\n<li>Pove\u0107ava volumen od korijena kose<\/li>\n<li>Sadr\u017ei pantenol i biljne proteine za njegu i ja\u010danje kose<\/li>\n<li>Sadr\u017ei vitamin E, prirodni antioksidans.<\/li>\n<li>Poma\u017ee za\u0161tititi kosu od vanjskih utjecaja<\/li>\n<\/ul>\n","protected":false},"featured_media":16795,"template":"","meta":{"_acf_changed":false},"product_brand":[],"product_cat":[699,686,702,658,852],"product_tag":[],"class_list":{"0":"post-16896","1":"product","2":"type-product","3":"status-publish","4":"has-post-thumbnail","6":"product_cat-robna-marka","7":"product_cat-sprej-styling","8":"product_cat-style","9":"product_cat-styling","10":"product_cat-volume-and-grip","12":"first","13":"instock","14":"taxable","15":"shipping-taxable","16":"purchasable","17":"product-type-simple"},"acf":[],"_links":{"self":[{"href":"https:\/\/keune.ba\/webshop\/wp-json\/wp\/v2\/product\/16896","targetHints":{"allow":["GET"]}}],"collection":[{"href":"https:\/\/keune.ba\/webshop\/wp-json\/wp\/v2\/product"}],"about":[{"href":"https:\/\/keune.ba\/webshop\/wp-json\/wp\/v2\/types\/product"}],"version-history":[{"count":3,"href":"https:\/\/keune.ba\/webshop\/wp-json\/wp\/v2\/product\/16896\/revisions"}],"predecessor-version":[{"id":16980,"href":"https:\/\/keune.ba\/webshop\/wp-json\/wp\/v2\/product\/16896\/revisions\/16980"}],"wp:featuredmedia":[{"embeddable":true,"href":"https:\/\/keune.ba\/webshop\/wp-json\/wp\/v2\/media\/16795"}],"wp:attachment":[{"href":"https:\/\/keune.ba\/webshop\/wp-json\/wp\/v2\/media?parent=16896"}],"wp:term":[{"taxonomy":"product_brand","embeddable":true,"href":"https:\/\/keune.ba\/webshop\/wp-json\/wp\/v2\/product_brand?post=16896"},{"taxonomy":"product_cat","embeddable":true,"href":"https:\/\/keune.ba\/webshop\/wp-json\/wp\/v2\/product_cat?post=16896"},{"taxonomy":"product_tag","embeddable":true,"href":"https:\/\/keune.ba\/webshop\/wp-json\/wp\/v2\/product_tag?post=16896"}],"curies":[{"name":"wp","href":"https:\/\/api.w.org\/{rel}","templated":true}]}}