{"id":17099,"date":"2024-11-18T19:24:00","date_gmt":"2024-11-18T18:24:00","guid":{"rendered":"https:\/\/keune.ba\/webshop\/?post_type=product&#038;p=17099"},"modified":"2026-04-15T00:27:14","modified_gmt":"2026-04-14T22:27:14","slug":"royal-tribute-serum-50ml","status":"publish","type":"product","link":"https:\/\/keune.ba\/webshop\/royal-tribute-serum-50ml\/","title":{"rendered":"Royal Tribute Serum 50ml"},"content":{"rendered":"<p><b><i>Od <\/i><\/b><b><i>ograni\u010denog<\/i><\/b> <b><i>izdanja<\/i><\/b><b><i> do <\/i><\/b><b><i>nagra\u0111ivane<\/i><\/b> <b><i>formule<\/i><\/b><b><i>, <\/i><\/b><b><i>sada<\/i><\/b><b><i> u <\/i><\/b><b><i>na\u0161em<\/i><\/b> <b><i>Care a<\/i><\/b><b><i>sortimanu<\/i><\/b><b><i>.<\/i><\/b><\/p>\n<p>Od 1922. Keune stvara izuzetne proizvode za kosu koji su osuvremenili industriju. Kao priznanje za to \u0161to radimo vi\u0161e od 100 godina, dobili smo Royal (kraljevski) predikat.<\/p>\n<p>Ovaj serum je na\u0161a po\u010dast ljubavi prema njezi kose, s mirisom inspiriranim tulipanom i vrhunskim blagodatima koje zagla\u0111uju i njeguju kosu.<\/p>\n<p><b>Styling \/ <\/b><b>Zavr\u0161na obrada<\/b><b>:<\/b><\/p>\n<p>&#8211; Zagla\u0111uje kosu<br \/>\n&#8211; Eliminira frizzy efekt<br \/>\n&#8211; \u0160titi od vlage<br \/>\n&#8211; Daje sjaj<br \/>\n&#8211; Nje\u017eno mirisna kosa<\/p>\n<p><b>Tre<\/b><b>tman<\/b><b>:<\/b><\/p>\n<p>&#8211; Njeguje i hrani kosu<br \/>\n&#8211; Zaklju\u010dava vlagu u kosi<\/p>\n<p><strong>Kako Koristiti:<\/strong><\/p>\n<p>Nanesite nekoliko kapi na dlan i provucite po cijeloj du\u017eini kose za vrhunski sjaj i zdravu, hidratiziranu kosu.<\/p>\n","protected":false},"excerpt":{"rendered":"<p>Ovaj serum je na\u0161a po\u010dast ljubavi prema njezi kose, s mirisom inspiriranim tulipanom i vrhunskim blagodatima koje zagla\u0111uju i njeguju kosu.<\/p>\n<p><b>Styling \/ <\/b><b>Zavr\u0161na obrada<\/b><b>:<\/b><\/p>\n<p>&#8211; Zagla\u0111uje kosu<br \/>\n&#8211; Eliminira frizzy efekt<br \/>\n&#8211; \u0160titi od vlage<br \/>\n&#8211; Daje sjaj<br \/>\n&#8211; Nje\u017eno mirisna kosa<\/p>\n<p><b>Tre<\/b><b>tman<\/b><b>:<\/b><\/p>\n<p>&#8211; Njeguje i hrani kosu<br \/>\n&#8211; Zaklju\u010dava vlagu u kosi<\/p>\n","protected":false},"featured_media":17100,"template":"","meta":{"_acf_changed":false},"product_brand":[],"product_cat":[704,657,671],"product_tag":[],"class_list":{"0":"post-17099","1":"product","2":"type-product","3":"status-publish","4":"has-post-thumbnail","6":"product_cat-care","7":"product_cat-njega-kose","8":"product_cat-serum","10":"first","11":"instock","12":"taxable","13":"shipping-taxable","14":"purchasable","15":"product-type-simple"},"acf":[],"_links":{"self":[{"href":"https:\/\/keune.ba\/webshop\/wp-json\/wp\/v2\/product\/17099","targetHints":{"allow":["GET"]}}],"collection":[{"href":"https:\/\/keune.ba\/webshop\/wp-json\/wp\/v2\/product"}],"about":[{"href":"https:\/\/keune.ba\/webshop\/wp-json\/wp\/v2\/types\/product"}],"version-history":[{"count":2,"href":"https:\/\/keune.ba\/webshop\/wp-json\/wp\/v2\/product\/17099\/revisions"}],"predecessor-version":[{"id":17102,"href":"https:\/\/keune.ba\/webshop\/wp-json\/wp\/v2\/product\/17099\/revisions\/17102"}],"wp:featuredmedia":[{"embeddable":true,"href":"https:\/\/keune.ba\/webshop\/wp-json\/wp\/v2\/media\/17100"}],"wp:attachment":[{"href":"https:\/\/keune.ba\/webshop\/wp-json\/wp\/v2\/media?parent=17099"}],"wp:term":[{"taxonomy":"product_brand","embeddable":true,"href":"https:\/\/keune.ba\/webshop\/wp-json\/wp\/v2\/product_brand?post=17099"},{"taxonomy":"product_cat","embeddable":true,"href":"https:\/\/keune.ba\/webshop\/wp-json\/wp\/v2\/product_cat?post=17099"},{"taxonomy":"product_tag","embeddable":true,"href":"https:\/\/keune.ba\/webshop\/wp-json\/wp\/v2\/product_tag?post=17099"}],"curies":[{"name":"wp","href":"https:\/\/api.w.org\/{rel}","templated":true}]}}