{"id":17624,"date":"2025-09-04T13:56:59","date_gmt":"2025-09-04T11:56:59","guid":{"rendered":"https:\/\/keune.ba\/webshop\/?post_type=product&#038;p=17624"},"modified":"2025-12-18T16:03:03","modified_gmt":"2025-12-18T15:03:03","slug":"dandruff-detox-purifying-shampoo","status":"publish","type":"product","link":"https:\/\/keune.ba\/webshop\/dandruff-detox-purifying-shampoo\/","title":{"rendered":"Dandruff Detox \u2014 Purifying Shampoo"},"content":{"rendered":"<p>ZA\u0160TO DJELUJE<br \/>\n\u2192 Efektivno suzbija perut<br \/>\nPoma\u017ee u eliminiranju peruti i sprje\u010dava njeno<br \/>\nvra\u0107anje<br \/>\n\u2192 Umiruje svrbe\u017e i iritacije<br \/>\nUmiruje vlasi\u0161te<br \/>\n\u2192 Nje\u017eno \u010disti bez lju\u0161tenja<br \/>\nOdr\u017eava prirodnu ravnote\u017eu vla\u017enosti<br \/>\n\u2192 \u010cini kosu mekom, sjajnom i osvje\u017eenom<br \/>\n\u010cista kosa, \u010disto vlasi\u0161te, vi\u0161e samopouzdanja<\/p>\n<p>ZA KOGA JE<br \/>\nZa stanja peruti i lju\u0161tenja i svrbe\u017ei vlasi\u0161ta<\/p>\n<p>REZULTATI<br \/>\nNakon 1 uporabe*:<br \/>\n\u2192 Umiruje iritaciju, peruti sklona vlasi\u0161ta<br \/>\n\u2192 Eliminira perut za zdraviji izgled vlasi\u0161ta i kose<br \/>\n\u2192 Efektivno umanjuje perut ne isu\u0161uju\u0107i vlasi\u0161te<br \/>\n\u2192 \u010cini kosu mekom i lak\u0161om za odr\u017eavanje<br \/>\nNakon produ\u017eene uporabe*:<br \/>\n\u2192 Sprje\u010dava formiranje peruti<br \/>\n\u2192 Osigurava zdravi izgled vlasi\u0161ta<br \/>\n\u2192 Pru\u017ea olak\u0161anje svrbe\u017ei i iritacije<br \/>\n\u2192 Odr\u017eava vlasi\u0161te bez perut<\/p>\n<p>NA\u010cIN KORI\u0160TENJA<br \/>\nNanesite na vla\u017enu kosu, zapjenite i isperite.<br \/>\nPonovite ako je potrebno.<\/p>\n<p>*Iz neovisnog klini\u010dkog istra\u017eivanja<\/p>\n","protected":false},"excerpt":{"rendered":"<p>Pro\u010distite i umirite svoje vlasi\u0161te koriste\u0107i Dandruff Detox Purifying Shampoo koji je<br \/>\nznanstveno dizajniran da \u010disti dok istovremeno ciljano djeluje na perut na njenom<br \/>\nizvoru. S dodatkom efektivnih aktivnih sastojaka koji djeluju protiv peruti i koji umiruju<br \/>\nvlasi\u0161te, ovaj \u0161ampon poma\u017ee u umanjenju peruti, umirivanju iritacija i obnavljanju<br \/>\nzdrave ravnote\u017ee vlasi\u0161ta.<\/p>\n","protected":false},"featured_media":17556,"template":"","meta":{"_acf_changed":false},"product_brand":[],"product_cat":[704,860,657,699,663],"product_tag":[],"class_list":{"0":"post-17624","1":"product","2":"type-product","3":"status-publish","4":"has-post-thumbnail","6":"product_cat-care","7":"product_cat-dandruff-detox","8":"product_cat-njega-kose","9":"product_cat-robna-marka","10":"product_cat-sampon","12":"first","13":"instock","14":"taxable","15":"shipping-taxable","16":"purchasable","17":"product-type-simple"},"acf":[],"_links":{"self":[{"href":"https:\/\/keune.ba\/webshop\/wp-json\/wp\/v2\/product\/17624","targetHints":{"allow":["GET"]}}],"collection":[{"href":"https:\/\/keune.ba\/webshop\/wp-json\/wp\/v2\/product"}],"about":[{"href":"https:\/\/keune.ba\/webshop\/wp-json\/wp\/v2\/types\/product"}],"version-history":[{"count":1,"href":"https:\/\/keune.ba\/webshop\/wp-json\/wp\/v2\/product\/17624\/revisions"}],"predecessor-version":[{"id":17625,"href":"https:\/\/keune.ba\/webshop\/wp-json\/wp\/v2\/product\/17624\/revisions\/17625"}],"wp:featuredmedia":[{"embeddable":true,"href":"https:\/\/keune.ba\/webshop\/wp-json\/wp\/v2\/media\/17556"}],"wp:attachment":[{"href":"https:\/\/keune.ba\/webshop\/wp-json\/wp\/v2\/media?parent=17624"}],"wp:term":[{"taxonomy":"product_brand","embeddable":true,"href":"https:\/\/keune.ba\/webshop\/wp-json\/wp\/v2\/product_brand?post=17624"},{"taxonomy":"product_cat","embeddable":true,"href":"https:\/\/keune.ba\/webshop\/wp-json\/wp\/v2\/product_cat?post=17624"},{"taxonomy":"product_tag","embeddable":true,"href":"https:\/\/keune.ba\/webshop\/wp-json\/wp\/v2\/product_tag?post=17624"}],"curies":[{"name":"wp","href":"https:\/\/api.w.org\/{rel}","templated":true}]}}