{"id":17632,"date":"2025-09-04T13:56:59","date_gmt":"2025-09-04T11:56:59","guid":{"rendered":"https:\/\/keune.ba\/webshop\/?post_type=product&#038;p=17632"},"modified":"2025-12-18T16:03:04","modified_gmt":"2025-12-18T15:03:04","slug":"vital-nutrition-nourishing-shampoo-2","status":"publish","type":"product","link":"https:\/\/keune.ba\/webshop\/vital-nutrition-nourishing-shampoo-2\/","title":{"rendered":"Vital Nutrition \u2014 Nourishing Shampoo 80ml"},"content":{"rendered":"<p>ZA\u0160TO DJELUJE<\/p>\n<p>\u2192 Nje\u017eno \u010disti bez isu\u0161ivanja<br \/>\nOdr\u017eava esencijalnu hidriranost<br \/>\ni uravnote\u017eenost vlasi\u0161ta<br \/>\n\u2192 Dubinski hidratizira i omek\u0161ava<br \/>\n\u010cini kosu glatkom, lakom za odr\u017eavanje i mekom na dodir<br \/>\n\u2192 Osna\u017euje i o\u017eivljava<br \/>\nPoma\u017ee pobolj\u0161ati elasti\u010dnost i umanjiti pucanje<br \/>\n\u2192 Pobolj\u0161ava prirodni sjaj<br \/>\nVra\u0107a zdrav, blistav izgled<\/p>\n<p>REZULTATI<\/p>\n<p>\u2192 Kosa je 77% nahranjenija*<br \/>\n\u2192 84% manje pucanja**<br \/>\n\u2192 Kosa je zdravija<br \/>\n\u2192 Obnavlja za\u0161titne lipide<br \/>\n\u2192 Poja\u010dava esencijalne ceramide<br \/>\n\u2192 Kosa je gla\u0111a i sjajnija<br \/>\n\u2192 Kosa je za\u0161ti\u0107ena od vanjskih utjecajai<\/p>\n<p>ZA KOGA JE<\/p>\n<p>Za sve sa suhom, dehidriranom ili krhkom kosom<br \/>\nkojoj je potrebna hidratacija.<\/p>\n<p>NA\u010cIN KORI\u0160TENJA<\/p>\n<p>Nanesite na vla\u017enu kosu, zapjenite i temeljito<br \/>\nisperite. Ponovite ako je potrebno.<\/p>\n","protected":false},"excerpt":{"rendered":"<p>Ugodite svojoj kosi koriste\u0107i Vital Nutrition Nourishing Shampoo, dizajniran za<br \/>\nnje\u017eno \u010di\u0161\u0107enje uz nadomje\u0161tanje hidriranosti i vra\u0107anje meko\u0107e. Idealna za suhu,<br \/>\nkrhku ili dehidriranu kosu, ova lagana formula va\u0161e vlasi \u010dini sna\u017enijim, svilenkastim<br \/>\ni nahranjenim.<\/p>\n","protected":false},"featured_media":17560,"template":"","meta":{"_acf_changed":false},"product_brand":[],"product_cat":[704,657,699,663,741],"product_tag":[],"class_list":{"0":"post-17632","1":"product","2":"type-product","3":"status-publish","4":"has-post-thumbnail","6":"product_cat-care","7":"product_cat-njega-kose","8":"product_cat-robna-marka","9":"product_cat-sampon","10":"product_cat-vital-nutrition","12":"first","13":"instock","14":"taxable","15":"shipping-taxable","16":"purchasable","17":"product-type-simple"},"acf":[],"_links":{"self":[{"href":"https:\/\/keune.ba\/webshop\/wp-json\/wp\/v2\/product\/17632","targetHints":{"allow":["GET"]}}],"collection":[{"href":"https:\/\/keune.ba\/webshop\/wp-json\/wp\/v2\/product"}],"about":[{"href":"https:\/\/keune.ba\/webshop\/wp-json\/wp\/v2\/types\/product"}],"version-history":[{"count":2,"href":"https:\/\/keune.ba\/webshop\/wp-json\/wp\/v2\/product\/17632\/revisions"}],"predecessor-version":[{"id":17746,"href":"https:\/\/keune.ba\/webshop\/wp-json\/wp\/v2\/product\/17632\/revisions\/17746"}],"wp:featuredmedia":[{"embeddable":true,"href":"https:\/\/keune.ba\/webshop\/wp-json\/wp\/v2\/media\/17560"}],"wp:attachment":[{"href":"https:\/\/keune.ba\/webshop\/wp-json\/wp\/v2\/media?parent=17632"}],"wp:term":[{"taxonomy":"product_brand","embeddable":true,"href":"https:\/\/keune.ba\/webshop\/wp-json\/wp\/v2\/product_brand?post=17632"},{"taxonomy":"product_cat","embeddable":true,"href":"https:\/\/keune.ba\/webshop\/wp-json\/wp\/v2\/product_cat?post=17632"},{"taxonomy":"product_tag","embeddable":true,"href":"https:\/\/keune.ba\/webshop\/wp-json\/wp\/v2\/product_tag?post=17632"}],"curies":[{"name":"wp","href":"https:\/\/api.w.org\/{rel}","templated":true}]}}