{"id":17642,"date":"2025-09-04T13:56:59","date_gmt":"2025-09-04T11:56:59","guid":{"rendered":"https:\/\/keune.ba\/webshop\/?post_type=product&#038;p=17642"},"modified":"2025-12-18T16:03:04","modified_gmt":"2025-12-18T15:03:04","slug":"vital-nutrition-protein-spray","status":"publish","type":"product","link":"https:\/\/keune.ba\/webshop\/vital-nutrition-protein-spray\/","title":{"rendered":"Vital Nutrition \u2014 Protein Spray"},"content":{"rendered":"<p>ZA\u0160TO DJELUJE<br \/>\n\u2192 Osna\u017euje s laganim proteinima<br \/>\nPoma\u017ee u za\u0161titi kose i sprje\u010davanju frizzy efekta<br \/>\n\u2192 Hidratizira i omek\u0161ava trenuta\u010dno<br \/>\nPoja\u010dava hidriranost za na dodir mekane,<br \/>\nzdrave vlasi<br \/>\n\u2192 Poma\u017ee u ra\u0161\u0107e\u0161ljavanju i zagla\u0111uje<br \/>\n\u010cini kosu lak\u0161om za odr\u017eavanje i ure\u0111ivanje<br \/>\n\u2192 \u0160titi od svakodnevnih o\u0161te\u0107enja<br \/>\n\u0160titi od topline, zaga\u0111enja i vanjskih uzro\u010dnika<br \/>\nstresa<\/p>\n<p>ZA KOGA JE<br \/>\nZa sve sa suhom, dehidriranom ili krhkom kosom<br \/>\nkojoj je potrebna hidratacija.<\/p>\n<p>REZULTATI<br \/>\n\u2192 Za\u0161tita tijekom i nakon tretmana bojenja<br \/>\ni oblikovanja<br \/>\n\u2192 Toplinska za\u0161tita do 230\u00b0C\/450\u00b0F*<\/p>\n<p>NA\u010cIN KORI\u0160TENJA<br \/>\nNaprskajte proizvod na vla\u017enu kosu, pustite da se<br \/>\napsorbira, isperite ga ili ga opcionalno nemojte<br \/>\nisprati za dodatno poja\u010davanje hidriranosti. Idealan<br \/>\nza uporabu prije tehni\u010dkog tretmana.<\/p>\n","protected":false},"excerpt":{"rendered":"<p>O\u017eivite i za\u0161titite kosu koriste\u0107i Vital Nutrition Protein Spray, lagani leave-in tretman koji<br \/>\ndonosi esencijalne proteine i hidriranost kako bi pomogao osna\u017eiti, hidratizirati i za\u0161titi<br \/>\nsvaku vlas. Ovaj multifunkcionalni sprej djeluje na osna\u017eivanju vlasi kose, smanjenju<br \/>\npucanja i vra\u0107a svilenkastu meko\u0107u \u2013 posebno tijekom i nakon kemijskih tretmana.<\/p>\n","protected":false},"featured_media":17565,"template":"","meta":{"_acf_changed":false},"product_brand":[],"product_cat":[704,657,699,670,741],"product_tag":[],"class_list":{"0":"post-17642","1":"product","2":"type-product","3":"status-publish","4":"has-post-thumbnail","6":"product_cat-care","7":"product_cat-njega-kose","8":"product_cat-robna-marka","9":"product_cat-sprej","10":"product_cat-vital-nutrition","12":"first","13":"instock","14":"taxable","15":"shipping-taxable","16":"purchasable","17":"product-type-simple"},"acf":[],"_links":{"self":[{"href":"https:\/\/keune.ba\/webshop\/wp-json\/wp\/v2\/product\/17642","targetHints":{"allow":["GET"]}}],"collection":[{"href":"https:\/\/keune.ba\/webshop\/wp-json\/wp\/v2\/product"}],"about":[{"href":"https:\/\/keune.ba\/webshop\/wp-json\/wp\/v2\/types\/product"}],"version-history":[{"count":1,"href":"https:\/\/keune.ba\/webshop\/wp-json\/wp\/v2\/product\/17642\/revisions"}],"predecessor-version":[{"id":17643,"href":"https:\/\/keune.ba\/webshop\/wp-json\/wp\/v2\/product\/17642\/revisions\/17643"}],"wp:featuredmedia":[{"embeddable":true,"href":"https:\/\/keune.ba\/webshop\/wp-json\/wp\/v2\/media\/17565"}],"wp:attachment":[{"href":"https:\/\/keune.ba\/webshop\/wp-json\/wp\/v2\/media?parent=17642"}],"wp:term":[{"taxonomy":"product_brand","embeddable":true,"href":"https:\/\/keune.ba\/webshop\/wp-json\/wp\/v2\/product_brand?post=17642"},{"taxonomy":"product_cat","embeddable":true,"href":"https:\/\/keune.ba\/webshop\/wp-json\/wp\/v2\/product_cat?post=17642"},{"taxonomy":"product_tag","embeddable":true,"href":"https:\/\/keune.ba\/webshop\/wp-json\/wp\/v2\/product_tag?post=17642"}],"curies":[{"name":"wp","href":"https:\/\/api.w.org\/{rel}","templated":true}]}}