{"id":17644,"date":"2025-09-04T13:56:59","date_gmt":"2025-09-04T11:56:59","guid":{"rendered":"https:\/\/keune.ba\/webshop\/?post_type=product&#038;p=17644"},"modified":"2025-12-18T16:03:04","modified_gmt":"2025-12-18T15:03:04","slug":"color-brillianz-anti-fade-shampoo","status":"publish","type":"product","link":"https:\/\/keune.ba\/webshop\/color-brillianz-anti-fade-shampoo\/","title":{"rendered":"Color Brillianz \u2014 Anti-fade Shampoo"},"content":{"rendered":"<p>ZA\u0160TO DJELUJE<br \/>\n\u2192 \u0160titi od blije\u0111enja boje<br \/>\nZadr\u017eava pigmente kako bi kosa du\u017ee ostala intenzivna<br \/>\n\u2192 Nje\u017eno \u010di\u0161\u0107enje<br \/>\nNe skida boju ili prirodnu vla\u017enost<br \/>\n\u2192 Poja\u010dava sjaj i zagla\u0111enost kose<br \/>\n\u010cini kosu sjajnom, mekom i blje\u0161tavom<br \/>\n\u2192 \u0160titi od UV zraka i zaga\u0111enja<br \/>\n\u0160titi boju od blije\u0111enja i o\u0161te\u0107enja uzrokovanih okoli\u0161em<\/p>\n<p>ZA KOGA JE<br \/>\nZa sve tko ima obojenu kosu i \u017eeli du\u017ee zadr\u017eati<br \/>\nvibrantnost boje.<\/p>\n<p>REZULTATI<br \/>\n\u2192 Kosa je do 80% nahranjenija*<br \/>\n\u2192 Dugotrajan intenzitet boje do 24 pranja<br \/>\n\u2192 Za\u0161tita boje od blije\u0111enja do 8 tjedana**<br \/>\n\u2192 Za\u0161tita od UV zra\u010denja<br \/>\n\u2192 Hidratizira i zagla\u0111uje, za zdravu i blje\u0161tavu kosu<\/p>\n<p>NA\u010cIN KORI\u0160TENJA<br \/>\nNanesite na vla\u017enu kosu, zapjenite i isperite.<br \/>\nPonovite ako je potrebno.<\/p>\n<p>*Instrumentalni test nakon 1 primjene proizvoda Anti-fade Shampoo + Anti-fade Mask u usporedbi primjene \u0161ampona bez regeneratora<br \/>\n**Instrumentalni test. Izvr\u0161en na kosi tretiranoj s bojom Tinta Color 7. 46RI pra\u0107enom proizvodima Anti-fade Shampoo + Anti-fade Mask + Anti-fade Color Protection Spray<\/p>\n","protected":false},"excerpt":{"rendered":"<p>Zadr\u017eite svje\u017einu i svjetlo\u0107u va\u0161e boje koriste\u0107i na\u0161 Color Brillianz Anti-Fade Shampoo,<br \/>\nposebno formuliran da nje\u017eno \u010disti dok istovremeno odr\u017eava intenzitet obojane<br \/>\nkose. Sa sastojcima koji zaklju\u010davaju boju i antioksidansima, ova formula poma\u017ee<br \/>\nu sprje\u010davanju blije\u0111enja, poja\u010davanju sjaja i za\u0161titi od okoli\u0161nih uzro\u010dnika stresa<\/p>\n","protected":false},"featured_media":17566,"template":"","meta":{"_acf_changed":false},"product_brand":[],"product_cat":[704,743,657,699,663],"product_tag":[],"class_list":{"0":"post-17644","1":"product","2":"type-product","3":"status-publish","4":"has-post-thumbnail","6":"product_cat-care","7":"product_cat-color-brillianz","8":"product_cat-njega-kose","9":"product_cat-robna-marka","10":"product_cat-sampon","12":"first","13":"instock","14":"taxable","15":"shipping-taxable","16":"purchasable","17":"product-type-simple"},"acf":[],"_links":{"self":[{"href":"https:\/\/keune.ba\/webshop\/wp-json\/wp\/v2\/product\/17644","targetHints":{"allow":["GET"]}}],"collection":[{"href":"https:\/\/keune.ba\/webshop\/wp-json\/wp\/v2\/product"}],"about":[{"href":"https:\/\/keune.ba\/webshop\/wp-json\/wp\/v2\/types\/product"}],"version-history":[{"count":1,"href":"https:\/\/keune.ba\/webshop\/wp-json\/wp\/v2\/product\/17644\/revisions"}],"predecessor-version":[{"id":17645,"href":"https:\/\/keune.ba\/webshop\/wp-json\/wp\/v2\/product\/17644\/revisions\/17645"}],"wp:featuredmedia":[{"embeddable":true,"href":"https:\/\/keune.ba\/webshop\/wp-json\/wp\/v2\/media\/17566"}],"wp:attachment":[{"href":"https:\/\/keune.ba\/webshop\/wp-json\/wp\/v2\/media?parent=17644"}],"wp:term":[{"taxonomy":"product_brand","embeddable":true,"href":"https:\/\/keune.ba\/webshop\/wp-json\/wp\/v2\/product_brand?post=17644"},{"taxonomy":"product_cat","embeddable":true,"href":"https:\/\/keune.ba\/webshop\/wp-json\/wp\/v2\/product_cat?post=17644"},{"taxonomy":"product_tag","embeddable":true,"href":"https:\/\/keune.ba\/webshop\/wp-json\/wp\/v2\/product_tag?post=17644"}],"curies":[{"name":"wp","href":"https:\/\/api.w.org\/{rel}","templated":true}]}}