{"id":17646,"date":"2025-09-04T13:56:59","date_gmt":"2025-09-04T11:56:59","guid":{"rendered":"https:\/\/keune.ba\/webshop\/?post_type=product&#038;p=17646"},"modified":"2025-12-18T16:03:07","modified_gmt":"2025-12-18T15:03:07","slug":"color-brillianz-anti-fade-conditioner","status":"publish","type":"product","link":"https:\/\/keune.ba\/webshop\/color-brillianz-anti-fade-conditioner\/","title":{"rendered":"Color Brillianz \u2014 Anti-fade Conditioner"},"content":{"rendered":"<p>ZA\u0160TO DJELUJE<br \/>\n\u2192 Sprje\u010dava blije\u0111enje boje<br \/>\nZaklju\u010dava pigmente kako bi boja ostala<br \/>\nodva\u017ena i nepromijenjena<br \/>\n\u2192 Dubinski hidratizira i olak\u0161ava<br \/>\nra\u0161\u0107e\u0161ljavanje<br \/>\nHidrira kosu ne ote\u017eavaju\u0107i je<br \/>\n\u2192 Poja\u010dava sjaj i zagla\u0111enost boje<br \/>\nPobolj\u0161ava reflektiranje svjetlosti za intenzivan<br \/>\nizgled<br \/>\n\u2192 \u0160titi od UV zraka i zaga\u0111enja<br \/>\n\u0160titi boju od vanjskih utjeca<\/p>\n<p>ZA KOGA JE<br \/>\nZa sve tko ima obojenu kosu i \u017eeli du\u017ee zadr\u017eati<br \/>\nvibrantnost boje.<\/p>\n<p>REZULTATI<br \/>\n\u2192 Kosa je nahranjena<br \/>\n\u2192 Dugotrajan intenzitet boje uz za\u0161titu od<br \/>\nblije\u0111enja<br \/>\n\u2192 Za\u0161tita od UV zra\u010denja<br \/>\n\u2192 Hidratizira i zagla\u0111uje, za zdravu i blje\u0161tavu kosu<\/p>\n<p>NA\u010cIN KORI\u0160TENJA<br \/>\nNanesite na \u0161amponiranu kosu, ostavite 1\u20133<br \/>\nminute, zatim temeljito isperite.<\/p>\n","protected":false},"excerpt":{"rendered":"<p>Za\u0161titite i usavr\u0161ite svoju obojenu kosu uz Color Brillianz Anti-Fade Conditioner,<br \/>\nregenerator protiv blije\u0111enja boje, stru\u010dno formuliran za hidrataciju, zagla\u0111ivanje i<br \/>\no\u010duvanje \u017eivosti boje. Ova hranjiva,<br \/>\nformula sigurna za boju poma\u017ee u zatvaranju kutikule, smanjenju blije\u0111enja i<br \/>\npoja\u010davanju sjaja, ostavljaju\u0107i va\u0161u kosu svilenkasto mekom, blistavom i punom \u017eivota<br \/>\n&#8211; bez ugro\u017eavanja va\u0161e boje.<\/p>\n","protected":false},"featured_media":17567,"template":"","meta":{"_acf_changed":false},"product_brand":[],"product_cat":[704,743,657,664,699],"product_tag":[],"class_list":{"0":"post-17646","1":"product","2":"type-product","3":"status-publish","4":"has-post-thumbnail","6":"product_cat-care","7":"product_cat-color-brillianz","8":"product_cat-njega-kose","9":"product_cat-regenerator","10":"product_cat-robna-marka","12":"first","13":"instock","14":"taxable","15":"shipping-taxable","16":"purchasable","17":"product-type-simple"},"acf":[],"_links":{"self":[{"href":"https:\/\/keune.ba\/webshop\/wp-json\/wp\/v2\/product\/17646","targetHints":{"allow":["GET"]}}],"collection":[{"href":"https:\/\/keune.ba\/webshop\/wp-json\/wp\/v2\/product"}],"about":[{"href":"https:\/\/keune.ba\/webshop\/wp-json\/wp\/v2\/types\/product"}],"version-history":[{"count":1,"href":"https:\/\/keune.ba\/webshop\/wp-json\/wp\/v2\/product\/17646\/revisions"}],"predecessor-version":[{"id":17647,"href":"https:\/\/keune.ba\/webshop\/wp-json\/wp\/v2\/product\/17646\/revisions\/17647"}],"wp:featuredmedia":[{"embeddable":true,"href":"https:\/\/keune.ba\/webshop\/wp-json\/wp\/v2\/media\/17567"}],"wp:attachment":[{"href":"https:\/\/keune.ba\/webshop\/wp-json\/wp\/v2\/media?parent=17646"}],"wp:term":[{"taxonomy":"product_brand","embeddable":true,"href":"https:\/\/keune.ba\/webshop\/wp-json\/wp\/v2\/product_brand?post=17646"},{"taxonomy":"product_cat","embeddable":true,"href":"https:\/\/keune.ba\/webshop\/wp-json\/wp\/v2\/product_cat?post=17646"},{"taxonomy":"product_tag","embeddable":true,"href":"https:\/\/keune.ba\/webshop\/wp-json\/wp\/v2\/product_tag?post=17646"}],"curies":[{"name":"wp","href":"https:\/\/api.w.org\/{rel}","templated":true}]}}