{"id":17652,"date":"2025-09-04T13:56:59","date_gmt":"2025-09-04T11:56:59","guid":{"rendered":"https:\/\/keune.ba\/webshop\/?post_type=product&#038;p=17652"},"modified":"2025-12-18T16:03:07","modified_gmt":"2025-12-18T15:03:07","slug":"absolute-volume-amplifying-shampoo","status":"publish","type":"product","link":"https:\/\/keune.ba\/webshop\/absolute-volume-amplifying-shampoo\/","title":{"rendered":"Absolute Volume \u2014 Amplifying Shampoo"},"content":{"rendered":"<p>ZA\u0160TO DJELUJE<br \/>\n\u2192 Dodaje trenuta\u010dni volumen i puno\u0107u<br \/>\nPodi\u017ee kosu od korijena, za prirodno puniji<br \/>\nizgled<br \/>\n\u2192 Lagano \u010di\u0161\u0107enje<br \/>\nUklanja naslage ne ote\u017eavaju\u0107i kosu<br \/>\n\u2192 Pobolj\u0161ava elasti\u010dnost i pokretnost<br \/>\n\u010cini kosu mekom, \u017eivahnom i laganom na dodir<br \/>\n\u2192 Priprema kosu za stiliziranje<br \/>\nStvara idealnu osnovu za voluminozne frizu<\/p>\n<p>ZA KOGA JE<br \/>\nZa sve s ravnom, tankom ili kosom bez volumena<br \/>\nkojoj je potrebno poja\u010davanje.<\/p>\n<p>REZULTATI<br \/>\n\u2192 78% vi\u0161e volumena*<br \/>\n\u2192 Ispunjena kosa<br \/>\n\u2192 Pove\u0107ava osje\u0107aj puno\u0107e<br \/>\n\u2192 Dubinski \u010disti kosu, daju\u0107i joj volumen<br \/>\ni svje\u017e izgled<br \/>\n\u2192 Tekstura, podizanje i efekt u\u010dvr\u0161\u010divanja za lak\u0161e<br \/>\noblikovanje<\/p>\n<p>NA\u010cIN KORI\u0160TENJA<br \/>\nNanesite na vla\u017enu kosu, zapjenite i isperite.<br \/>\nPonovite ako je potrebno.<\/p>\n","protected":false},"excerpt":{"rendered":"<p>Poja\u010dajte svoju frizuru koriste\u0107i Absolute Volume Amplifying Shampoo koji u\u010dinkovito<br \/>\n\u010disti &#8211; uklanja nakupine ne\u010disto\u0107a i daje kosi lagan osje\u0107aj i veliki volumen.<\/p>\n","protected":false},"featured_media":17571,"template":"","meta":{"_acf_changed":false},"product_brand":[],"product_cat":[744,704,657,699,663],"product_tag":[],"class_list":{"0":"post-17652","1":"product","2":"type-product","3":"status-publish","4":"has-post-thumbnail","6":"product_cat-absolute-volume","7":"product_cat-care","8":"product_cat-njega-kose","9":"product_cat-robna-marka","10":"product_cat-sampon","12":"first","13":"instock","14":"taxable","15":"shipping-taxable","16":"purchasable","17":"product-type-simple"},"acf":[],"_links":{"self":[{"href":"https:\/\/keune.ba\/webshop\/wp-json\/wp\/v2\/product\/17652","targetHints":{"allow":["GET"]}}],"collection":[{"href":"https:\/\/keune.ba\/webshop\/wp-json\/wp\/v2\/product"}],"about":[{"href":"https:\/\/keune.ba\/webshop\/wp-json\/wp\/v2\/types\/product"}],"version-history":[{"count":1,"href":"https:\/\/keune.ba\/webshop\/wp-json\/wp\/v2\/product\/17652\/revisions"}],"predecessor-version":[{"id":17653,"href":"https:\/\/keune.ba\/webshop\/wp-json\/wp\/v2\/product\/17652\/revisions\/17653"}],"wp:featuredmedia":[{"embeddable":true,"href":"https:\/\/keune.ba\/webshop\/wp-json\/wp\/v2\/media\/17571"}],"wp:attachment":[{"href":"https:\/\/keune.ba\/webshop\/wp-json\/wp\/v2\/media?parent=17652"}],"wp:term":[{"taxonomy":"product_brand","embeddable":true,"href":"https:\/\/keune.ba\/webshop\/wp-json\/wp\/v2\/product_brand?post=17652"},{"taxonomy":"product_cat","embeddable":true,"href":"https:\/\/keune.ba\/webshop\/wp-json\/wp\/v2\/product_cat?post=17652"},{"taxonomy":"product_tag","embeddable":true,"href":"https:\/\/keune.ba\/webshop\/wp-json\/wp\/v2\/product_tag?post=17652"}],"curies":[{"name":"wp","href":"https:\/\/api.w.org\/{rel}","templated":true}]}}