{"id":17654,"date":"2025-09-04T13:56:59","date_gmt":"2025-09-04T11:56:59","guid":{"rendered":"https:\/\/keune.ba\/webshop\/?post_type=product&#038;p=17654"},"modified":"2025-12-18T16:03:07","modified_gmt":"2025-12-18T15:03:07","slug":"absolute-volume-amplifying-conditioner","status":"publish","type":"product","link":"https:\/\/keune.ba\/webshop\/absolute-volume-amplifying-conditioner\/","title":{"rendered":"Absolute Volume \u2014 Amplifying Conditioner"},"content":{"rendered":"<p>ZA\u0160TO DJELUJE<br \/>\n\u2192 Poja\u010dava volumen i ispunjenost<br \/>\nDodaje puno\u0107u bez te\u017eine<br \/>\n\u2192 Razmrsuje i omek\u0161ava<br \/>\n\u010cini kosu svilenkasto glatkom i lakom za<br \/>\nodr\u017eavanje<br \/>\n\u2192 Lagana hidratacija<br \/>\nHidrira kosu ne spu\u0161taju\u0107i va\u0161u frizuru<br \/>\n\u2192 Pobolj\u0161ava prirodnu pokretljivost<br \/>\nOdr\u017eava kosu laganom, elasti\u010dnom i spremnom<br \/>\nza stiliziranje<\/p>\n<p>ZA KOGA JE<br \/>\nZa sve s ravnom, tankom ili kosom bez volumena<br \/>\nkojoj je potrebno poja\u010davanje.<\/p>\n<p>REZULTATI<br \/>\n\u2192 78% vi\u0161e volumena*<br \/>\n\u2192 Punija kosa<br \/>\n\u2192 Pove\u0107an osje\u0107aj puno\u0107e<br \/>\n\u2192 Regenerirana kosa, daje volumen i svje\u017e izgled<br \/>\n\u2192 Tekstura, podizanje i efekt u\u010dvr\u0161\u010divanja za lak\u0161e<br \/>\noblikovanje<\/p>\n<p>NA\u010cIN KORI\u0160TENJA<br \/>\nNanesite na \u0161amponiranu kosu, ostavite 1\u20133<br \/>\nminute, zatim temeljito isperite.<\/p>\n","protected":false},"excerpt":{"rendered":"<p>Poja\u010dajte ravnu, rijetku kosu s Absolute Volume Amplifying Conditioner, mega<br \/>\nvoluminiziraju\u0107om formulom koja podi\u017ee kosu od korijena, dok je istovremeno lagano<br \/>\nhidratizira. Kosa djeluje svje\u017ee, prozra\u010dno i puna pokretljivosti.<\/p>\n","protected":false},"featured_media":17572,"template":"","meta":{"_acf_changed":false},"product_brand":[],"product_cat":[744,704,657,664,699],"product_tag":[],"class_list":{"0":"post-17654","1":"product","2":"type-product","3":"status-publish","4":"has-post-thumbnail","6":"product_cat-absolute-volume","7":"product_cat-care","8":"product_cat-njega-kose","9":"product_cat-regenerator","10":"product_cat-robna-marka","12":"first","13":"instock","14":"taxable","15":"shipping-taxable","16":"purchasable","17":"product-type-simple"},"acf":[],"_links":{"self":[{"href":"https:\/\/keune.ba\/webshop\/wp-json\/wp\/v2\/product\/17654","targetHints":{"allow":["GET"]}}],"collection":[{"href":"https:\/\/keune.ba\/webshop\/wp-json\/wp\/v2\/product"}],"about":[{"href":"https:\/\/keune.ba\/webshop\/wp-json\/wp\/v2\/types\/product"}],"version-history":[{"count":1,"href":"https:\/\/keune.ba\/webshop\/wp-json\/wp\/v2\/product\/17654\/revisions"}],"predecessor-version":[{"id":17655,"href":"https:\/\/keune.ba\/webshop\/wp-json\/wp\/v2\/product\/17654\/revisions\/17655"}],"wp:featuredmedia":[{"embeddable":true,"href":"https:\/\/keune.ba\/webshop\/wp-json\/wp\/v2\/media\/17572"}],"wp:attachment":[{"href":"https:\/\/keune.ba\/webshop\/wp-json\/wp\/v2\/media?parent=17654"}],"wp:term":[{"taxonomy":"product_brand","embeddable":true,"href":"https:\/\/keune.ba\/webshop\/wp-json\/wp\/v2\/product_brand?post=17654"},{"taxonomy":"product_cat","embeddable":true,"href":"https:\/\/keune.ba\/webshop\/wp-json\/wp\/v2\/product_cat?post=17654"},{"taxonomy":"product_tag","embeddable":true,"href":"https:\/\/keune.ba\/webshop\/wp-json\/wp\/v2\/product_tag?post=17654"}],"curies":[{"name":"wp","href":"https:\/\/api.w.org\/{rel}","templated":true}]}}