{"id":17656,"date":"2025-09-04T13:56:59","date_gmt":"2025-09-04T11:56:59","guid":{"rendered":"https:\/\/keune.ba\/webshop\/?post_type=product&#038;p=17656"},"modified":"2025-12-18T16:03:08","modified_gmt":"2025-12-18T15:03:08","slug":"absolute-volume-lift-and-grip-thermal-spray","status":"publish","type":"product","link":"https:\/\/keune.ba\/webshop\/absolute-volume-lift-and-grip-thermal-spray\/","title":{"rendered":"Absolute Volume \u2014 Lift and Grip Thermal Spray"},"content":{"rendered":"<p>ZA\u0160TO DJELUJE<br \/>\n\u2192 Trenuta\u010dno podizanje korijena<br \/>\nDodaje visinu i strukturu to\u010dno tamo gdje<br \/>\nvam je potrebna<br \/>\n\u2192 Dugotrajni volumen<br \/>\nDonosi puno\u0107u koja traje<br \/>\n\u2192 Fleksibilno u\u010dvr\u0161\u0107enje<br \/>\nOsigurava laganu \u010dvrsto\u0107u za kosu pogodnu<br \/>\nza stiliziranje i prirodno kretanje<br \/>\n\u2192 Neljepljiv, beste\u017einski osje\u0107aj<br \/>\nOdr\u017eava kosu mekom, prozra\u010dnom<br \/>\ni slobodnom, ne talo\u017ei se<\/p>\n<p>ZA KOGA JE<br \/>\nZa sve s ravnom, tankom ili kosom bez volumena<br \/>\nkojoj je potrebno poja\u010davanje.<\/p>\n<p>REZULTATI<br \/>\n\u2192 Punija kosa<br \/>\n\u2192 Pove\u0107ava osje\u0107aj puno\u0107e<br \/>\n\u2192 Tekstura, podizanje i efekt u\u010dvr\u0161\u010divanja za lak\u0161e<br \/>\noblikovanje<br \/>\n\u2192 Produ\u017euje vijek voluminoznih frizura<br \/>\n\u2192 Toplinska za\u0161tita do 230\u00b0C\/450\u00b0F<\/p>\n<p>NA\u010cIN KORI\u0160TENJA<br \/>\nIzda\u0161no naprskajte na kosu su\u0161enu ru\u010dnikom<br \/>\ni stilizirajte prema \u017eelji.<\/p>\n","protected":false},"excerpt":{"rendered":"<p>Dosegnite nove visine s ovim tretmanom koji daje teksturu, Absolute Volume Lift and Sadr\u017eaj<br \/>\nGrip Thermal Spray daje strukturu kosi, podizanje i fleksibilnu \u010dvrsto\u0107u za trajno bujnu,<br \/>\nna dodir ugodnu kosu.<\/p>\n","protected":false},"featured_media":17573,"template":"","meta":{"_acf_changed":false},"product_brand":[],"product_cat":[744,704,657,699,670],"product_tag":[],"class_list":{"0":"post-17656","1":"product","2":"type-product","3":"status-publish","4":"has-post-thumbnail","6":"product_cat-absolute-volume","7":"product_cat-care","8":"product_cat-njega-kose","9":"product_cat-robna-marka","10":"product_cat-sprej","12":"first","13":"instock","14":"taxable","15":"shipping-taxable","16":"purchasable","17":"product-type-simple"},"acf":[],"_links":{"self":[{"href":"https:\/\/keune.ba\/webshop\/wp-json\/wp\/v2\/product\/17656","targetHints":{"allow":["GET"]}}],"collection":[{"href":"https:\/\/keune.ba\/webshop\/wp-json\/wp\/v2\/product"}],"about":[{"href":"https:\/\/keune.ba\/webshop\/wp-json\/wp\/v2\/types\/product"}],"version-history":[{"count":1,"href":"https:\/\/keune.ba\/webshop\/wp-json\/wp\/v2\/product\/17656\/revisions"}],"predecessor-version":[{"id":17657,"href":"https:\/\/keune.ba\/webshop\/wp-json\/wp\/v2\/product\/17656\/revisions\/17657"}],"wp:featuredmedia":[{"embeddable":true,"href":"https:\/\/keune.ba\/webshop\/wp-json\/wp\/v2\/media\/17573"}],"wp:attachment":[{"href":"https:\/\/keune.ba\/webshop\/wp-json\/wp\/v2\/media?parent=17656"}],"wp:term":[{"taxonomy":"product_brand","embeddable":true,"href":"https:\/\/keune.ba\/webshop\/wp-json\/wp\/v2\/product_brand?post=17656"},{"taxonomy":"product_cat","embeddable":true,"href":"https:\/\/keune.ba\/webshop\/wp-json\/wp\/v2\/product_cat?post=17656"},{"taxonomy":"product_tag","embeddable":true,"href":"https:\/\/keune.ba\/webshop\/wp-json\/wp\/v2\/product_tag?post=17656"}],"curies":[{"name":"wp","href":"https:\/\/api.w.org\/{rel}","templated":true}]}}