{"id":17660,"date":"2025-09-04T13:56:59","date_gmt":"2025-09-04T11:56:59","guid":{"rendered":"https:\/\/keune.ba\/webshop\/?post_type=product&#038;p=17660"},"modified":"2025-12-18T16:03:08","modified_gmt":"2025-12-18T15:03:08","slug":"velvet-smooth-anti-frizz-shampoo","status":"publish","type":"product","link":"https:\/\/keune.ba\/webshop\/velvet-smooth-anti-frizz-shampoo\/","title":{"rendered":"Velvet Smooth \u2014 Anti-frizz Shampoo"},"content":{"rendered":"<p>ZA\u0160TO DJELUJE<\/p>\n<p>\u2192 Suzbija frizzy efekt i vlagu<br \/>\nStvara za\u0161titnu barijeru za odr\u017eavanje kose<br \/>\nzagla\u0111enom i otmjenom<br \/>\n\u2192 Nje\u017eno \u010disti bez isu\u0161ivanja<br \/>\nUklanja ne\u010disto\u0107e dok istovremeno odr\u017eava<br \/>\nesencijalnu hidriranost<br \/>\n\u2192 Zagla\u0111uje i omek\u0161ava<br \/>\n\u010cini kosu mekom, ugodnom na dodir i lak\u0161om<br \/>\nza odr\u017eavanje<br \/>\n\u2192 Lagana i hidriraju\u0107a<br \/>\nKontrolira frizzzy efekt bez ote\u017eavanja kose<\/p>\n<p>ZA KOGA JE<br \/>\nZa sve s frizzy, grubom ili neposlu\u0161nom kosom.<\/p>\n<p>REZULTATI<br \/>\n\u2192 Frizzy efekt je umanjen do 70%*<br \/>\n\u2192 48-satni anti-frizzy efekt**<br \/>\n\u2192 48-satna za\u0161tita od vlage**<br \/>\n\u2192 Kosa je 64% zagla\u0111enija***<br \/>\n\u2192 Kosa je popravljena za 73%****<\/p>\n<p>NA\u010cIN KORI\u0160TENJA<br \/>\nNanesite na vla\u017enu kosu, proizvoda i isperite.<\/p>\n<p>*Instrumentalni test nakon 1 primjene sredstva Anti-frizz Shampoo + Anti-frizz Mask+ Silkening Polish u usporedbi primjene \u0161ampona bez regeneratora **Instrumentalni test nakon 1 primjene proizvoda Anti-frizz Shampoo + Anti-frizz Mask+<br \/>\nSilkening Polish u usporedbi primjene \u0161ampona bez regeneratora ***Instrumentalni test nakon 1 primjene proizvoda Anti-frizz Shampoo + Anti-frizz Mask u usporedbi primjene \u0161ampona bez regeneratora ****Na osnovi instrumentalnog testa<br \/>\nnakon 5 rutinskih tretmana sa s proizvodima Anti-frizz Shampoo + Anti-frizz Mask<br \/>\nPonovite ako je potrebno.<\/p>\n","protected":false},"excerpt":{"rendered":"<p>Ultimativno rje\u0161enje za zagla\u0111enu kosu bez ispucalosti koja je otporna na vlagu, Velvet<br \/>\nSmooth Anti-frizz Shampoo je biolo\u0161ki dizajniran da \u010disti kosu, dok istovremeno<br \/>\nizgla\u0111uje i omek\u0161ava povr\u0161inski sloj kose.<\/p>\n","protected":false},"featured_media":17575,"template":"","meta":{"_acf_changed":false},"product_brand":[],"product_cat":[704,657,699,663,865],"product_tag":[],"class_list":{"0":"post-17660","1":"product","2":"type-product","3":"status-publish","4":"has-post-thumbnail","6":"product_cat-care","7":"product_cat-njega-kose","8":"product_cat-robna-marka","9":"product_cat-sampon","10":"product_cat-velvet-smooth","12":"first","13":"instock","14":"taxable","15":"shipping-taxable","16":"purchasable","17":"product-type-simple"},"acf":[],"_links":{"self":[{"href":"https:\/\/keune.ba\/webshop\/wp-json\/wp\/v2\/product\/17660","targetHints":{"allow":["GET"]}}],"collection":[{"href":"https:\/\/keune.ba\/webshop\/wp-json\/wp\/v2\/product"}],"about":[{"href":"https:\/\/keune.ba\/webshop\/wp-json\/wp\/v2\/types\/product"}],"version-history":[{"count":1,"href":"https:\/\/keune.ba\/webshop\/wp-json\/wp\/v2\/product\/17660\/revisions"}],"predecessor-version":[{"id":17661,"href":"https:\/\/keune.ba\/webshop\/wp-json\/wp\/v2\/product\/17660\/revisions\/17661"}],"wp:featuredmedia":[{"embeddable":true,"href":"https:\/\/keune.ba\/webshop\/wp-json\/wp\/v2\/media\/17575"}],"wp:attachment":[{"href":"https:\/\/keune.ba\/webshop\/wp-json\/wp\/v2\/media?parent=17660"}],"wp:term":[{"taxonomy":"product_brand","embeddable":true,"href":"https:\/\/keune.ba\/webshop\/wp-json\/wp\/v2\/product_brand?post=17660"},{"taxonomy":"product_cat","embeddable":true,"href":"https:\/\/keune.ba\/webshop\/wp-json\/wp\/v2\/product_cat?post=17660"},{"taxonomy":"product_tag","embeddable":true,"href":"https:\/\/keune.ba\/webshop\/wp-json\/wp\/v2\/product_tag?post=17660"}],"curies":[{"name":"wp","href":"https:\/\/api.w.org\/{rel}","templated":true}]}}