{"id":17662,"date":"2025-09-04T13:56:59","date_gmt":"2025-09-04T11:56:59","guid":{"rendered":"https:\/\/keune.ba\/webshop\/?post_type=product&#038;p=17662"},"modified":"2025-12-18T16:03:08","modified_gmt":"2025-12-18T15:03:08","slug":"velvet-smooth-anti-frizz-conditioner-2","status":"publish","type":"product","link":"https:\/\/keune.ba\/webshop\/velvet-smooth-anti-frizz-conditioner-2\/","title":{"rendered":"Velvet Smooth \u2014 Anti-frizz Conditioner 80ml"},"content":{"rendered":"<p>ZA\u0160TO DJELUJE<br \/>\n\u2192 Trenuta\u010dno zagla\u0111uje i omek\u0161ava<br \/>\n\u010cini kosu mekom na dodir s zagla\u0111enim<br \/>\nizgledom<br \/>\n\u2192 Bori se protiv frizzy efekta i vlage<br \/>\nStvara za\u0161titnu barijeru za dugotrajnu kontrolu<br \/>\n\u2192 Hidratizira kosu ne ote\u017eavaju\u0107i je<br \/>\nOsigurava hidriranost dok istovremeno odr\u017eava<br \/>\nvolumen i pokretljivost<br \/>\n\u2192 Pobolj\u0161ava sjaj i lako\u0107u odr\u017eavanja<br \/>\n\u010cini ure\u0111ivanje lak\u0161im s otmjenim izgledom bez<br \/>\nfrizzy efekta<\/p>\n<p>ZA KOGA JE<br \/>\nZa sve s frizzy, grubom ili neposlu\u0161nom kosom.<\/p>\n<p>REZULTATI<br \/>\n\u2192 Anti-frizzy efekt<br \/>\n\u2192 Efekat protiv vlage<br \/>\n\u2192 Kosa je zagla\u0111enija<br \/>\n\u2192 Kosa je hidratizirana<br \/>\n\u2192 Kosa je lak\u0161a za odr\u017eavan<\/p>\n<p>NA\u010cIN KORI\u0160TENJA<br \/>\nNanesite na \u0161amponiranu kosu, ostavite 1\u20133<br \/>\nminute, zatim temeljito isperite.<\/p>\n","protected":false},"excerpt":{"rendered":"<p>Zadr\u017eite vlagu i zagladite svaku vlas uz Velvet Smooth Anti-Frizz Conditioner, osmi\u0161ljen<br \/>\nza hidrataciju, raspetljavanje i kontrolu frizzy efekta, ova hranjiva formula poma\u017ee u<br \/>\nzatvaranju kutikule, smanjenju neposlu\u0161nih vlasi i ostavlja kosu mekom, glatkom i<br \/>\nprekrasno lakom za oblikovanje.<\/p>\n","protected":false},"featured_media":17576,"template":"","meta":{"_acf_changed":false},"product_brand":[],"product_cat":[704,657,664,699,865],"product_tag":[],"class_list":{"0":"post-17662","1":"product","2":"type-product","3":"status-publish","4":"has-post-thumbnail","6":"product_cat-care","7":"product_cat-njega-kose","8":"product_cat-regenerator","9":"product_cat-robna-marka","10":"product_cat-velvet-smooth","12":"first","13":"instock","14":"taxable","15":"shipping-taxable","16":"purchasable","17":"product-type-simple"},"acf":[],"_links":{"self":[{"href":"https:\/\/keune.ba\/webshop\/wp-json\/wp\/v2\/product\/17662","targetHints":{"allow":["GET"]}}],"collection":[{"href":"https:\/\/keune.ba\/webshop\/wp-json\/wp\/v2\/product"}],"about":[{"href":"https:\/\/keune.ba\/webshop\/wp-json\/wp\/v2\/types\/product"}],"version-history":[{"count":2,"href":"https:\/\/keune.ba\/webshop\/wp-json\/wp\/v2\/product\/17662\/revisions"}],"predecessor-version":[{"id":17749,"href":"https:\/\/keune.ba\/webshop\/wp-json\/wp\/v2\/product\/17662\/revisions\/17749"}],"wp:featuredmedia":[{"embeddable":true,"href":"https:\/\/keune.ba\/webshop\/wp-json\/wp\/v2\/media\/17576"}],"wp:attachment":[{"href":"https:\/\/keune.ba\/webshop\/wp-json\/wp\/v2\/media?parent=17662"}],"wp:term":[{"taxonomy":"product_brand","embeddable":true,"href":"https:\/\/keune.ba\/webshop\/wp-json\/wp\/v2\/product_brand?post=17662"},{"taxonomy":"product_cat","embeddable":true,"href":"https:\/\/keune.ba\/webshop\/wp-json\/wp\/v2\/product_cat?post=17662"},{"taxonomy":"product_tag","embeddable":true,"href":"https:\/\/keune.ba\/webshop\/wp-json\/wp\/v2\/product_tag?post=17662"}],"curies":[{"name":"wp","href":"https:\/\/api.w.org\/{rel}","templated":true}]}}