{"id":17666,"date":"2025-09-04T13:57:13","date_gmt":"2025-09-04T11:57:13","guid":{"rendered":"https:\/\/keune.ba\/webshop\/?post_type=product&#038;p=17666"},"modified":"2025-12-18T16:03:08","modified_gmt":"2025-12-18T15:03:08","slug":"velvet-smooth-anti-frizz-mask","status":"publish","type":"product","link":"https:\/\/keune.ba\/webshop\/velvet-smooth-anti-frizz-mask\/","title":{"rendered":"Velvet Smooth \u2014 Anti-frizz Mask"},"content":{"rendered":"<p>ZA\u0160TO DJELUJE<br \/>\n\u2192 Intenzivno hidratizira i zagla\u0111uje<br \/>\nFormula za dubinsko regeneriranje omek\u0161ava<br \/>\ni obnavlja vla\u017enost kose<br \/>\n\u2192 Dugotrajna kontrola frizzy efekta<br \/>\nStvara barijeru otpornu na vlagu za glatku,<br \/>\notmjenu kosu<br \/>\n\u2192 Popravlja i osna\u017euje<br \/>\nPoma\u017ee u smanjenju lomljenja i zagla\u0111ivanju<br \/>\ngrube, frizzy kose<br \/>\n\u2192 Ostavlja kosu glatkom i sjajnom<br \/>\nPoja\u010dava sjaj i lako\u0107u odr\u017eavanje ne ote\u017eavaju\u0107i kos<\/p>\n<p>ZA KOGA JE<br \/>\nZa sve s frizzy, grubom ili neposlu\u0161nom kosom.<\/p>\n<p>REZULTATI<br \/>\n\u2192 Frizzy efekt je umanjen do 70%*<br \/>\n\u2192 48-satni efekat protiv ispucalosti**<br \/>\n\u2192 48-satna za\u0161tita od vlage**<br \/>\n\u2192 Kosa je 64% gla\u0111a***<br \/>\n\u2192 Kosa je obnovljena za 73%****<\/p>\n<p>NA\u010cIN KORI\u0160TENJA<br \/>\nNanesite na \u0161amponiranu kosu. Nje\u017eno umasirajte<br \/>\ni ostavite 3\u20135 minuta. Opcionalno omotajte kosu<br \/>\nu vru\u0107i ru\u010dnik. Temeljito isperite i osu\u0161ite ru\u010dnikom.<\/p>\n<p>*Instrumentalni test nakon 1 primjene proizvoda Anti-frizz Shampoo + Anti-frizz Mask+ Silkening Polish u usporedbi primjene \u0161ampona bez regeneratora **Instrumentalni test nakon 1 primjene proizvoda Anti-frizz Shampoo + Anti-frizz Mask+<br \/>\nSilkening Polish u usporedbi primjene \u0161ampona bez regeneratora ***Instrumentalni test nakon 1 primjene sredstva Anti-frizz Shampoo + Anti-frizz Mask u usporedbi primjene \u0161ampona bez regeneratora ****Na osnovi instrumentalnog testa<br \/>\nnakon 5 rutinskih tretmana sa s proizvodima Anti-frizz Shampoo + Anti-frizz Mask<\/p>\n","protected":false},"excerpt":{"rendered":"<p>Intenzivno zagladite kosu koriste\u0107i Velvet Smooth Anti-Frizz Mask, bogati, hranjivi<br \/>\ntretman dizajniran da dubinski hidratizira, popravlja i kontrolira frizzy efekt. Ova klini\u010dki<br \/>\ndokazana formula zatvara povr\u0161inski sloj kose, vra\u0107a meko\u0107u i \u010dini kosu zagla\u0111enom,<br \/>\nsvilenkastom i prelijepo lakom za odr\u017eavanje \u2013 s u\u010dincima koji traju.<\/p>\n","protected":false},"featured_media":17578,"template":"","meta":{"_acf_changed":false},"product_brand":[],"product_cat":[704,667,657,699,865],"product_tag":[],"class_list":{"0":"post-17666","1":"product","2":"type-product","3":"status-publish","4":"has-post-thumbnail","6":"product_cat-care","7":"product_cat-maska","8":"product_cat-njega-kose","9":"product_cat-robna-marka","10":"product_cat-velvet-smooth","12":"first","13":"instock","14":"taxable","15":"shipping-taxable","16":"purchasable","17":"product-type-simple"},"acf":[],"_links":{"self":[{"href":"https:\/\/keune.ba\/webshop\/wp-json\/wp\/v2\/product\/17666","targetHints":{"allow":["GET"]}}],"collection":[{"href":"https:\/\/keune.ba\/webshop\/wp-json\/wp\/v2\/product"}],"about":[{"href":"https:\/\/keune.ba\/webshop\/wp-json\/wp\/v2\/types\/product"}],"version-history":[{"count":1,"href":"https:\/\/keune.ba\/webshop\/wp-json\/wp\/v2\/product\/17666\/revisions"}],"predecessor-version":[{"id":17667,"href":"https:\/\/keune.ba\/webshop\/wp-json\/wp\/v2\/product\/17666\/revisions\/17667"}],"wp:featuredmedia":[{"embeddable":true,"href":"https:\/\/keune.ba\/webshop\/wp-json\/wp\/v2\/media\/17578"}],"wp:attachment":[{"href":"https:\/\/keune.ba\/webshop\/wp-json\/wp\/v2\/media?parent=17666"}],"wp:term":[{"taxonomy":"product_brand","embeddable":true,"href":"https:\/\/keune.ba\/webshop\/wp-json\/wp\/v2\/product_brand?post=17666"},{"taxonomy":"product_cat","embeddable":true,"href":"https:\/\/keune.ba\/webshop\/wp-json\/wp\/v2\/product_cat?post=17666"},{"taxonomy":"product_tag","embeddable":true,"href":"https:\/\/keune.ba\/webshop\/wp-json\/wp\/v2\/product_tag?post=17666"}],"curies":[{"name":"wp","href":"https:\/\/api.w.org\/{rel}","templated":true}]}}