{"id":17670,"date":"2025-09-04T13:57:13","date_gmt":"2025-09-04T11:57:13","guid":{"rendered":"https:\/\/keune.ba\/webshop\/?post_type=product&#038;p=17670"},"modified":"2025-12-18T16:03:08","modified_gmt":"2025-12-18T15:03:08","slug":"velvet-smooth-silkening-polish","status":"publish","type":"product","link":"https:\/\/keune.ba\/webshop\/velvet-smooth-silkening-polish\/","title":{"rendered":"Velvet Smooth \u2014 Silkening Polish"},"content":{"rendered":"<p>ZA\u0160TO DJELUJE<br \/>\n\u2192 Osigurava intenzivnu kontrolu frizzy kose<br \/>\nSmiruje \u010dak i najneobuzdaniju kosu za otmjen,<br \/>\nugla\u0111en izgled<br \/>\n\u2192 \u0160titi od vlage<br \/>\nFormira laganu barijeru za sprje\u010davanje ispucalih i neobuzdanih vlasi<br \/>\n\u2192 Dubinski hrani i osna\u017euje kosu<br \/>\nOja\u010dava kosu dok istovremeno vra\u0107a<br \/>\nmeko\u0107u i sjaj<br \/>\n\u2192 Savr\u0161eno za su\u0161enje su\u0161ilom za kosu ili prirodno su\u0161enje na zraku<br \/>\nPobolj\u0161ava glatkost s toplinskom obradom ili bez nje<\/p>\n<p>ZA KOGA JE<br \/>\nZa sve s frizzy, grubom ili neposlu\u0161nom kosom.<\/p>\n<p>REZULTATI<br \/>\n\u2192 Frizzy efekt je umanjen do 70%*<br \/>\n\u2192 48-satni anti-frizzy efekt**<br \/>\n\u2192 48-satna za\u0161tita od vlage**<br \/>\n\u2192 Toplinska za\u0161tita do 230\u00b0C\/450\u00b0F****<\/p>\n<p>NA\u010cIN KORI\u0160TENJA<br \/>\nNanesite koli\u010dinu od nekoliko potiska na vla\u017enu<br \/>\nili suhu kosu i stilizirajte prema \u017eelji.<\/p>\n","protected":false},"excerpt":{"rendered":"<p>Dodajte savr\u0161eni zavr\u0161ni dodir koriste\u0107i Velvet Smooth Silkening Polish, lagani<br \/>\nserum koji pobolj\u0161ava sjaj i koji obuzdava frizzy kosu, zagla\u0111uje neobuzdane vlasi<br \/>\ni daje kosi svijetao, svilenkasto mekan izgled. Djeluje trenuta\u010dno na zatvaranju<br \/>\npovr\u0161inskog sloja, poja\u010davanju sjaja i osiguravanju dugotrajne kontrole frizzy efekta<br \/>\nza besprijekorne, ugla\u0111ene stilove s ili bez toplinske obrade kose.<\/p>\n","protected":false},"featured_media":17580,"template":"","meta":{"_acf_changed":false},"product_brand":[],"product_cat":[704,657,699,671,865],"product_tag":[],"class_list":{"0":"post-17670","1":"product","2":"type-product","3":"status-publish","4":"has-post-thumbnail","6":"product_cat-care","7":"product_cat-njega-kose","8":"product_cat-robna-marka","9":"product_cat-serum","10":"product_cat-velvet-smooth","12":"first","13":"instock","14":"taxable","15":"shipping-taxable","16":"purchasable","17":"product-type-simple"},"acf":[],"_links":{"self":[{"href":"https:\/\/keune.ba\/webshop\/wp-json\/wp\/v2\/product\/17670","targetHints":{"allow":["GET"]}}],"collection":[{"href":"https:\/\/keune.ba\/webshop\/wp-json\/wp\/v2\/product"}],"about":[{"href":"https:\/\/keune.ba\/webshop\/wp-json\/wp\/v2\/types\/product"}],"version-history":[{"count":1,"href":"https:\/\/keune.ba\/webshop\/wp-json\/wp\/v2\/product\/17670\/revisions"}],"predecessor-version":[{"id":17671,"href":"https:\/\/keune.ba\/webshop\/wp-json\/wp\/v2\/product\/17670\/revisions\/17671"}],"wp:featuredmedia":[{"embeddable":true,"href":"https:\/\/keune.ba\/webshop\/wp-json\/wp\/v2\/media\/17580"}],"wp:attachment":[{"href":"https:\/\/keune.ba\/webshop\/wp-json\/wp\/v2\/media?parent=17670"}],"wp:term":[{"taxonomy":"product_brand","embeddable":true,"href":"https:\/\/keune.ba\/webshop\/wp-json\/wp\/v2\/product_brand?post=17670"},{"taxonomy":"product_cat","embeddable":true,"href":"https:\/\/keune.ba\/webshop\/wp-json\/wp\/v2\/product_cat?post=17670"},{"taxonomy":"product_tag","embeddable":true,"href":"https:\/\/keune.ba\/webshop\/wp-json\/wp\/v2\/product_tag?post=17670"}],"curies":[{"name":"wp","href":"https:\/\/api.w.org\/{rel}","templated":true}]}}