{"id":17672,"date":"2025-09-04T13:57:13","date_gmt":"2025-09-04T11:57:13","guid":{"rendered":"https:\/\/keune.ba\/webshop\/?post_type=product&#038;p=17672"},"modified":"2025-12-18T16:03:08","modified_gmt":"2025-12-18T15:03:08","slug":"luminous-coat-luminous-shine-spray","status":"publish","type":"product","link":"https:\/\/keune.ba\/webshop\/luminous-coat-luminous-shine-spray\/","title":{"rendered":"Luminous Coat \u2014 Luminous Shine Spray"},"content":{"rendered":"<p>ZA\u0160TO DJELUJE<br \/>\n\u2192 Lagana hidratacija<br \/>\nHidrira kosu ne ote\u017eavaju\u0107i je<br \/>\n\u2192 Vrhunski sjaj<br \/>\nDaje vrhunski sjaj<br \/>\n\u2192 Svilenkast izgled<br \/>\nZagla\u0111uje i zatvara vlasi kose<br \/>\n\u2192 Kosa je za\u0161ti\u0107ena<br \/>\n\u0160titi od frizzy efekta i vlage<\/p>\n<p>ZA KOGA JE<br \/>\nZa sve s be\u017eivotnom, grubom ili frizzy kosom.<br \/>\nIdealno za fine do srednje teksture kose.<\/p>\n<p>REZULTATI<br \/>\n\u2192 Dugotrajni regeneracijski efekat traje<br \/>\nnajmanje tri pranja*<br \/>\n\u2192 Izuzetno sjajan sjaj<br \/>\n\u2192 Kosa je hidratizirana i obnovljena<br \/>\n\u2192 Fiber Sealing tehnologija zagla\u0111uje povr\u0161inski<br \/>\nsloj kose, daju\u0107i joj sjaj i za\u0161titni sloj<br \/>\n\u2192 \u0160titi kosu od dodatnih o\u0161te\u0107enja<\/p>\n<p>NA\u010cIN KORI\u0160TENJA<br \/>\nNanesite na vla\u017enu kosu i osu\u0161ite su\u0161ilom za kosu<br \/>\nza aktivaciju. Stilizirajte prema \u017eelji.<\/p>\n","protected":false},"excerpt":{"rendered":"<p>Neote\u017eavaju\u0107i sprej s inovativnom Fiber Sealing tehnologijom, Luminous Coat<br \/>\nLuminous Shine Spray je proizvod koje zagla\u0111uje i daje svilenkasto meku hidrataciju<br \/>\nkosi s dugotrajnom za\u0161titom od o\u0161te\u0107enja i vlage.<\/p>\n","protected":false},"featured_media":17581,"template":"","meta":{"_acf_changed":false},"product_brand":[],"product_cat":[704,813,657,699,670],"product_tag":[],"class_list":{"0":"post-17672","1":"product","2":"type-product","3":"status-publish","4":"has-post-thumbnail","6":"product_cat-care","7":"product_cat-luminous-coat","8":"product_cat-njega-kose","9":"product_cat-robna-marka","10":"product_cat-sprej","12":"first","13":"instock","14":"taxable","15":"shipping-taxable","16":"purchasable","17":"product-type-simple"},"acf":[],"_links":{"self":[{"href":"https:\/\/keune.ba\/webshop\/wp-json\/wp\/v2\/product\/17672","targetHints":{"allow":["GET"]}}],"collection":[{"href":"https:\/\/keune.ba\/webshop\/wp-json\/wp\/v2\/product"}],"about":[{"href":"https:\/\/keune.ba\/webshop\/wp-json\/wp\/v2\/types\/product"}],"version-history":[{"count":1,"href":"https:\/\/keune.ba\/webshop\/wp-json\/wp\/v2\/product\/17672\/revisions"}],"predecessor-version":[{"id":17673,"href":"https:\/\/keune.ba\/webshop\/wp-json\/wp\/v2\/product\/17672\/revisions\/17673"}],"wp:featuredmedia":[{"embeddable":true,"href":"https:\/\/keune.ba\/webshop\/wp-json\/wp\/v2\/media\/17581"}],"wp:attachment":[{"href":"https:\/\/keune.ba\/webshop\/wp-json\/wp\/v2\/media?parent=17672"}],"wp:term":[{"taxonomy":"product_brand","embeddable":true,"href":"https:\/\/keune.ba\/webshop\/wp-json\/wp\/v2\/product_brand?post=17672"},{"taxonomy":"product_cat","embeddable":true,"href":"https:\/\/keune.ba\/webshop\/wp-json\/wp\/v2\/product_cat?post=17672"},{"taxonomy":"product_tag","embeddable":true,"href":"https:\/\/keune.ba\/webshop\/wp-json\/wp\/v2\/product_tag?post=17672"}],"curies":[{"name":"wp","href":"https:\/\/api.w.org\/{rel}","templated":true}]}}