{"id":17674,"date":"2025-09-04T13:57:13","date_gmt":"2025-09-04T11:57:13","guid":{"rendered":"https:\/\/keune.ba\/webshop\/?post_type=product&#038;p=17674"},"modified":"2025-12-18T16:03:08","modified_gmt":"2025-12-18T15:03:08","slug":"color-brillianz-anti-fade-sulfate-free-shampoo","status":"publish","type":"product","link":"https:\/\/keune.ba\/webshop\/color-brillianz-anti-fade-sulfate-free-shampoo\/","title":{"rendered":"Color Brillianz \u2014 Anti-fade Sulfate-Free Shampoo"},"content":{"rendered":"<p>ZA\u0160TO DJELUJE<br \/>\n\u2192 \u0160titi od blije\u0111enja boje<br \/>\nZadr\u017eava pigmente kako bi kosa du\u017ee ostala<br \/>\nintenzivna<br \/>\n\u2192 Nje\u017eno \u010di\u0161\u0107enje bez sulfata<br \/>\nNe skida boju ili prirodnu vla\u017enost<br \/>\n\u2192 Poja\u010dava sjaj i zagla\u0111enost kose<br \/>\n\u010cini kosu sjajnom, mekom i blje\u0161tavom<br \/>\n\u2192 \u0160titi od UV zraka i zaga\u0111enja<br \/>\n\u0160titi boju od blije\u0111enja i o\u0161te\u0107enja uzrokovanih<br \/>\nokoli\u0161em<\/p>\n<p>ZA KOGA JE<br \/>\nZa sve tko ima obojenu kosu i \u017eeli du\u017ee zadr\u017eati<br \/>\nvibrantnost boje.<\/p>\n<p>REZULTATI<br \/>\n\u2192 Kosa je do 86% nahranjenija*<br \/>\n\u2192 Dugotrajan intenzitet boje do 24 pranja<br \/>\n\u2192 Za\u0161tita boje od blije\u0111enja<br \/>\n\u2192 Za\u0161tita od UV zra\u010denja<br \/>\n\u2192 Hidratizira i zagla\u0111uje, za zdravu i blje\u0161tavu kosu<br \/>\n\u2192 Bez sulfata<\/p>\n<p>NA\u010cIN KORI\u0160TENJA<br \/>\nNanesite na vla\u017enu kosu, zapjenite i isperite.<br \/>\nPonovite ako je potrebno<\/p>\n<p>*Instrumentalni test nakon 1 primjene proizvoda Anti-fade Sulfate-free Shampoo + Anti-fade Mask u usporedbi primjene \u0161ampona bez regeneratora<\/p>\n","protected":false},"excerpt":{"rendered":"<p>Odr\u017eite svoju boju svje\u017eom i svijetlom koriste\u0107i Sulfate-Free verziju \u0161ampona Color<br \/>\nBrillianz Anti-Fade Shampoo, sa sastojcima za zaklju\u010davanje boje i antioksidansima,<br \/>\nova formula bez sulfata poma\u017ee u sprje\u010davanju blije\u0111enja, poja\u010davanju sjaja i za\u0161titi od<br \/>\nokoli\u0161nih uzro\u010dnika stresa \u2013 tako da va\u0161a boja ostane odva\u017ena i prelijepa od pranja do<br \/>\npranja.<\/p>\n","protected":false},"featured_media":17582,"template":"","meta":{"_acf_changed":false},"product_brand":[],"product_cat":[704,743,657,699,663],"product_tag":[],"class_list":{"0":"post-17674","1":"product","2":"type-product","3":"status-publish","4":"has-post-thumbnail","6":"product_cat-care","7":"product_cat-color-brillianz","8":"product_cat-njega-kose","9":"product_cat-robna-marka","10":"product_cat-sampon","12":"first","13":"instock","14":"taxable","15":"shipping-taxable","16":"purchasable","17":"product-type-simple"},"acf":[],"_links":{"self":[{"href":"https:\/\/keune.ba\/webshop\/wp-json\/wp\/v2\/product\/17674","targetHints":{"allow":["GET"]}}],"collection":[{"href":"https:\/\/keune.ba\/webshop\/wp-json\/wp\/v2\/product"}],"about":[{"href":"https:\/\/keune.ba\/webshop\/wp-json\/wp\/v2\/types\/product"}],"version-history":[{"count":1,"href":"https:\/\/keune.ba\/webshop\/wp-json\/wp\/v2\/product\/17674\/revisions"}],"predecessor-version":[{"id":17675,"href":"https:\/\/keune.ba\/webshop\/wp-json\/wp\/v2\/product\/17674\/revisions\/17675"}],"wp:featuredmedia":[{"embeddable":true,"href":"https:\/\/keune.ba\/webshop\/wp-json\/wp\/v2\/media\/17582"}],"wp:attachment":[{"href":"https:\/\/keune.ba\/webshop\/wp-json\/wp\/v2\/media?parent=17674"}],"wp:term":[{"taxonomy":"product_brand","embeddable":true,"href":"https:\/\/keune.ba\/webshop\/wp-json\/wp\/v2\/product_brand?post=17674"},{"taxonomy":"product_cat","embeddable":true,"href":"https:\/\/keune.ba\/webshop\/wp-json\/wp\/v2\/product_cat?post=17674"},{"taxonomy":"product_tag","embeddable":true,"href":"https:\/\/keune.ba\/webshop\/wp-json\/wp\/v2\/product_tag?post=17674"}],"curies":[{"name":"wp","href":"https:\/\/api.w.org\/{rel}","templated":true}]}}